{"id":16158,"date":"2025-04-24T00:00:04","date_gmt":"2025-03-21T07:07:28","guid":{"rendered":"https:\/\/delices.lu\/produit\/statement-2-becher-hasen\/"},"modified":"2025-03-21T08:07:28","modified_gmt":"2025-03-21T07:07:28","slug":"statement-2-becher-hasen","status":"publish","type":"product","link":"https:\/\/delices.lu\/de\/produit\/statement-2-becher-hasen\/","title":{"rendered":"Statement &#8211; 2 Becher &#8211; Hasen"},"content":{"rendered":"<p><strong>Henkelbecher-Set mit Fr\u00fchlingsdekor f\u00fcr hei\u00dfe und kalte Getr\u00e4nke<\/strong><br \/>\nSchlichte Henkelbecher aus Premium Porcelain: Die Kollektion Statement aus dem Hause Villeroy &amp; Boch besticht durch ihre angenehme Haptik und das minimalistische Dekor, die diese Becher zu perfekten Begleitern im Alltag machen. Die Verpackung aus hochwertigem Karton verleiht dem Set einen zus\u00e4tzlichen Wert und macht es zu einem perfekten Geschenk. F\u00fcr den stilvollen Genuss von Hei\u00dfgetr\u00e4nken in der kalten Jahreszeit: Dieses zweiteilige Set Statement besteht aus Premium Porcelain und wird von einem Dekor und einer Botschaft des Fr\u00fchlings begleitet. W\u00e4hlen Sie ein schlichtes Design mit minimalistischen Linien.   <\/p>\n","protected":false},"excerpt":{"rendered":"<p>Premium Porcelain<br \/>\nca. 280 ml<br \/>\nWei\u00df und Schwarz<br \/>\nGeschirrsp\u00fclmaschinenfest: Ja<br \/>\nMikrowellenfest: Ja<br \/>\nRef: 1016218403<\/p>\n<p>&nbsp;<\/p>\n","protected":false},"featured_media":16161,"template":"","meta":[],"location":[959,1209],"product_brand":[],"product_cat":[2261,740,1310,2163,1309],"product_tag":[2545,2494,1154,2236],"class_list":{"0":"post-16158","1":"product","2":"type-product","3":"status-publish","4":"has-post-thumbnail","6":"location-0-shop","7":"location-0-sous-sol","8":"product_cat-erklarung","9":"product_cat-fruehling","10":"product_cat-ostern","11":"product_cat-tasse-krug","12":"product_cat-villeroy-boch-de","13":"product_tag-bunny-de","14":"product_tag-kaninchen","15":"product_tag-mug-becher","16":"product_tag-set-aus-2-mugs","18":"first","19":"instock","20":"shipping-taxable","21":"purchasable","22":"product-type-simple"},"supplier_id":9071,"supplier_sku":"1016218403","barcode":"4003686434097","atum_controlled":true,"out_stock_date":null,"out_stock_threshold":null,"inheritable":false,"inbound_stock":0,"stock_on_hold":0,"sold_today":0,"sales_last_days":0,"reserved_stock":null,"customer_returns":null,"warehouse_damage":null,"lost_in_post":null,"other_logs":null,"out_stock_days":0,"lost_sales":0,"has_location":true,"update_date":"2025-07-19T06:26:48","atum_locations":[{"id":960,"name":"0 SHOP","slug":"0-shop"},{"id":1208,"name":"0 SOUS SOL","slug":"sous-sol"}],"atum_stock_status":"instock","restock_status":false,"low_stock_amount":"","sales_update_date":"2025-07-19T06:26:48","calc_backorders":0,"locations":[],"_links":{"self":[{"href":"https:\/\/delices.lu\/de\/wp-json\/wp\/v2\/product\/16158","targetHints":{"allow":["GET"]}}],"collection":[{"href":"https:\/\/delices.lu\/de\/wp-json\/wp\/v2\/product"}],"about":[{"href":"https:\/\/delices.lu\/de\/wp-json\/wp\/v2\/types\/product"}],"wp:featuredmedia":[{"embeddable":true,"href":"https:\/\/delices.lu\/de\/wp-json\/wp\/v2\/media\/16161"}],"wp:attachment":[{"href":"https:\/\/delices.lu\/de\/wp-json\/wp\/v2\/media?parent=16158"}],"wp:term":[{"taxonomy":"location","embeddable":true,"href":"https:\/\/delices.lu\/de\/wp-json\/wp\/v2\/location?post=16158"},{"taxonomy":"product_brand","embeddable":true,"href":"https:\/\/delices.lu\/de\/wp-json\/wp\/v2\/product_brand?post=16158"},{"taxonomy":"product_cat","embeddable":true,"href":"https:\/\/delices.lu\/de\/wp-json\/wp\/v2\/product_cat?post=16158"},{"taxonomy":"product_tag","embeddable":true,"href":"https:\/\/delices.lu\/de\/wp-json\/wp\/v2\/product_tag?post=16158"}],"curies":[{"name":"wp","href":"https:\/\/api.w.org\/{rel}","templated":true}]}}