{"id":16171,"date":"2025-04-13T00:00:48","date_gmt":"2025-03-02T05:10:48","guid":{"rendered":"https:\/\/delices.lu\/produit\/statement-lot-de-2-mugs-bunny\/"},"modified":"2025-03-21T08:13:24","modified_gmt":"2025-03-21T07:13:24","slug":"statement-lot-de-2-mugs-bunny","status":"publish","type":"product","link":"https:\/\/delices.lu\/de\/produit\/statement-lot-de-2-mugs-bunny\/","title":{"rendered":"Statement &#8211; 2er-Set Becher &#8211; Bunny"},"content":{"rendered":"<p><strong>Ein originelles und langlebiges Geschenk f\u00fcr Ihre Lieben<\/strong><br \/>\nDiese beliebte Kollektion setzt jetzt auf klare Stilaussagen, ob f\u00fcr sich selbst oder als Geschenk f\u00fcr eine besondere Person. Tassenset aus Premium Porcelain, h\u00fcbsch verpackt mit einer originellen Widmung. <\/p>\n","protected":false},"excerpt":{"rendered":"<p><strong>Statement &#8211; Log von 2 Bechern<br \/>\n<\/strong><strong>&#8220;Some Bunny Loves You&#8221;<br \/>\n<\/strong>Premium Porcelain<br \/>\nca. 280 ml<br \/>\nWei\u00df und Schwarz<br \/>\nGeschirrsp\u00fclmaschinenfest: Ja<br \/>\nMikrowellenfest: Ja<br \/>\nRef: 1016215403<\/p>\n","protected":false},"featured_media":16174,"template":"","meta":[],"location":[959],"product_brand":[1362],"product_cat":[2261,740,1310,2163,1309],"product_tag":[2271,2545,1154,1155],"class_list":{"0":"post-16171","1":"product","2":"type-product","3":"status-publish","4":"has-post-thumbnail","6":"location-0-shop","7":"product_brand-villeroy-boch","8":"product_cat-erklarung","9":"product_cat-fruehling","10":"product_cat-ostern","11":"product_cat-tasse-krug","12":"product_cat-villeroy-boch-de","13":"product_tag-2-stuck","14":"product_tag-bunny-de","15":"product_tag-mug-becher","16":"product_tag-statement-de","18":"first","19":"instock","20":"shipping-taxable","21":"purchasable","22":"product-type-simple"},"supplier_id":9071,"supplier_sku":"1016215403","barcode":null,"atum_controlled":true,"out_stock_date":null,"out_stock_threshold":null,"inheritable":false,"inbound_stock":0,"stock_on_hold":0,"sold_today":0,"sales_last_days":0,"reserved_stock":null,"customer_returns":null,"warehouse_damage":null,"lost_in_post":null,"other_logs":null,"out_stock_days":0,"lost_sales":0,"has_location":true,"update_date":"2025-07-19T06:26:48","atum_locations":[{"id":960,"name":"0 SHOP","slug":"0-shop"}],"atum_stock_status":"instock","restock_status":false,"low_stock_amount":"","sales_update_date":"2025-07-19T06:26:48","calc_backorders":0,"locations":[],"_links":{"self":[{"href":"https:\/\/delices.lu\/de\/wp-json\/wp\/v2\/product\/16171","targetHints":{"allow":["GET"]}}],"collection":[{"href":"https:\/\/delices.lu\/de\/wp-json\/wp\/v2\/product"}],"about":[{"href":"https:\/\/delices.lu\/de\/wp-json\/wp\/v2\/types\/product"}],"wp:featuredmedia":[{"embeddable":true,"href":"https:\/\/delices.lu\/de\/wp-json\/wp\/v2\/media\/16174"}],"wp:attachment":[{"href":"https:\/\/delices.lu\/de\/wp-json\/wp\/v2\/media?parent=16171"}],"wp:term":[{"taxonomy":"location","embeddable":true,"href":"https:\/\/delices.lu\/de\/wp-json\/wp\/v2\/location?post=16171"},{"taxonomy":"product_brand","embeddable":true,"href":"https:\/\/delices.lu\/de\/wp-json\/wp\/v2\/product_brand?post=16171"},{"taxonomy":"product_cat","embeddable":true,"href":"https:\/\/delices.lu\/de\/wp-json\/wp\/v2\/product_cat?post=16171"},{"taxonomy":"product_tag","embeddable":true,"href":"https:\/\/delices.lu\/de\/wp-json\/wp\/v2\/product_tag?post=16171"}],"curies":[{"name":"wp","href":"https:\/\/api.w.org\/{rel}","templated":true}]}}