{"id":16176,"date":"2025-04-24T00:00:40","date_gmt":"2025-03-23T07:28:34","guid":{"rendered":"https:\/\/delices.lu\/produit\/spring-fantasy-becher-familie-530-ml\/"},"modified":"2025-03-23T08:28:34","modified_gmt":"2025-03-23T07:28:34","slug":"spring-fantasy-becher-familie-530-ml","status":"publish","type":"product","link":"https:\/\/delices.lu\/de\/produit\/spring-fantasy-becher-familie-530-ml\/","title":{"rendered":"Spring Fantasy &#8211; Becher &#8211; Familie &#8211; 530 ml"},"content":{"rendered":"<p><strong>Tasse mit niedlichem Hasenmotiv<\/strong><br \/>\nWillkommen in der Welt der Osterzeit voller Poesie mit Villeroy &amp; Boch! In den detailreichen Motiven unserer Spring Fantasy-Kollektion tummeln sich besondere Osterhasen fr\u00f6hlich in einer nostalgischen Welt mit Fr\u00fchlingsgef\u00fchlen. Sie ist ideal als Blickfang auf Ihrem Ostertisch, als dekorative Idee und als charmantes Geschenk. Dieser Henkelbecher wird Sie mit seinen zwei Motiven begeistern. Denn je nachdem, in welcher Hand Sie den Henkel halten, sehen Sie ein anderes Bild der beliebten Kaninchenfamilie: Mama Emma mit Anna im Blumenfeld oder Anna und Max beim Picknick.  Feiern Sie Ostern mit den sch\u00f6n nostalgischen St\u00fccken von Villeroy &amp; Boch.<\/p>\n<p>&nbsp;<\/p>\n","protected":false},"excerpt":{"rendered":"<p><strong>Spring Fantasy &#8211; Tasse<br \/>\n<\/strong>Familie <strong>&#8211; 530 ml<br \/>\n<\/strong>MATERIAL: Premium Porcelain<br \/>\nDURCHMESSER: ca. 105 mm<br \/>\nFARBE: mehrfarbig<br \/>\nGARANTIERT SP\u00dcLGERECHT: Nein<br \/>\nMIKROWELLENKOMPATIBEL: Ja<br \/>\nGESCHENKVERPACKUNG: kostenlos, auf Anfrage<br \/>\nREF. ARTIKEL: 1486444861 <\/p>\n<p>&nbsp;<\/p>\n","protected":false},"featured_media":16177,"template":"","meta":[],"location":[959,980],"product_brand":[],"product_cat":[1354,740,2451,1310,2488,2235,2163,1309],"product_tag":[2274,2272,1154],"class_list":{"0":"post-16176","1":"product","2":"type-product","3":"status-publish","4":"has-post-thumbnail","6":"location-0-shop","7":"location-07-3","8":"product_cat-art-de-la-table-de","9":"product_cat-fruehling","10":"product_cat-neuheiten","11":"product_cat-ostern","12":"product_cat-spring-fantasy-de","13":"product_cat-tasse-de","14":"product_cat-tasse-krug","15":"product_cat-villeroy-boch-de","16":"product_tag-easter-de","17":"product_tag-groser-becher","18":"product_tag-mug-becher","20":"first","21":"instock","22":"shipping-taxable","23":"purchasable","24":"product-type-simple"},"supplier_id":9071,"supplier_sku":"1486444861","barcode":"4003686409316","atum_controlled":true,"out_stock_date":null,"out_stock_threshold":null,"inheritable":false,"inbound_stock":0,"stock_on_hold":0,"sold_today":0,"sales_last_days":0,"reserved_stock":null,"customer_returns":null,"warehouse_damage":null,"lost_in_post":null,"other_logs":null,"out_stock_days":0,"lost_sales":0,"has_location":true,"update_date":"2025-07-19T06:26:48","atum_locations":[{"id":960,"name":"0 SHOP","slug":"0-shop"},{"id":851,"name":"073","slug":"073"}],"atum_stock_status":"instock","restock_status":false,"low_stock_amount":"","sales_update_date":"2025-07-19T06:26:48","calc_backorders":0,"locations":[],"_links":{"self":[{"href":"https:\/\/delices.lu\/de\/wp-json\/wp\/v2\/product\/16176","targetHints":{"allow":["GET"]}}],"collection":[{"href":"https:\/\/delices.lu\/de\/wp-json\/wp\/v2\/product"}],"about":[{"href":"https:\/\/delices.lu\/de\/wp-json\/wp\/v2\/types\/product"}],"wp:featuredmedia":[{"embeddable":true,"href":"https:\/\/delices.lu\/de\/wp-json\/wp\/v2\/media\/16177"}],"wp:attachment":[{"href":"https:\/\/delices.lu\/de\/wp-json\/wp\/v2\/media?parent=16176"}],"wp:term":[{"taxonomy":"location","embeddable":true,"href":"https:\/\/delices.lu\/de\/wp-json\/wp\/v2\/location?post=16176"},{"taxonomy":"product_brand","embeddable":true,"href":"https:\/\/delices.lu\/de\/wp-json\/wp\/v2\/product_brand?post=16176"},{"taxonomy":"product_cat","embeddable":true,"href":"https:\/\/delices.lu\/de\/wp-json\/wp\/v2\/product_cat?post=16176"},{"taxonomy":"product_tag","embeddable":true,"href":"https:\/\/delices.lu\/de\/wp-json\/wp\/v2\/product_tag?post=16176"}],"curies":[{"name":"wp","href":"https:\/\/api.w.org\/{rel}","templated":true}]}}