{"id":16185,"date":"2025-03-22T00:00:32","date_gmt":"2025-03-23T07:28:37","guid":{"rendered":"https:\/\/delices.lu\/produit\/spring-fantasy-schuessel\/"},"modified":"2025-03-23T08:28:37","modified_gmt":"2025-03-23T07:28:37","slug":"spring-fantasy-schuessel","status":"publish","type":"product","link":"https:\/\/delices.lu\/de\/produit\/spring-fantasy-schuessel\/","title":{"rendered":"Spring Fantasy &#8211; Sch\u00fcssel"},"content":{"rendered":"<p>Willkommen in der Welt der poetischen Osterzeit mit Villeroy &amp; Boch! In den detailreichen Motiven unserer Spring Fantasy-Kollektion tummeln sich besondere Osterhasen fr\u00f6hlich in einer nostalgischen Welt mit Fr\u00fchlingsgef\u00fchlen. Sie ist ideal als Blickfang auf Ihrem Ostertisch, als dekorative Idee und als charmantes Geschenk. Diese kleine Schale ist liebevoll dekoriert. In der Mitte befindet sich der Hase Anna. Sie eignet sich f\u00fcr ein gem\u00fctliches Fr\u00fchst\u00fcck oder als Dekoration.<br \/>\nFeiern Sie Ostern mit den sch\u00f6n nostalgischen St\u00fccken von Villeroy &amp; Boch.  <\/p>\n<p>&nbsp;<\/p>\n","protected":false},"excerpt":{"rendered":"<p><strong>Spring Fantasy kleine Schale<\/strong><strong><br \/>\n<\/strong>MATERIAL: Premium Porcelain<br \/>\nDURCHMESSER: ca. 175 mm<br \/>\nGR\u00d6\u00dfE: ca. 580 ml<br \/>\nFARBE: mehrfarbig<br \/>\nGARANTIERT SP\u00dcLGERECHT: Nein<br \/>\nMIKROWELLENKOMPATIBEL: Ja<br \/>\nGESCHENKVERPACKUNG: kostenlos, auf Anfrage<br \/>\nREF. ARTIKEL: 1486441900 <\/p>\n<p>&nbsp;<\/p>\n","protected":false},"featured_media":16186,"template":"","meta":[],"location":[959,979],"product_brand":[],"product_cat":[1354,1355,1356,740,1310,2488,1309],"product_tag":[1358],"class_list":{"0":"post-16185","1":"product","2":"type-product","3":"status-publish","4":"has-post-thumbnail","6":"location-0-shop","7":"location-07-2","8":"product_cat-art-de-la-table-de","9":"product_cat-bol-de","10":"product_cat-coupe-de","11":"product_cat-fruehling","12":"product_cat-ostern","13":"product_cat-spring-fantasy-de","14":"product_cat-villeroy-boch-de","15":"product_tag-coupe-de","17":"first","18":"instock","19":"shipping-taxable","20":"purchasable","21":"product-type-simple"},"supplier_id":9071,"supplier_sku":"1486441900","barcode":"4003686409309","atum_controlled":true,"out_stock_date":null,"out_stock_threshold":null,"inheritable":false,"inbound_stock":0,"stock_on_hold":0,"sold_today":0,"sales_last_days":0,"reserved_stock":0,"customer_returns":0,"warehouse_damage":0,"lost_in_post":0,"other_logs":0,"out_stock_days":0,"lost_sales":0,"has_location":false,"update_date":"2025-07-19T06:26:47","atum_locations":[{"id":960,"name":"0 SHOP","slug":"0-shop"},{"id":850,"name":"072","slug":"072"}],"atum_stock_status":"instock","restock_status":false,"low_stock_amount":"","sales_update_date":"2025-07-19T06:26:47","calc_backorders":0,"locations":[],"_links":{"self":[{"href":"https:\/\/delices.lu\/de\/wp-json\/wp\/v2\/product\/16185","targetHints":{"allow":["GET"]}}],"collection":[{"href":"https:\/\/delices.lu\/de\/wp-json\/wp\/v2\/product"}],"about":[{"href":"https:\/\/delices.lu\/de\/wp-json\/wp\/v2\/types\/product"}],"wp:featuredmedia":[{"embeddable":true,"href":"https:\/\/delices.lu\/de\/wp-json\/wp\/v2\/media\/16186"}],"wp:attachment":[{"href":"https:\/\/delices.lu\/de\/wp-json\/wp\/v2\/media?parent=16185"}],"wp:term":[{"taxonomy":"location","embeddable":true,"href":"https:\/\/delices.lu\/de\/wp-json\/wp\/v2\/location?post=16185"},{"taxonomy":"product_brand","embeddable":true,"href":"https:\/\/delices.lu\/de\/wp-json\/wp\/v2\/product_brand?post=16185"},{"taxonomy":"product_cat","embeddable":true,"href":"https:\/\/delices.lu\/de\/wp-json\/wp\/v2\/product_cat?post=16185"},{"taxonomy":"product_tag","embeddable":true,"href":"https:\/\/delices.lu\/de\/wp-json\/wp\/v2\/product_tag?post=16185"}],"curies":[{"name":"wp","href":"https:\/\/api.w.org\/{rel}","templated":true}]}}