{"id":16195,"date":"2024-12-21T00:00:22","date_gmt":"2025-03-23T07:42:19","guid":{"rendered":"https:\/\/delices.lu\/produit\/set-aus-3-keksdosen\/"},"modified":"2025-03-23T08:42:19","modified_gmt":"2025-03-23T07:42:19","slug":"set-aus-3-keksdosen","status":"publish","type":"product","link":"https:\/\/delices.lu\/de\/produit\/set-aus-3-keksdosen\/","title":{"rendered":"Set aus 3 Keksdosen"},"content":{"rendered":"<p><strong>Festliche Dekoration f\u00fcr Tisch und Haus<\/strong><br \/>\nDie Kollektion Winter Collage Accessoires ist Teil der umfangreichen Weihnachtswelt von Villeroy &amp; Boch. Hier finden Sie die passenden Accessoires, um Ihrer Festtafel, Ihrem Baum und Ihrem Zuhause den letzten weihnachtlichen Schliff zu verleihen. Diese drei sch\u00f6n verzierten Metalldosen sind ideal f\u00fcr die Aufbewahrung von Geb\u00e4ck und anderen kleinen Gegenst\u00e4nden. Wenn sie nicht gebraucht werden, k\u00f6nnen sie platzsparend ineinander gestellt werden. Dekorieren Sie Ihr Zuhause auf festliche Weise.   <\/p>\n","protected":false},"excerpt":{"rendered":"<p><strong>Winter Collage Zubeh\u00f6r  <\/strong><br \/>\n<strong>Set 3 Keksdosen<\/strong><br \/>\nMaterial: Metall<br \/>\nMa\u00dfe: 3 verschiedene Gr\u00f6\u00dfen<br \/>\nMenge: 3 St\u00fcck<br \/>\nMehrfarbig<br \/>\nArtikelnummer 3593910070 <\/p>\n","protected":false},"featured_media":0,"template":"","meta":[],"location":[959,928],"product_brand":[],"product_cat":[2491,1311,1309,2230],"product_tag":[2492,2500,2549,2548],"class_list":{"0":"post-16195","1":"product","2":"type-product","3":"status-publish","5":"location-0-shop","6":"location-20-4","7":"product_cat-box","8":"product_cat-dekoration","9":"product_cat-villeroy-boch-de","10":"product_cat-weihnachten","11":"product_tag-box","12":"product_tag-keksdose","13":"product_tag-metall","14":"product_tag-set-aus-3-boxen","16":"first","17":"instock","18":"shipping-taxable","19":"purchasable","20":"product-type-simple"},"supplier_id":9071,"supplier_sku":"3593910070","barcode":"4003686406285","atum_controlled":true,"out_stock_date":null,"out_stock_threshold":null,"inheritable":false,"inbound_stock":0,"stock_on_hold":0,"sold_today":0,"sales_last_days":0,"reserved_stock":null,"customer_returns":null,"warehouse_damage":null,"lost_in_post":null,"other_logs":null,"out_stock_days":0,"lost_sales":0,"has_location":false,"update_date":"2025-07-19T06:26:42","atum_locations":[{"id":960,"name":"0 SHOP","slug":"0-shop"},{"id":787,"name":"204","slug":"204"}],"atum_stock_status":"instock","restock_status":false,"low_stock_amount":"","sales_update_date":"2025-07-19T06:26:42","calc_backorders":0,"locations":[],"_links":{"self":[{"href":"https:\/\/delices.lu\/de\/wp-json\/wp\/v2\/product\/16195","targetHints":{"allow":["GET"]}}],"collection":[{"href":"https:\/\/delices.lu\/de\/wp-json\/wp\/v2\/product"}],"about":[{"href":"https:\/\/delices.lu\/de\/wp-json\/wp\/v2\/types\/product"}],"wp:attachment":[{"href":"https:\/\/delices.lu\/de\/wp-json\/wp\/v2\/media?parent=16195"}],"wp:term":[{"taxonomy":"location","embeddable":true,"href":"https:\/\/delices.lu\/de\/wp-json\/wp\/v2\/location?post=16195"},{"taxonomy":"product_brand","embeddable":true,"href":"https:\/\/delices.lu\/de\/wp-json\/wp\/v2\/product_brand?post=16195"},{"taxonomy":"product_cat","embeddable":true,"href":"https:\/\/delices.lu\/de\/wp-json\/wp\/v2\/product_cat?post=16195"},{"taxonomy":"product_tag","embeddable":true,"href":"https:\/\/delices.lu\/de\/wp-json\/wp\/v2\/product_tag?post=16195"}],"curies":[{"name":"wp","href":"https:\/\/api.w.org\/{rel}","templated":true}]}}