{"id":16211,"date":"2024-12-21T00:00:07","date_gmt":"2025-03-23T08:03:23","guid":{"rendered":"https:\/\/delices.lu\/produit\/servierplatte-weihnachtsmann-spielzeug\/"},"modified":"2025-03-23T09:03:23","modified_gmt":"2025-03-23T08:03:23","slug":"servierplatte-weihnachtsmann-spielzeug","status":"publish","type":"product","link":"https:\/\/delices.lu\/de\/produit\/servierplatte-weihnachtsmann-spielzeug\/","title":{"rendered":"Servierplatte, Weihnachtsmann, Spielzeug"},"content":{"rendered":"<p><strong>Servieren Sie weihnachtliche Leckereien<\/strong><br \/>\nMit der Toy&#8217;s Delight Kollektion schaffen Sie zu Hause eine Retro-Weihnachtsatmosph\u00e4re. Das Geschirr und die passenden dekorativen Accessoires sind mit fantasievollen Motiven verziert und wecken sch\u00f6ne Kindheitserinnerungen. Ideal zum Kombinieren, Sammeln und Verschenken. Diese runde Servierplatte ist \u00e4u\u00dferst vielseitig einsetzbar, ob als Beilage zum Festmahl oder f\u00fcr Ihre selbstgebackenen Kekse. Selbst wenn Sie sie als B\u00fchne f\u00fcr Ihre Weihnachtsdekoration verwenden, sieht sie wundersch\u00f6n aus. Holen Sie sich die festliche Atmosph\u00e4re von Weihnachten auf Ihren Tisch.     <\/p>\n","protected":false},"excerpt":{"rendered":"<p><strong>Toy&#8217;s Delight Servierplatte, Weihnachtsmann und Spielzeug<\/strong><br \/>\nMaterial: Premium Porcelain<br \/>\nMa\u00dfe: ca. 467 mm<br \/>\nGewicht: ca. 3,48 kg<br \/>\nmehrfarbig\/rot\/wei\u00df<br \/>\nmikrowellengeeignet<br \/>\nArtikelnummer 1485852905 <\/p>\n","protected":false},"featured_media":16212,"template":"","meta":[],"location":[959],"product_brand":[],"product_cat":[1354,2231,2287,1309,2230],"product_tag":[2316,2370,2313,2233],"class_list":{"0":"post-16211","1":"product","2":"type-product","3":"status-publish","4":"has-post-thumbnail","6":"location-0-shop","7":"product_cat-art-de-la-table-de","8":"product_cat-teller","9":"product_cat-teller-de","10":"product_cat-villeroy-boch-de","11":"product_cat-weihnachten","12":"product_tag-groser-teller","13":"product_tag-hohle-platte","14":"product_tag-servierplatte","15":"product_tag-weihnachtsdekorationen","17":"first","18":"instock","19":"shipping-taxable","20":"purchasable","21":"product-type-simple"},"supplier_id":9071,"supplier_sku":"1485852905","barcode":"4003686393073","atum_controlled":true,"out_stock_date":"2024-12-21 14:01:19","out_stock_threshold":null,"inheritable":false,"inbound_stock":0,"stock_on_hold":0,"sold_today":0,"sales_last_days":0,"reserved_stock":null,"customer_returns":null,"warehouse_damage":null,"lost_in_post":null,"other_logs":null,"out_stock_days":209,"lost_sales":0,"has_location":false,"update_date":"2025-07-19T06:26:42","atum_locations":[{"id":960,"name":"0 SHOP","slug":"0-shop"}],"atum_stock_status":"onbackorder","restock_status":false,"low_stock_amount":"","sales_update_date":"2025-07-19T06:26:42","calc_backorders":0,"locations":[],"_links":{"self":[{"href":"https:\/\/delices.lu\/de\/wp-json\/wp\/v2\/product\/16211","targetHints":{"allow":["GET"]}}],"collection":[{"href":"https:\/\/delices.lu\/de\/wp-json\/wp\/v2\/product"}],"about":[{"href":"https:\/\/delices.lu\/de\/wp-json\/wp\/v2\/types\/product"}],"wp:featuredmedia":[{"embeddable":true,"href":"https:\/\/delices.lu\/de\/wp-json\/wp\/v2\/media\/16212"}],"wp:attachment":[{"href":"https:\/\/delices.lu\/de\/wp-json\/wp\/v2\/media?parent=16211"}],"wp:term":[{"taxonomy":"location","embeddable":true,"href":"https:\/\/delices.lu\/de\/wp-json\/wp\/v2\/location?post=16211"},{"taxonomy":"product_brand","embeddable":true,"href":"https:\/\/delices.lu\/de\/wp-json\/wp\/v2\/product_brand?post=16211"},{"taxonomy":"product_cat","embeddable":true,"href":"https:\/\/delices.lu\/de\/wp-json\/wp\/v2\/product_cat?post=16211"},{"taxonomy":"product_tag","embeddable":true,"href":"https:\/\/delices.lu\/de\/wp-json\/wp\/v2\/product_tag?post=16211"}],"curies":[{"name":"wp","href":"https:\/\/api.w.org\/{rel}","templated":true}]}}