{"id":16215,"date":"2025-09-24T00:00:08","date_gmt":"2025-09-23T22:00:08","guid":{"rendered":"https:\/\/delices.lu\/produit\/amazonia-bol\/"},"modified":"2025-03-23T09:05:44","modified_gmt":"2025-03-23T08:05:44","slug":"amazonia-bol","status":"publish","type":"product","link":"https:\/\/delices.lu\/de\/produit\/amazonia-bol\/","title":{"rendered":"Amazonia bol"},"content":{"rendered":"<p><strong>Frische Gelb- und Gr\u00fcnt\u00f6ne: die Schale von Villeroy &amp; Boch<\/strong><br \/>\nMit dem Dekor Amazonia erg\u00e4nzt Villeroy &amp; Boch die beliebte Kollektion Modern Grace mit exotischen und bunten Regenwaldmotiven, die auf dem Tisch alle Blicke auf sich ziehen. Diese elegant geschwungene Sch\u00fcssel ist mit Pflanzenmotiven aus dem Regenwald verziert. Sie eignet sich hervorragend f\u00fcr Milchkaffee, k\u00f6stliche Desserts und viele andere Leckereien. Setzen Sie diese attraktive Schale auf Ihrem Tisch poetisch in Szene.   <\/p>\n","protected":false},"excerpt":{"rendered":"<p>MATERIAL: Premium Bone Porcelain<br \/>\nDURCHMESSER: ca. 130 mm<br \/>\nGR\u00d6SSE: ca. 706 ml<br \/>\nFARBE: mehrfarbig<br \/>\nGARANTIERT SP\u00dcLMASCHINENGARANTIE: Ja<br \/>\nMIKROWELLENKOMPATIBEL: Nein<br \/>\nGESCHENKVERPACKUNG: kostenlos, auf Anfrage<br \/>\nREF. ARTIKEL: 1035141906 <\/p>\n","protected":false},"featured_media":14792,"template":"","meta":[],"location":[959,1141],"product_brand":[],"product_cat":[1354,1355,1309],"product_tag":[2552,2551,1359],"class_list":{"0":"post-16215","1":"product","2":"type-product","3":"status-publish","4":"has-post-thumbnail","6":"location-0-shop","7":"location-porte-3","8":"product_cat-art-de-la-table-de","9":"product_cat-bol-de","10":"product_cat-villeroy-boch-de","11":"product_tag-amazonas","12":"product_tag-blume","13":"product_tag-bol-de","15":"first","16":"instock","17":"shipping-taxable","18":"purchasable","19":"product-type-simple"},"supplier_id":9071,"supplier_sku":"1035141906","barcode":"4003686238794","atum_controlled":true,"out_stock_date":null,"out_stock_threshold":0,"inheritable":false,"inbound_stock":0,"stock_on_hold":0,"sold_today":0,"sales_last_days":0,"reserved_stock":0,"customer_returns":0,"warehouse_damage":null,"lost_in_post":0,"other_logs":0,"out_stock_days":0,"lost_sales":0,"has_location":false,"update_date":"2025-09-28T04:17:15","atum_locations":[{"id":960,"name":"0 SHOP","slug":"0-shop"},{"id":1147,"name":"porte 3","slug":"porte-3"}],"atum_stock_status":"instock","restock_status":false,"low_stock_amount":"","sales_update_date":"2025-07-19T06:26:48","calc_backorders":0,"locations":[],"_links":{"self":[{"href":"https:\/\/delices.lu\/de\/wp-json\/wp\/v2\/product\/16215","targetHints":{"allow":["GET"]}}],"collection":[{"href":"https:\/\/delices.lu\/de\/wp-json\/wp\/v2\/product"}],"about":[{"href":"https:\/\/delices.lu\/de\/wp-json\/wp\/v2\/types\/product"}],"wp:featuredmedia":[{"embeddable":true,"href":"https:\/\/delices.lu\/de\/wp-json\/wp\/v2\/media\/14792"}],"wp:attachment":[{"href":"https:\/\/delices.lu\/de\/wp-json\/wp\/v2\/media?parent=16215"}],"wp:term":[{"taxonomy":"location","embeddable":true,"href":"https:\/\/delices.lu\/de\/wp-json\/wp\/v2\/location?post=16215"},{"taxonomy":"product_brand","embeddable":true,"href":"https:\/\/delices.lu\/de\/wp-json\/wp\/v2\/product_brand?post=16215"},{"taxonomy":"product_cat","embeddable":true,"href":"https:\/\/delices.lu\/de\/wp-json\/wp\/v2\/product_cat?post=16215"},{"taxonomy":"product_tag","embeddable":true,"href":"https:\/\/delices.lu\/de\/wp-json\/wp\/v2\/product_tag?post=16215"}],"curies":[{"name":"wp","href":"https:\/\/api.w.org\/{rel}","templated":true}]}}