{"id":16232,"date":"2024-11-30T00:00:42","date_gmt":"2025-03-23T08:08:28","guid":{"rendered":"https:\/\/delices.lu\/produit\/bbq-kochfeld-53-x-33-x-2-cm\/"},"modified":"2025-03-23T09:08:28","modified_gmt":"2025-03-23T08:08:28","slug":"bbq-kochfeld-53-x-33-x-2-cm","status":"publish","type":"product","link":"https:\/\/delices.lu\/de\/produit\/bbq-kochfeld-53-x-33-x-2-cm\/","title":{"rendered":"BBQ-Kochfeld 53 x 33 x 2 cm"},"content":{"rendered":"","protected":false},"excerpt":{"rendered":"<p>Rechteckiges Backblech GN 1\/1 AMT Gastroguss.<br \/>\nMaterial: Handgeformtes Aluminium.<br \/>\nAbmessungen: 53 cm x 33 cm x 2 cm.<br \/>\nZwei seitliche Griffe.<br \/>\nHerdarten: Induktion + Gas, Elektro, Keramik, Halogen.<br \/>\n&#8211; Besonders dicker Boden (8 bis 10 mm) f\u00fcr optimale W\u00e4rmeleitung und W\u00e4rmespeicherung.<br \/>\n&#8211; Besonders dicker Boden (8 bis 10 mm) f\u00fcr eine optimale W\u00e4rmeleitung und W\u00e4rmespeicherung. &#8211; Die Lotusplatte ist mit einer Lotusplatte ausgestattet. Perfekt flacher und geh\u00e4rteter Au\u00dfenboden f\u00fcr einen optimalen Kontakt mit dem Kochfeld.<br \/>\n&#8211; Die von AMT Gastroguss entwickelte Lotan\u00ae-Beschichtung erm\u00f6glicht fettfreies Kochen und vereinfacht die Reinigung.<br \/>\n&#8211; AMT Gastroguss ist offizieller Lieferant der Nationalmannschaft der Gastronomiek\u00f6che.<\/p>\n","protected":false},"featured_media":15465,"template":"","meta":[],"location":[959,1262],"product_brand":[],"product_cat":[2147,2157,2445],"product_tag":[2259,2212,2158,2348],"class_list":{"0":"post-16232","1":"product","2":"type-product","3":"status-publish","4":"has-post-thumbnail","6":"location-0-shop","7":"location-22-5","8":"product_cat-amt-gastroguss-de","9":"product_cat-induktion","10":"product_cat-kochplatte","11":"product_tag-2-seitliche-griffe","12":"product_tag-bbq-de","13":"product_tag-induktion","14":"product_tag-rechteckig","16":"first","17":"instock","18":"shipping-taxable","19":"purchasable","20":"product-type-simple"},"supplier_id":9072,"supplier_sku":"I-25333G-BBQ","barcode":"4250194606380","atum_controlled":true,"out_stock_date":null,"out_stock_threshold":null,"inheritable":false,"inbound_stock":0,"stock_on_hold":0,"sold_today":0,"sales_last_days":0,"reserved_stock":0,"customer_returns":0,"warehouse_damage":0,"lost_in_post":0,"other_logs":0,"out_stock_days":0,"lost_sales":0,"has_location":false,"update_date":"2025-07-19T06:26:39","atum_locations":[{"id":1278,"name":"225","slug":"225"}],"atum_stock_status":"instock","restock_status":false,"low_stock_amount":1,"sales_update_date":"2025-07-19T06:26:39","calc_backorders":0,"locations":[],"_links":{"self":[{"href":"https:\/\/delices.lu\/de\/wp-json\/wp\/v2\/product\/16232","targetHints":{"allow":["GET"]}}],"collection":[{"href":"https:\/\/delices.lu\/de\/wp-json\/wp\/v2\/product"}],"about":[{"href":"https:\/\/delices.lu\/de\/wp-json\/wp\/v2\/types\/product"}],"wp:featuredmedia":[{"embeddable":true,"href":"https:\/\/delices.lu\/de\/wp-json\/wp\/v2\/media\/15465"}],"wp:attachment":[{"href":"https:\/\/delices.lu\/de\/wp-json\/wp\/v2\/media?parent=16232"}],"wp:term":[{"taxonomy":"location","embeddable":true,"href":"https:\/\/delices.lu\/de\/wp-json\/wp\/v2\/location?post=16232"},{"taxonomy":"product_brand","embeddable":true,"href":"https:\/\/delices.lu\/de\/wp-json\/wp\/v2\/product_brand?post=16232"},{"taxonomy":"product_cat","embeddable":true,"href":"https:\/\/delices.lu\/de\/wp-json\/wp\/v2\/product_cat?post=16232"},{"taxonomy":"product_tag","embeddable":true,"href":"https:\/\/delices.lu\/de\/wp-json\/wp\/v2\/product_tag?post=16232"}],"curies":[{"name":"wp","href":"https:\/\/api.w.org\/{rel}","templated":true}]}}