{"id":16233,"date":"2024-12-02T00:00:40","date_gmt":"2025-03-23T08:09:03","guid":{"rendered":"https:\/\/delices.lu\/produit\/winter-glow-adventskranz-weiss\/"},"modified":"2025-03-23T09:09:03","modified_gmt":"2025-03-23T08:09:03","slug":"winter-glow-adventskranz-weiss","status":"publish","type":"product","link":"https:\/\/delices.lu\/de\/produit\/winter-glow-adventskranz-weiss\/","title":{"rendered":"Winter Glow &#8211; Adventskranz, wei\u00df"},"content":{"rendered":"<p><strong>Ein eleganter und moderner Adventskranz<\/strong><br \/>\nDieser Design-Kerzenhalter ist das Symbol von Weihnachten und verbreitet eine festliche Stimmung. Stellen Sie ihn auf eine Kommode oder ein Sideboard und kombinieren Sie ihn mit einem wei\u00dfen Windlicht und einigen modernen Dekorationselementen. Denken Sie auch daran, den Adventskranz in die Mitte Ihres Tisches zu stellen, wenn Sie mit Ihrer Familie essen. Er wird stolz in der Mitte thronen, umgeben von k\u00f6stlichen Festtagsgerichten, die alle in sch\u00f6nem Geschirr aus der Winter Glow Kollektion serviert werden, die Sie unbedingt kennenlernen sollten! Tauchen Sie ein in die Magie der wei\u00dfen Weihnacht! Verzaubern Sie Ihr Zuhause mit einem nordisch inspirierten Adventskranz. Diese runde Weihnachtsdekoration aus hochwertigem Porzellan ist mit 4 wei\u00dfen Kerzen geschm\u00fcckt. Er ist schlicht, elegant und sanft und verk\u00f6rpert die Sch\u00f6nheit und Reinheit des Winters. Seine Farbe erinnert an frisch gefallenen Schnee, w\u00e4hrend die Kerzen eine warme und tr\u00f6stliche Note verleihen. Kreieren Sie jetzt skandinavische Winterlooks f\u00fcr Ihr Zuhause.         <\/p>\n","protected":false},"excerpt":{"rendered":"<p>MATERIAL: Hochwertiges Porzellan<br \/>\nDURCHMESSER: ca. 259 mm<br \/>\nFARBE: wei\u00df, beige<br \/>\nGARANTIERT SP\u00dcLMASCHINENGARANTIE: Nicht<br \/>\nMIKROWELLENKOMPATIBEL: Nicht<br \/>\nREF. ARTIKEL: 1486719407 <\/p>\n","protected":false},"featured_media":16234,"template":"","meta":[],"location":[959,932],"product_brand":[],"product_cat":[1311,1309,2230,2448],"product_tag":[2512,2470,2553,2166,2469],"class_list":{"0":"post-16233","1":"product","2":"type-product","3":"status-publish","4":"has-post-thumbnail","6":"location-0-shop","7":"location-21-3","8":"product_cat-dekoration","9":"product_cat-villeroy-boch-de","10":"product_cat-weihnachten","11":"product_cat-winter","12":"product_tag-advent","13":"product_tag-festliche-dekorationen","14":"product_tag-krone","15":"product_tag-weis","16":"product_tag-winter-glow-de","18":"first","19":"instock","20":"shipping-taxable","21":"purchasable","22":"product-type-simple"},"supplier_id":9071,"supplier_sku":"1486719407","barcode":null,"atum_controlled":true,"out_stock_date":null,"out_stock_threshold":null,"inheritable":false,"inbound_stock":0,"stock_on_hold":0,"sold_today":0,"sales_last_days":0,"reserved_stock":null,"customer_returns":null,"warehouse_damage":null,"lost_in_post":null,"other_logs":null,"out_stock_days":0,"lost_sales":0,"has_location":true,"update_date":"2025-07-19T06:26:39","atum_locations":[{"id":960,"name":"0 SHOP","slug":"0-shop"},{"id":782,"name":"213","slug":"213"}],"atum_stock_status":"instock","restock_status":false,"low_stock_amount":"","sales_update_date":"2025-07-19T06:26:39","calc_backorders":0,"locations":[],"_links":{"self":[{"href":"https:\/\/delices.lu\/de\/wp-json\/wp\/v2\/product\/16233","targetHints":{"allow":["GET"]}}],"collection":[{"href":"https:\/\/delices.lu\/de\/wp-json\/wp\/v2\/product"}],"about":[{"href":"https:\/\/delices.lu\/de\/wp-json\/wp\/v2\/types\/product"}],"wp:featuredmedia":[{"embeddable":true,"href":"https:\/\/delices.lu\/de\/wp-json\/wp\/v2\/media\/16234"}],"wp:attachment":[{"href":"https:\/\/delices.lu\/de\/wp-json\/wp\/v2\/media?parent=16233"}],"wp:term":[{"taxonomy":"location","embeddable":true,"href":"https:\/\/delices.lu\/de\/wp-json\/wp\/v2\/location?post=16233"},{"taxonomy":"product_brand","embeddable":true,"href":"https:\/\/delices.lu\/de\/wp-json\/wp\/v2\/product_brand?post=16233"},{"taxonomy":"product_cat","embeddable":true,"href":"https:\/\/delices.lu\/de\/wp-json\/wp\/v2\/product_cat?post=16233"},{"taxonomy":"product_tag","embeddable":true,"href":"https:\/\/delices.lu\/de\/wp-json\/wp\/v2\/product_tag?post=16233"}],"curies":[{"name":"wp","href":"https:\/\/api.w.org\/{rel}","templated":true}]}}