{"id":16244,"date":"2025-03-02T00:00:52","date_gmt":"2025-03-23T08:15:42","guid":{"rendered":"https:\/\/delices.lu\/produit\/spring-awakening-tortenplatte-auf-einem-fuss\/"},"modified":"2025-03-23T09:15:42","modified_gmt":"2025-03-23T08:15:42","slug":"spring-awakening-tortenplatte-auf-einem-fuss","status":"publish","type":"product","link":"https:\/\/delices.lu\/de\/produit\/spring-awakening-tortenplatte-auf-einem-fuss\/","title":{"rendered":"Spring Awakening &#8211; Tortenplatte auf einem Fu\u00df"},"content":{"rendered":"<p><strong>Tortenplatte mit einem sch\u00f6nen Fr\u00fchlingsmotiv<\/strong><br \/>\nMit Narzissen, Schneegl\u00f6ckchen und Glockenblumen bringt die Spring Awakening Kollektion den Fr\u00fchling in Ihr Zuhause. Das detailreiche Dekor ist besonders sch\u00f6n zum Sammeln und Verschenken. Diese Spring Awakening Tortenplatte ist das Herzst\u00fcck Ihrer festlich gedeckten Kaffeetafel an Ostern. Der Artikel wird in einer Ostergeschenkverpackung geliefert. Genie\u00dfen Sie das Osterfest mit Ihren Lieben.    <\/p>\n","protected":false},"excerpt":{"rendered":"<p><strong>Spring Awakening Tortenplatte auf Fu\u00df<\/strong><br \/>\nMATERIAL: Premium Porcelain<br \/>\nDURCHMESSER: ca. 330 mm<br \/>\nFARBE: gelb gr\u00fcn<br \/>\nGARANTIE SP\u00dcLMASCHINENGARANTIE: Nicht<br \/>\nMIKROWELLENKOMPATIBEL: Nicht<br \/>\nGESCHENKVERPACKUNG: kostenlos, auf Anfrage<br \/>\nREF. ARTIKEL: 1486382290 <\/p>\n<p>&nbsp;<\/p>\n","protected":false},"featured_media":16245,"template":"","meta":[],"location":[],"product_brand":[],"product_cat":[1354,740,1310,1357,2287,1309],"product_tag":[2555,2312],"class_list":{"0":"post-16244","1":"product","2":"type-product","3":"status-publish","4":"has-post-thumbnail","6":"product_cat-art-de-la-table-de","7":"product_cat-fruehling","8":"product_cat-ostern","9":"product_cat-spring-awakening-de","10":"product_cat-teller-de","11":"product_cat-villeroy-boch-de","12":"product_tag-kuchen-de","13":"product_tag-teller-de","15":"first","16":"instock","17":"shipping-taxable","18":"purchasable","19":"product-type-simple"},"supplier_id":9071,"supplier_sku":"1486382290","barcode":null,"atum_controlled":true,"out_stock_date":"2025-02-12 08:14:58","out_stock_threshold":null,"inheritable":false,"inbound_stock":0,"stock_on_hold":0,"sold_today":0,"sales_last_days":0,"reserved_stock":0,"customer_returns":0,"warehouse_damage":null,"lost_in_post":0,"other_logs":0,"out_stock_days":156,"lost_sales":0,"has_location":false,"update_date":"2025-07-19T06:26:47","atum_locations":[],"atum_stock_status":"onbackorder","restock_status":false,"low_stock_amount":"","sales_update_date":"2025-07-19T06:26:47","calc_backorders":0,"locations":[],"_links":{"self":[{"href":"https:\/\/delices.lu\/de\/wp-json\/wp\/v2\/product\/16244","targetHints":{"allow":["GET"]}}],"collection":[{"href":"https:\/\/delices.lu\/de\/wp-json\/wp\/v2\/product"}],"about":[{"href":"https:\/\/delices.lu\/de\/wp-json\/wp\/v2\/types\/product"}],"wp:featuredmedia":[{"embeddable":true,"href":"https:\/\/delices.lu\/de\/wp-json\/wp\/v2\/media\/16245"}],"wp:attachment":[{"href":"https:\/\/delices.lu\/de\/wp-json\/wp\/v2\/media?parent=16244"}],"wp:term":[{"taxonomy":"location","embeddable":true,"href":"https:\/\/delices.lu\/de\/wp-json\/wp\/v2\/location?post=16244"},{"taxonomy":"product_brand","embeddable":true,"href":"https:\/\/delices.lu\/de\/wp-json\/wp\/v2\/product_brand?post=16244"},{"taxonomy":"product_cat","embeddable":true,"href":"https:\/\/delices.lu\/de\/wp-json\/wp\/v2\/product_cat?post=16244"},{"taxonomy":"product_tag","embeddable":true,"href":"https:\/\/delices.lu\/de\/wp-json\/wp\/v2\/product_tag?post=16244"}],"curies":[{"name":"wp","href":"https:\/\/api.w.org\/{rel}","templated":true}]}}