{"id":16262,"date":"2025-07-07T00:00:23","date_gmt":"2025-07-06T22:00:23","guid":{"rendered":"https:\/\/delices.lu\/produit\/spring-awakening-salatschuessel\/"},"modified":"2025-03-23T09:42:55","modified_gmt":"2025-03-23T08:42:55","slug":"spring-awakening-salatschuessel","status":"publish","type":"product","link":"https:\/\/delices.lu\/de\/produit\/spring-awakening-salatschuessel\/","title":{"rendered":"Spring Awakening &#8211; Salatsch\u00fcssel"},"content":{"rendered":"<p><strong>Salatsch\u00fcssel mit sch\u00f6nem Fr\u00fchlingsmotiv<\/strong><br \/>\nMit Narzissen, Schneegl\u00f6ckchen und Glockenblumen bringt die Spring Awakening Kollektion den Fr\u00fchling in Ihr Zuhause.<br \/>\nDas detailreiche Dekor ist besonders sch\u00f6n zum Sammeln und Verschenken.<br \/>\nDiese Spring Awakening Salatsch\u00fcssel eignet sich f\u00fcr s\u00fc\u00dfe Leckereien, k\u00f6stliche Beilagen zum Ostermen\u00fc oder raffinierte Desserts.<br \/>\nGenie\u00dfen Sie Ostern mit Ihren Lieben.<\/p>\n","protected":false},"excerpt":{"rendered":"<p><strong>Spring Awakening &#8211; Salatsch\u00fcssel<\/strong><br \/>\nKapazit\u00e4t: 900 ml<br \/>\nPremium Porcelain<br \/>\nPflegehinweis: Handw\u00e4sche empfohlen<br \/>\nMikrowellengeeignet: Ja<br \/>\nGeschenkverpackung: kostenlos, auf Anfrage<br \/>\nArtikelreferenz: 1486383170 <\/p>\n","protected":false},"featured_media":16264,"template":"","meta":[],"location":[976],"product_brand":[],"product_cat":[1354,740,1310,2528,1357,1309],"product_tag":[1360,1361,2307],"class_list":{"0":"post-16262","1":"product","2":"type-product","3":"status-publish","4":"has-post-thumbnail","6":"location-0-en-cde","7":"product_cat-art-de-la-table-de","8":"product_cat-fruehling","9":"product_cat-ostern","10":"product_cat-salatschussel","11":"product_cat-spring-awakening-de","12":"product_cat-villeroy-boch-de","13":"product_tag-decors-de-paques-de","14":"product_tag-printemps-de","15":"product_tag-salatschussel","17":"first","18":"instock","19":"shipping-taxable","20":"purchasable","21":"product-type-simple"},"supplier_id":9071,"supplier_sku":"1486383170","barcode":"4003686355453","atum_controlled":true,"out_stock_date":"2025-07-07 11:18:41","out_stock_threshold":0,"inheritable":false,"inbound_stock":0,"stock_on_hold":0,"sold_today":0,"sales_last_days":0,"reserved_stock":null,"customer_returns":null,"warehouse_damage":null,"lost_in_post":null,"other_logs":null,"out_stock_days":11,"lost_sales":0,"has_location":true,"update_date":"2025-07-19T06:26:50","atum_locations":[{"id":977,"name":"0 EN CDE","slug":"0-en-cde"}],"atum_stock_status":"onbackorder","restock_status":false,"low_stock_amount":"","sales_update_date":"2025-07-19T06:26:50","calc_backorders":0,"locations":[],"_links":{"self":[{"href":"https:\/\/delices.lu\/de\/wp-json\/wp\/v2\/product\/16262","targetHints":{"allow":["GET"]}}],"collection":[{"href":"https:\/\/delices.lu\/de\/wp-json\/wp\/v2\/product"}],"about":[{"href":"https:\/\/delices.lu\/de\/wp-json\/wp\/v2\/types\/product"}],"wp:featuredmedia":[{"embeddable":true,"href":"https:\/\/delices.lu\/de\/wp-json\/wp\/v2\/media\/16264"}],"wp:attachment":[{"href":"https:\/\/delices.lu\/de\/wp-json\/wp\/v2\/media?parent=16262"}],"wp:term":[{"taxonomy":"location","embeddable":true,"href":"https:\/\/delices.lu\/de\/wp-json\/wp\/v2\/location?post=16262"},{"taxonomy":"product_brand","embeddable":true,"href":"https:\/\/delices.lu\/de\/wp-json\/wp\/v2\/product_brand?post=16262"},{"taxonomy":"product_cat","embeddable":true,"href":"https:\/\/delices.lu\/de\/wp-json\/wp\/v2\/product_cat?post=16262"},{"taxonomy":"product_tag","embeddable":true,"href":"https:\/\/delices.lu\/de\/wp-json\/wp\/v2\/product_tag?post=16262"}],"curies":[{"name":"wp","href":"https:\/\/api.w.org\/{rel}","templated":true}]}}