{"id":16263,"date":"2025-03-02T00:00:18","date_gmt":"2025-03-23T08:42:55","guid":{"rendered":"https:\/\/delices.lu\/produit\/spring-fantasy-servietten-7\/"},"modified":"2025-03-23T09:42:55","modified_gmt":"2025-03-23T08:42:55","slug":"spring-fantasy-servietten-7","status":"publish","type":"product","link":"https:\/\/delices.lu\/de\/produit\/spring-fantasy-servietten-7\/","title":{"rendered":"Spring Fantasy &#8211; Servietten"},"content":{"rendered":"<p><strong>Dekorative Serviette f\u00fcr den Fr\u00fchling<\/strong><br \/>\nSpring Fantasy bietet die perfekten Accessoires f\u00fcr den Fr\u00fchling. Diese Servietten passen perfekt zu den Spring Fantasy Schalen oder setzen Farbakzente in vielen anderen Kollektionen. Diese gro\u00dfen Papierservietten sind ideal, um Osternester zu dekorieren oder dem Tisch einen fr\u00fchlingshaften Akzent zu verleihen. Bringen Sie h\u00fcbsche Akzente f\u00fcr den Fr\u00fchling auf den Tisch.   <\/p>\n","protected":false},"excerpt":{"rendered":"<p><strong>Spring Fantasy &#8211; Servietten<\/strong><br \/>\nMaterial: Papier<br \/>\nMa\u00dfe: 33 x 33 cm<br \/>\nMenge: 20 St\u00fcck<br \/>\nMehrfarbig<br \/>\nPreis inkl. MwSt., zzgl. Versandkosten je nach Empf\u00e4nger<br \/>\nArtikel-Nr. 3590720029 <\/p>\n","protected":false},"featured_media":16266,"template":"","meta":[],"location":[959,1209],"product_brand":[],"product_cat":[1311,740,1310,1318,1357,1309],"product_tag":[1313,1312],"class_list":{"0":"post-16263","1":"product","2":"type-product","3":"status-publish","4":"has-post-thumbnail","6":"location-0-shop","7":"location-0-sous-sol","8":"product_cat-dekoration","9":"product_cat-fruehling","10":"product_cat-ostern","11":"product_cat-serviette-de","12":"product_cat-spring-awakening-de","13":"product_cat-villeroy-boch-de","14":"product_tag-papier-de","15":"product_tag-servietten","17":"first","18":"instock","19":"shipping-taxable","20":"purchasable","21":"product-type-simple"},"supplier_id":9071,"supplier_sku":"3590720029","barcode":"4003686365261","atum_controlled":true,"out_stock_date":null,"out_stock_threshold":null,"inheritable":false,"inbound_stock":0,"stock_on_hold":0,"sold_today":0,"sales_last_days":0,"reserved_stock":null,"customer_returns":null,"warehouse_damage":null,"lost_in_post":null,"other_logs":null,"out_stock_days":0,"lost_sales":0,"has_location":true,"update_date":"2025-07-19T06:26:47","atum_locations":[{"id":960,"name":"0 SHOP","slug":"0-shop"},{"id":1208,"name":"0 SOUS SOL","slug":"sous-sol"}],"atum_stock_status":"instock","restock_status":false,"low_stock_amount":"","sales_update_date":"2025-07-19T06:26:47","calc_backorders":0,"locations":[],"_links":{"self":[{"href":"https:\/\/delices.lu\/de\/wp-json\/wp\/v2\/product\/16263","targetHints":{"allow":["GET"]}}],"collection":[{"href":"https:\/\/delices.lu\/de\/wp-json\/wp\/v2\/product"}],"about":[{"href":"https:\/\/delices.lu\/de\/wp-json\/wp\/v2\/types\/product"}],"wp:featuredmedia":[{"embeddable":true,"href":"https:\/\/delices.lu\/de\/wp-json\/wp\/v2\/media\/16266"}],"wp:attachment":[{"href":"https:\/\/delices.lu\/de\/wp-json\/wp\/v2\/media?parent=16263"}],"wp:term":[{"taxonomy":"location","embeddable":true,"href":"https:\/\/delices.lu\/de\/wp-json\/wp\/v2\/location?post=16263"},{"taxonomy":"product_brand","embeddable":true,"href":"https:\/\/delices.lu\/de\/wp-json\/wp\/v2\/product_brand?post=16263"},{"taxonomy":"product_cat","embeddable":true,"href":"https:\/\/delices.lu\/de\/wp-json\/wp\/v2\/product_cat?post=16263"},{"taxonomy":"product_tag","embeddable":true,"href":"https:\/\/delices.lu\/de\/wp-json\/wp\/v2\/product_tag?post=16263"}],"curies":[{"name":"wp","href":"https:\/\/api.w.org\/{rel}","templated":true}]}}