{"id":16267,"date":"2025-03-02T00:00:25","date_gmt":"2025-03-23T08:42:56","guid":{"rendered":"https:\/\/delices.lu\/produit\/spring-fantasy-servietten-8\/"},"modified":"2025-03-23T09:42:56","modified_gmt":"2025-03-23T08:42:56","slug":"spring-fantasy-servietten-8","status":"publish","type":"product","link":"https:\/\/delices.lu\/de\/produit\/spring-fantasy-servietten-8\/","title":{"rendered":"Spring Fantasy &#8211; Servietten"},"content":{"rendered":"<p><strong>Dekorative Serviette f\u00fcr den Fr\u00fchling<\/strong><br \/>\nDie Servietten von Easter Accessories passen ideal zu unserem Fr\u00fchlingsgeschirr Spring Awakening. Diese gro\u00dfen Papierservietten mit ihrem Blumenmuster sind eine stilvolle Erg\u00e4nzung zu Ihrem gedeckten Tisch. Decken Sie Ihren Tisch mit h\u00fcbschen, schlichten Elementen.  <\/p>\n","protected":false},"excerpt":{"rendered":"<p><strong>Easter Accessories Servietten<\/strong><br \/>\n<strong>Blumen<\/strong><br \/>\nMaterial: Papier<br \/>\nMa\u00dfe: 33 x 33 cm<br \/>\nMenge: 20 St\u00fcck<br \/>\nMehrfarbig<br \/>\nPreise inkl. MwSt., zzgl. Versandkosten je nach Empf\u00e4nger<br \/>\nArtikelreferenz 3590720026 <\/p>\n","protected":false},"featured_media":16270,"template":"","meta":[],"location":[988],"product_brand":[],"product_cat":[1311,740,1310,2488,1309],"product_tag":[1312],"class_list":{"0":"post-16267","1":"product","2":"type-product","3":"status-publish","4":"has-post-thumbnail","6":"location-09-2","7":"product_cat-dekoration","8":"product_cat-fruehling","9":"product_cat-ostern","10":"product_cat-spring-fantasy-de","11":"product_cat-villeroy-boch-de","12":"product_tag-servietten","14":"first","15":"instock","16":"shipping-taxable","17":"purchasable","18":"product-type-simple"},"supplier_id":null,"supplier_sku":"","barcode":null,"atum_controlled":true,"out_stock_date":null,"out_stock_threshold":null,"inheritable":false,"inbound_stock":0,"stock_on_hold":0,"sold_today":0,"sales_last_days":0,"reserved_stock":0,"customer_returns":0,"warehouse_damage":null,"lost_in_post":0,"other_logs":0,"out_stock_days":0,"lost_sales":0,"has_location":true,"update_date":"2025-07-19T06:26:47","atum_locations":[{"id":840,"name":"092","slug":"092"}],"atum_stock_status":"instock","restock_status":false,"low_stock_amount":"","sales_update_date":"2025-07-19T06:26:47","calc_backorders":0,"locations":[],"_links":{"self":[{"href":"https:\/\/delices.lu\/de\/wp-json\/wp\/v2\/product\/16267","targetHints":{"allow":["GET"]}}],"collection":[{"href":"https:\/\/delices.lu\/de\/wp-json\/wp\/v2\/product"}],"about":[{"href":"https:\/\/delices.lu\/de\/wp-json\/wp\/v2\/types\/product"}],"wp:featuredmedia":[{"embeddable":true,"href":"https:\/\/delices.lu\/de\/wp-json\/wp\/v2\/media\/16270"}],"wp:attachment":[{"href":"https:\/\/delices.lu\/de\/wp-json\/wp\/v2\/media?parent=16267"}],"wp:term":[{"taxonomy":"location","embeddable":true,"href":"https:\/\/delices.lu\/de\/wp-json\/wp\/v2\/location?post=16267"},{"taxonomy":"product_brand","embeddable":true,"href":"https:\/\/delices.lu\/de\/wp-json\/wp\/v2\/product_brand?post=16267"},{"taxonomy":"product_cat","embeddable":true,"href":"https:\/\/delices.lu\/de\/wp-json\/wp\/v2\/product_cat?post=16267"},{"taxonomy":"product_tag","embeddable":true,"href":"https:\/\/delices.lu\/de\/wp-json\/wp\/v2\/product_tag?post=16267"}],"curies":[{"name":"wp","href":"https:\/\/api.w.org\/{rel}","templated":true}]}}