{"id":16268,"date":"2025-03-02T00:00:18","date_gmt":"2025-03-23T08:42:56","guid":{"rendered":"https:\/\/delices.lu\/produit\/spring-fantasy-grosse-flache-schale-30-cm\/"},"modified":"2025-03-23T09:42:56","modified_gmt":"2025-03-23T08:42:56","slug":"spring-fantasy-grosse-flache-schale-30-cm","status":"publish","type":"product","link":"https:\/\/delices.lu\/de\/produit\/spring-fantasy-grosse-flache-schale-30-cm\/","title":{"rendered":"Spring Fantasy &#8211; Gro\u00dfe flache Schale &#8211; 30 cm"},"content":{"rendered":"<p><strong>Hohle Servier- oder Dekoschale<\/strong><br \/>\nWillkommen in der Welt der poetischen Osterzeit mit Villeroy &amp; Boch! In den detailreichen Motiven unserer Spring Fantasy Kollektion tummeln sich besondere Osterhasen fr\u00f6hlich in einer nostalgischen Welt mit Fr\u00fchlingsgef\u00fchlen. Sie ist ideal als Blickfang auf Ihrem Ostertisch, als dekorative Idee und als charmantes Geschenk. D\u00fcrfen wir Ihnen Emma vorstellen, ein niedliches Osterh\u00e4schen. Sie zieht mit einem Korb voller bunter Ostereier los und wird sicherlich hier und da ein paar Eier verstecken. Mit ihrer nostalgischen Form erinnert diese gro\u00dfe, hohle Schale an die Osterk\u00f6rbe von fr\u00fcher und wird sicherlich zum Lieblingsplatz f\u00fcr die gefundenen Ostersch\u00e4tze. Feiern Sie Ostern mit den sch\u00f6n nostalgischen St\u00fccken von Villeroy &amp; Boch.      <\/p>\n","protected":false},"excerpt":{"rendered":"<p><strong>Spring Fantasy gro\u00dfe tiefe Schale, Emma<br \/>\n<\/strong>MATERIAL: Premium Porcelain<br \/>\nDURCHMESSER: ca. 30 cm<br \/>\nFARBE: mehrfarbig<br \/>\nGARANTIERT SP\u00dcLMASCHINENGARANTIE: Nein<br \/>\nMIKROWELLENKOMPATIBEL: Ja<br \/>\nGESCHENKVERPACKUNG: kostenlos, auf Anfrage<br \/>\nREF. ARTIKEL: 1486443777 <\/p>\n<p>&nbsp;<\/p>\n","protected":false},"featured_media":16269,"template":"","meta":[],"location":[984],"product_brand":[],"product_cat":[1354,740,1310,2488,2287,1309],"product_tag":[743,2370,2312],"class_list":{"0":"post-16268","1":"product","2":"type-product","3":"status-publish","4":"has-post-thumbnail","6":"location-08-2","7":"product_cat-art-de-la-table-de","8":"product_cat-fruehling","9":"product_cat-ostern","10":"product_cat-spring-fantasy-de","11":"product_cat-teller-de","12":"product_cat-villeroy-boch-de","13":"product_tag-decoration-de","14":"product_tag-hohle-platte","15":"product_tag-teller-de","17":"first","18":"instock","19":"shipping-taxable","20":"purchasable","21":"product-type-simple"},"supplier_id":9071,"supplier_sku":"1486443777","barcode":"4003686387102","atum_controlled":true,"out_stock_date":null,"out_stock_threshold":null,"inheritable":false,"inbound_stock":0,"stock_on_hold":0,"sold_today":0,"sales_last_days":0,"reserved_stock":0,"customer_returns":0,"warehouse_damage":0,"lost_in_post":0,"other_logs":0,"out_stock_days":0,"lost_sales":0,"has_location":false,"update_date":"2025-07-19T06:26:47","atum_locations":[{"id":845,"name":"082","slug":"082"}],"atum_stock_status":"instock","restock_status":false,"low_stock_amount":"","sales_update_date":"2025-07-19T06:26:47","calc_backorders":0,"locations":[],"_links":{"self":[{"href":"https:\/\/delices.lu\/de\/wp-json\/wp\/v2\/product\/16268","targetHints":{"allow":["GET"]}}],"collection":[{"href":"https:\/\/delices.lu\/de\/wp-json\/wp\/v2\/product"}],"about":[{"href":"https:\/\/delices.lu\/de\/wp-json\/wp\/v2\/types\/product"}],"wp:featuredmedia":[{"embeddable":true,"href":"https:\/\/delices.lu\/de\/wp-json\/wp\/v2\/media\/16269"}],"wp:attachment":[{"href":"https:\/\/delices.lu\/de\/wp-json\/wp\/v2\/media?parent=16268"}],"wp:term":[{"taxonomy":"location","embeddable":true,"href":"https:\/\/delices.lu\/de\/wp-json\/wp\/v2\/location?post=16268"},{"taxonomy":"product_brand","embeddable":true,"href":"https:\/\/delices.lu\/de\/wp-json\/wp\/v2\/product_brand?post=16268"},{"taxonomy":"product_cat","embeddable":true,"href":"https:\/\/delices.lu\/de\/wp-json\/wp\/v2\/product_cat?post=16268"},{"taxonomy":"product_tag","embeddable":true,"href":"https:\/\/delices.lu\/de\/wp-json\/wp\/v2\/product_tag?post=16268"}],"curies":[{"name":"wp","href":"https:\/\/api.w.org\/{rel}","templated":true}]}}