{"id":16275,"date":"2025-03-26T00:00:25","date_gmt":"2025-03-23T08:42:57","guid":{"rendered":"https:\/\/delices.lu\/produit\/annual-easter-edition-2025-ei\/"},"modified":"2025-03-23T09:42:57","modified_gmt":"2025-03-23T08:42:57","slug":"annual-easter-edition-2025-ei","status":"publish","type":"product","link":"https:\/\/delices.lu\/de\/produit\/annual-easter-edition-2025-ei\/","title":{"rendered":"Annual Easter Edition 2025 &#8211; Ei"},"content":{"rendered":"<p><strong>Annual Easter Edition 2025 &#8211; Osterschmuck<\/strong><br \/>\nEin mit viel Liebe hergestelltes Osterporzellan: die Annual Easter Edition von Villeroy &amp; Boch.<br \/>\nTradition und Moderne seit 1748.<br \/>\nDieses j\u00e4hrliche Ei wird jedes Jahr mit einem neuen Motiv in limitierter Auflage herausgegeben und bietet Sammlern die M\u00f6glichkeit, ihre Sammlung um ein einzigartiges St\u00fcck zu erweitern.<br \/>\nPremium-Qualit\u00e4t: Premium Porcelain verliert auch nach langer Zeit des Gebrauchs nicht seinen unvergleichlichen Glanz.<br \/>\nSammlerst\u00fcck: Die j\u00e4hrliche Osterausgabe wird mit einem goldenen Bodenstempel und einer hochwertigen Geschenkbox geliefert.<br \/>\nLegen Sie ein Osterporzellan in limitierter Auflage in das Osternest!<\/p>\n<p>&nbsp;<\/p>\n","protected":false},"excerpt":{"rendered":"<p><strong>Annual Easter Edition &#8211; Ei 2025 <\/strong><br \/>\nMATERIAL: Premium Porcelain<br \/>\nFARBE: mehrfarbig<br \/>\nABMESSUNGEN: ca. 4,6 cm x 5,5 cm x 7,8cm<br \/>\nGARANTIERT SP\u00dcLGERECHT: Nicht<br \/>\nMIKROWELLENKOMPATIBEL: Nicht<br \/>\nGESCHENKVERPACKUNG: kostenlos, auf Anfrage<br \/>\nREF. ARTIKEL: 1486276606 <\/p>\n<p>&nbsp;<\/p>\n","protected":false},"featured_media":16277,"template":"","meta":[],"location":[959,1209],"product_brand":[],"product_cat":[2458,1311,740,2451,1310,1309],"product_tag":[743,1316,1315,1314],"class_list":{"0":"post-16275","1":"product","2":"type-product","3":"status-publish","4":"has-post-thumbnail","6":"location-0-shop","7":"location-0-sous-sol","8":"product_cat-annual-easter-edition-de","9":"product_cat-dekoration","10":"product_cat-fruehling","11":"product_cat-neuheiten","12":"product_cat-ostern","13":"product_cat-villeroy-boch-de","14":"product_tag-decoration-de","15":"product_tag-edition-annuelle-de","16":"product_tag-edition-limitee-de","17":"product_tag-oeuf-de","19":"first","20":"instock","21":"shipping-taxable","22":"purchasable","23":"product-type-simple"},"supplier_id":9071,"supplier_sku":"1486276606","barcode":"4003686446939","atum_controlled":true,"out_stock_date":null,"out_stock_threshold":null,"inheritable":false,"inbound_stock":0,"stock_on_hold":0,"sold_today":0,"sales_last_days":0,"reserved_stock":null,"customer_returns":null,"warehouse_damage":null,"lost_in_post":null,"other_logs":null,"out_stock_days":0,"lost_sales":0,"has_location":true,"update_date":"2025-07-19T06:26:48","atum_locations":[{"id":960,"name":"0 SHOP","slug":"0-shop"},{"id":1208,"name":"0 SOUS SOL","slug":"sous-sol"}],"atum_stock_status":"instock","restock_status":false,"low_stock_amount":"","sales_update_date":"2025-07-19T06:26:48","calc_backorders":0,"locations":[],"_links":{"self":[{"href":"https:\/\/delices.lu\/de\/wp-json\/wp\/v2\/product\/16275","targetHints":{"allow":["GET"]}}],"collection":[{"href":"https:\/\/delices.lu\/de\/wp-json\/wp\/v2\/product"}],"about":[{"href":"https:\/\/delices.lu\/de\/wp-json\/wp\/v2\/types\/product"}],"wp:featuredmedia":[{"embeddable":true,"href":"https:\/\/delices.lu\/de\/wp-json\/wp\/v2\/media\/16277"}],"wp:attachment":[{"href":"https:\/\/delices.lu\/de\/wp-json\/wp\/v2\/media?parent=16275"}],"wp:term":[{"taxonomy":"location","embeddable":true,"href":"https:\/\/delices.lu\/de\/wp-json\/wp\/v2\/location?post=16275"},{"taxonomy":"product_brand","embeddable":true,"href":"https:\/\/delices.lu\/de\/wp-json\/wp\/v2\/product_brand?post=16275"},{"taxonomy":"product_cat","embeddable":true,"href":"https:\/\/delices.lu\/de\/wp-json\/wp\/v2\/product_cat?post=16275"},{"taxonomy":"product_tag","embeddable":true,"href":"https:\/\/delices.lu\/de\/wp-json\/wp\/v2\/product_tag?post=16275"}],"curies":[{"name":"wp","href":"https:\/\/api.w.org\/{rel}","templated":true}]}}