{"id":16284,"date":"2025-06-01T00:00:26","date_gmt":"2025-03-23T08:42:58","guid":{"rendered":"https:\/\/delices.lu\/produit\/spring-awakening-hohle-servierplatte\/"},"modified":"2025-03-23T09:42:58","modified_gmt":"2025-03-23T08:42:58","slug":"spring-awakening-hohle-servierplatte","status":"publish","type":"product","link":"https:\/\/delices.lu\/de\/produit\/spring-awakening-hohle-servierplatte\/","title":{"rendered":"Spring Awakening &#8211; Hohle Servierplatte"},"content":{"rendered":"<p><strong>Gro\u00dfe Schale mit einem sch\u00f6nen Fr\u00fchlingsmotiv<\/strong><br \/>\nMit Narzissen, Schneegl\u00f6ckchen und Glockenblumen bringt die Spring Awakening Kollektion den Fr\u00fchling in Ihr Zuhause.<br \/>\nDas detailreiche Dekor ist besonders sch\u00f6n zum Sammeln und Verschenken.<br \/>\nDiese Spring Awakening Servierschale eignet sich f\u00fcr s\u00fc\u00dfe Leckereien, k\u00f6stliche Beilagen zum Ostermen\u00fc oder raffinierte Desserts.<br \/>\nGenie\u00dfen Sie Ostern mit Ihren Lieben.<\/p>\n","protected":false},"excerpt":{"rendered":"<p><strong>Spring Awakening &#8211; Hohle Servierschale<\/strong><br \/>\nFarbe: mehrfarbig<br \/>\nMaterial: Premium Porcelain<br \/>\nPflegehinweis: Handw\u00e4sche empfohlen<br \/>\nMikrowellengeeignet: Ja<br \/>\nDurchmesser: 304 mm<br \/>\nH\u00f6he: 51 mm<br \/>\nVolumen: 750 ml<br \/>\nGeschenkverpackung: kostenlos, auf Anfrage<br \/>\nArtikelnummer: 1486383772 <\/p>\n","protected":false},"featured_media":16286,"template":"","meta":[],"location":[959,1209],"product_brand":[],"product_cat":[1354,1356,740,1310,2242,1357,1309],"product_tag":[1358,1360,1361,2243],"class_list":{"0":"post-16284","1":"product","2":"type-product","3":"status-publish","4":"has-post-thumbnail","6":"location-0-shop","7":"location-0-sous-sol","8":"product_cat-art-de-la-table-de","9":"product_cat-coupe-de","10":"product_cat-fruehling","11":"product_cat-ostern","12":"product_cat-schussel","13":"product_cat-spring-awakening-de","14":"product_cat-villeroy-boch-de","15":"product_tag-coupe-de","16":"product_tag-decors-de-paques-de","17":"product_tag-printemps-de","18":"product_tag-schussel","20":"first","21":"instock","22":"shipping-taxable","23":"purchasable","24":"product-type-simple"},"supplier_id":9071,"supplier_sku":"1486383772","barcode":"4003686357433","atum_controlled":true,"out_stock_date":null,"out_stock_threshold":0,"inheritable":false,"inbound_stock":0,"stock_on_hold":0,"sold_today":0,"sales_last_days":0,"reserved_stock":null,"customer_returns":null,"warehouse_damage":null,"lost_in_post":null,"other_logs":null,"out_stock_days":0,"lost_sales":0,"has_location":true,"update_date":"2025-07-19T06:26:49","atum_locations":[{"id":960,"name":"0 SHOP","slug":"0-shop"},{"id":1208,"name":"0 SOUS SOL","slug":"sous-sol"}],"atum_stock_status":"instock","restock_status":false,"low_stock_amount":"","sales_update_date":"2025-07-19T06:26:49","calc_backorders":0,"locations":[],"_links":{"self":[{"href":"https:\/\/delices.lu\/de\/wp-json\/wp\/v2\/product\/16284","targetHints":{"allow":["GET"]}}],"collection":[{"href":"https:\/\/delices.lu\/de\/wp-json\/wp\/v2\/product"}],"about":[{"href":"https:\/\/delices.lu\/de\/wp-json\/wp\/v2\/types\/product"}],"wp:featuredmedia":[{"embeddable":true,"href":"https:\/\/delices.lu\/de\/wp-json\/wp\/v2\/media\/16286"}],"wp:attachment":[{"href":"https:\/\/delices.lu\/de\/wp-json\/wp\/v2\/media?parent=16284"}],"wp:term":[{"taxonomy":"location","embeddable":true,"href":"https:\/\/delices.lu\/de\/wp-json\/wp\/v2\/location?post=16284"},{"taxonomy":"product_brand","embeddable":true,"href":"https:\/\/delices.lu\/de\/wp-json\/wp\/v2\/product_brand?post=16284"},{"taxonomy":"product_cat","embeddable":true,"href":"https:\/\/delices.lu\/de\/wp-json\/wp\/v2\/product_cat?post=16284"},{"taxonomy":"product_tag","embeddable":true,"href":"https:\/\/delices.lu\/de\/wp-json\/wp\/v2\/product_tag?post=16284"}],"curies":[{"name":"wp","href":"https:\/\/api.w.org\/{rel}","templated":true}]}}