{"id":16285,"date":"2025-03-02T00:00:20","date_gmt":"2025-03-23T08:42:58","guid":{"rendered":"https:\/\/delices.lu\/produit\/spring-awakening-kaffeetasse\/"},"modified":"2025-03-23T09:42:58","modified_gmt":"2025-03-23T08:42:58","slug":"spring-awakening-kaffeetasse","status":"publish","type":"product","link":"https:\/\/delices.lu\/de\/produit\/spring-awakening-kaffeetasse\/","title":{"rendered":"Spring Awakening &#8211; Kaffeetasse"},"content":{"rendered":"<p><strong>Kaffeetasse mit einem sch\u00f6nen Fr\u00fchlingsmotiv<\/strong><br \/>\nMit Narzissen, Schneegl\u00f6ckchen und Glockenblumen bringt die Spring Awakening Kollektion den Fr\u00fchling in Ihr Zuhause. Das detailreiche Dekor ist besonders sch\u00f6n zum Sammeln und Verschenken. Serviert in dieser Kaffeetasse Spring Awakening k\u00f6nnen Sie Ihren frisch gebr\u00fchten Kaffee auf die richtige Art und Weise genie\u00dfen. Der Artikel wird in einer Ostergeschenkverpackung geliefert. Genie\u00dfen Sie das Osterfest mit Ihren Lieben.    <\/p>\n","protected":false},"excerpt":{"rendered":"<p><strong>Spring Awakening Kaffeetasse<\/strong><br \/>\nMATERIAL: Premium Porcelain<br \/>\nGR\u00d6\u00dfE . ca. 230 ml<br \/>\nFARBE: gelb, gr\u00fcn<br \/>\nGARANTIERT SP\u00dcLMASCHINENGARANTIE: Nein<br \/>\nMIKROWELLENKOMPATIBEL: Ja<br \/>\nGESCHENKVERPACKUNG: kostenlos, auf Anfrage<br \/>\nREF. ARTIKEL: 1486381301  <\/p>\n","protected":false},"featured_media":16288,"template":"","meta":[],"location":[979],"product_brand":[],"product_cat":[740,1310,1357,2235,2163,1309],"product_tag":[1154,2395,2165],"class_list":{"0":"post-16285","1":"product","2":"type-product","3":"status-publish","4":"has-post-thumbnail","6":"location-07-2","7":"product_cat-fruehling","8":"product_cat-ostern","9":"product_cat-spring-awakening-de","10":"product_cat-tasse-de","11":"product_cat-tasse-krug","12":"product_cat-villeroy-boch-de","13":"product_tag-mug-becher","14":"product_tag-ohne-untertasse","15":"product_tag-tasse-de","17":"first","18":"instock","19":"shipping-taxable","20":"purchasable","21":"product-type-simple"},"supplier_id":9071,"supplier_sku":"1486381301","barcode":null,"atum_controlled":true,"out_stock_date":null,"out_stock_threshold":null,"inheritable":false,"inbound_stock":0,"stock_on_hold":0,"sold_today":0,"sales_last_days":0,"reserved_stock":0,"customer_returns":0,"warehouse_damage":null,"lost_in_post":0,"other_logs":0,"out_stock_days":0,"lost_sales":0,"has_location":false,"update_date":"2025-07-19T06:26:47","atum_locations":[{"id":850,"name":"072","slug":"072"}],"atum_stock_status":"instock","restock_status":false,"low_stock_amount":"","sales_update_date":"2025-07-19T06:26:47","calc_backorders":0,"locations":[],"_links":{"self":[{"href":"https:\/\/delices.lu\/de\/wp-json\/wp\/v2\/product\/16285","targetHints":{"allow":["GET"]}}],"collection":[{"href":"https:\/\/delices.lu\/de\/wp-json\/wp\/v2\/product"}],"about":[{"href":"https:\/\/delices.lu\/de\/wp-json\/wp\/v2\/types\/product"}],"wp:featuredmedia":[{"embeddable":true,"href":"https:\/\/delices.lu\/de\/wp-json\/wp\/v2\/media\/16288"}],"wp:attachment":[{"href":"https:\/\/delices.lu\/de\/wp-json\/wp\/v2\/media?parent=16285"}],"wp:term":[{"taxonomy":"location","embeddable":true,"href":"https:\/\/delices.lu\/de\/wp-json\/wp\/v2\/location?post=16285"},{"taxonomy":"product_brand","embeddable":true,"href":"https:\/\/delices.lu\/de\/wp-json\/wp\/v2\/product_brand?post=16285"},{"taxonomy":"product_cat","embeddable":true,"href":"https:\/\/delices.lu\/de\/wp-json\/wp\/v2\/product_cat?post=16285"},{"taxonomy":"product_tag","embeddable":true,"href":"https:\/\/delices.lu\/de\/wp-json\/wp\/v2\/product_tag?post=16285"}],"curies":[{"name":"wp","href":"https:\/\/api.w.org\/{rel}","templated":true}]}}