{"id":16305,"date":"2025-03-02T00:00:39","date_gmt":"2025-03-23T08:43:10","guid":{"rendered":"https:\/\/delices.lu\/produit\/spring-awakening-eierschiff\/"},"modified":"2025-03-23T09:43:10","modified_gmt":"2025-03-23T08:43:10","slug":"spring-awakening-eierschiff","status":"publish","type":"product","link":"https:\/\/delices.lu\/de\/produit\/spring-awakening-eierschiff\/","title":{"rendered":"Spring Awakening &#8211; Eierschiff"},"content":{"rendered":"<p><strong>Eierschiff mit handbemalten Osterfiguren<\/strong><br \/>\nMit Narzissen, Schneegl\u00f6ckchen und Glockenblumen bringt die Spring Awakening Kollektion den Fr\u00fchling in Ihr Zuhause. Die detailreiche Dekoration ist besonders sch\u00f6n zum Sammeln und Verschenken. Dieses Eierschiff mit seinen handbemalten Spring Awakening Hahn- und Hennenfiguren ist eine originelle Art, Eier zu servieren. Genie\u00dfen Sie das Osterfest mit Ihren Lieben.   <\/p>\n","protected":false},"excerpt":{"rendered":"<p>MATERIAL: Hochwertiges Porzellan<br \/>\nFARBE: gelb gr\u00fcn<br \/>\nGARANTIE SP\u00dcLMASCHINENGARANTIE: Nein<br \/>\nMIKROWELLENKOMPATIBEL: Ja<br \/>\nGESCHENKVERPACKUNG: kostenlos, auf Anfrage<br \/>\nREF. ARTIKEL: 1486383592 <\/p>\n","protected":false},"featured_media":16306,"template":"","meta":[],"location":[959,1209],"product_brand":[],"product_cat":[740,1310,1357,1309],"product_tag":[2226,1314,2557],"class_list":{"0":"post-16305","1":"product","2":"type-product","3":"status-publish","4":"has-post-thumbnail","6":"location-0-shop","7":"location-0-sous-sol","8":"product_cat-fruehling","9":"product_cat-ostern","10":"product_cat-spring-awakening-de","11":"product_cat-villeroy-boch-de","12":"product_tag-eierbecher","13":"product_tag-oeuf-de","14":"product_tag-schiff","16":"first","17":"instock","18":"shipping-taxable","19":"purchasable","20":"product-type-simple"},"supplier_id":9071,"supplier_sku":"1486383592","barcode":"4003686325470","atum_controlled":true,"out_stock_date":null,"out_stock_threshold":0,"inheritable":false,"inbound_stock":0,"stock_on_hold":0,"sold_today":0,"sales_last_days":0,"reserved_stock":0,"customer_returns":0,"warehouse_damage":null,"lost_in_post":0,"other_logs":0,"out_stock_days":0,"lost_sales":0,"has_location":false,"update_date":"2025-07-19T06:26:47","atum_locations":[{"id":960,"name":"0 SHOP","slug":"0-shop"},{"id":1208,"name":"0 SOUS SOL","slug":"sous-sol"}],"atum_stock_status":"instock","restock_status":false,"low_stock_amount":"","sales_update_date":"2025-07-19T06:26:47","calc_backorders":0,"locations":[],"_links":{"self":[{"href":"https:\/\/delices.lu\/de\/wp-json\/wp\/v2\/product\/16305","targetHints":{"allow":["GET"]}}],"collection":[{"href":"https:\/\/delices.lu\/de\/wp-json\/wp\/v2\/product"}],"about":[{"href":"https:\/\/delices.lu\/de\/wp-json\/wp\/v2\/types\/product"}],"wp:featuredmedia":[{"embeddable":true,"href":"https:\/\/delices.lu\/de\/wp-json\/wp\/v2\/media\/16306"}],"wp:attachment":[{"href":"https:\/\/delices.lu\/de\/wp-json\/wp\/v2\/media?parent=16305"}],"wp:term":[{"taxonomy":"location","embeddable":true,"href":"https:\/\/delices.lu\/de\/wp-json\/wp\/v2\/location?post=16305"},{"taxonomy":"product_brand","embeddable":true,"href":"https:\/\/delices.lu\/de\/wp-json\/wp\/v2\/product_brand?post=16305"},{"taxonomy":"product_cat","embeddable":true,"href":"https:\/\/delices.lu\/de\/wp-json\/wp\/v2\/product_cat?post=16305"},{"taxonomy":"product_tag","embeddable":true,"href":"https:\/\/delices.lu\/de\/wp-json\/wp\/v2\/product_tag?post=16305"}],"curies":[{"name":"wp","href":"https:\/\/api.w.org\/{rel}","templated":true}]}}