{"id":16314,"date":"2025-03-02T00:00:17","date_gmt":"2025-03-23T08:47:53","guid":{"rendered":"https:\/\/delices.lu\/produit\/spring-awakening-schnitt\/"},"modified":"2025-03-23T09:47:53","modified_gmt":"2025-03-23T08:47:53","slug":"spring-awakening-schnitt","status":"publish","type":"product","link":"https:\/\/delices.lu\/de\/produit\/spring-awakening-schnitt\/","title":{"rendered":"Spring Awakening &#8211; Schnitt"},"content":{"rendered":"<p><strong>Schale mit einem sch\u00f6nen Fr\u00fchlingsmotiv<\/strong><br \/>\nMit Narzissen, Schneegl\u00f6ckchen und Glockenblumen bringt die Spring Awakening Kollektion den Fr\u00fchling in Ihr Zuhause. Das detailreiche Dekor ist besonders sch\u00f6n zum Sammeln und Verschenken. Die Schale Spring Awakening eignet sich f\u00fcr s\u00fc\u00dfe Leckereien, k\u00f6stliche Beilagen zum Ostermen\u00fc oder raffinierte Desserts. Genie\u00dfen Sie das Osterfest mit Ihren Lieben.   <\/p>\n","protected":false},"excerpt":{"rendered":"<p>MATERIAL: Hochwertiges Porzellan<br \/>\nDURCHMESSER: ca. 240 mm<br \/>\nFARBE: gelb gr\u00fcn<br \/>\nGARANTIE SP\u00dcLMASCHINENGARANTIE: Nein<br \/>\nMIKROWELLENKOMPATIBEL: Ja<br \/>\nREF. ARTIKEL: 1486383882 <\/p>\n","protected":false},"featured_media":16316,"template":"","meta":[],"location":[],"product_brand":[],"product_cat":[1356,740,1310,1357,2231,1309],"product_tag":[1358,1360,1361,2248],"class_list":{"0":"post-16314","1":"product","2":"type-product","3":"status-publish","4":"has-post-thumbnail","6":"product_cat-coupe-de","7":"product_cat-fruehling","8":"product_cat-ostern","9":"product_cat-spring-awakening-de","10":"product_cat-teller","11":"product_cat-villeroy-boch-de","12":"product_tag-coupe-de","13":"product_tag-decors-de-paques-de","14":"product_tag-printemps-de","15":"product_tag-teller","17":"first","18":"instock","19":"shipping-taxable","20":"purchasable","21":"product-type-simple"},"supplier_id":9071,"supplier_sku":"1486383882","barcode":"4003686357440","atum_controlled":true,"out_stock_date":"2024-08-24 11:30:03","out_stock_threshold":0,"inheritable":false,"inbound_stock":0,"stock_on_hold":0,"sold_today":0,"sales_last_days":0,"reserved_stock":0,"customer_returns":0,"warehouse_damage":null,"lost_in_post":0,"other_logs":0,"out_stock_days":328,"lost_sales":0,"has_location":false,"update_date":"2025-07-19T06:26:47","atum_locations":[],"atum_stock_status":"onbackorder","restock_status":false,"low_stock_amount":"","sales_update_date":"2025-07-19T06:26:47","calc_backorders":0,"locations":[],"_links":{"self":[{"href":"https:\/\/delices.lu\/de\/wp-json\/wp\/v2\/product\/16314","targetHints":{"allow":["GET"]}}],"collection":[{"href":"https:\/\/delices.lu\/de\/wp-json\/wp\/v2\/product"}],"about":[{"href":"https:\/\/delices.lu\/de\/wp-json\/wp\/v2\/types\/product"}],"wp:featuredmedia":[{"embeddable":true,"href":"https:\/\/delices.lu\/de\/wp-json\/wp\/v2\/media\/16316"}],"wp:attachment":[{"href":"https:\/\/delices.lu\/de\/wp-json\/wp\/v2\/media?parent=16314"}],"wp:term":[{"taxonomy":"location","embeddable":true,"href":"https:\/\/delices.lu\/de\/wp-json\/wp\/v2\/location?post=16314"},{"taxonomy":"product_brand","embeddable":true,"href":"https:\/\/delices.lu\/de\/wp-json\/wp\/v2\/product_brand?post=16314"},{"taxonomy":"product_cat","embeddable":true,"href":"https:\/\/delices.lu\/de\/wp-json\/wp\/v2\/product_cat?post=16314"},{"taxonomy":"product_tag","embeddable":true,"href":"https:\/\/delices.lu\/de\/wp-json\/wp\/v2\/product_tag?post=16314"}],"curies":[{"name":"wp","href":"https:\/\/api.w.org\/{rel}","templated":true}]}}