{"id":16323,"date":"2025-04-04T00:00:13","date_gmt":"2025-03-23T08:47:55","guid":{"rendered":"https:\/\/delices.lu\/produit\/spring-fantasy-grosser-kelch\/"},"modified":"2025-03-23T09:47:55","modified_gmt":"2025-03-23T08:47:55","slug":"spring-fantasy-grosser-kelch","status":"publish","type":"product","link":"https:\/\/delices.lu\/de\/produit\/spring-fantasy-grosser-kelch\/","title":{"rendered":"Spring Fantasy &#8211; Gro\u00dfer Kelch"},"content":{"rendered":"<p><strong>Servier- oder Dekoschale<\/strong><br \/>\nWillkommen in der Welt der poetischen Osterzeit mit Villeroy &amp; Boch! In den detailreichen Motiven unserer Spring Fantasy Kollektion tummeln sich besondere Osterhasen fr\u00f6hlich in einer nostalgischen Welt mit Fr\u00fchlingsgef\u00fchlen. Sie ist ideal als Blickfang auf Ihrem Ostertisch, als dekorative Idee und als charmantes Geschenk. Diese gro\u00dfe Schale in Form einer Blume ist kunstvoll verziert und stellt eine wundersch\u00f6ne Osterdekoration dar.<br \/>\nFeiern Sie Ostern mit den sch\u00f6n nostalgischen St\u00fccken von Villeroy &amp; Boch.   <\/p>\n","protected":false},"excerpt":{"rendered":"<p><strong>Spring Fantasy gro\u00dfe Schale, Blumenfeld, 670 ml<\/strong><\/p>\n<p>MATERIAL: Premium Porcelain<br \/>\nDURCHMESSER: ca. 303 mm<br \/>\nGR\u00d6SSE: ca. 670 ml<br \/>\nFARBE: gr\u00fcn, wei\u00df<br \/>\nGARANTIE SP\u00dcLMASCHINENGARANTIE: Nein<br \/>\nMIKROWELLENKOMPATIBEL: Ja<br \/>\nGESCHENKVERPACKUNG: kostenlos, auf Anfrage<br \/>\nREF. ARTIKEL: 1486443778 <\/p>\n<p>&nbsp;<\/p>\n","protected":false},"featured_media":16324,"template":"","meta":[],"location":[984],"product_brand":[],"product_cat":[1354,1356,1311,740,1310,2488,1309],"product_tag":[1358,743],"class_list":{"0":"post-16323","1":"product","2":"type-product","3":"status-publish","4":"has-post-thumbnail","6":"location-08-2","7":"product_cat-art-de-la-table-de","8":"product_cat-coupe-de","9":"product_cat-dekoration","10":"product_cat-fruehling","11":"product_cat-ostern","12":"product_cat-spring-fantasy-de","13":"product_cat-villeroy-boch-de","14":"product_tag-coupe-de","15":"product_tag-decoration-de","17":"first","18":"instock","19":"shipping-taxable","20":"purchasable","21":"product-type-simple"},"supplier_id":9071,"supplier_sku":"1486443778","barcode":"4003686409477","atum_controlled":true,"out_stock_date":null,"out_stock_threshold":null,"inheritable":false,"inbound_stock":0,"stock_on_hold":0,"sold_today":0,"sales_last_days":0,"reserved_stock":0,"customer_returns":0,"warehouse_damage":null,"lost_in_post":0,"other_logs":0,"out_stock_days":0,"lost_sales":0,"has_location":false,"update_date":"2025-07-19T06:26:48","atum_locations":[{"id":845,"name":"082","slug":"082"}],"atum_stock_status":"instock","restock_status":false,"low_stock_amount":"","sales_update_date":"2025-07-19T06:26:48","calc_backorders":0,"locations":[],"_links":{"self":[{"href":"https:\/\/delices.lu\/de\/wp-json\/wp\/v2\/product\/16323","targetHints":{"allow":["GET"]}}],"collection":[{"href":"https:\/\/delices.lu\/de\/wp-json\/wp\/v2\/product"}],"about":[{"href":"https:\/\/delices.lu\/de\/wp-json\/wp\/v2\/types\/product"}],"wp:featuredmedia":[{"embeddable":true,"href":"https:\/\/delices.lu\/de\/wp-json\/wp\/v2\/media\/16324"}],"wp:attachment":[{"href":"https:\/\/delices.lu\/de\/wp-json\/wp\/v2\/media?parent=16323"}],"wp:term":[{"taxonomy":"location","embeddable":true,"href":"https:\/\/delices.lu\/de\/wp-json\/wp\/v2\/location?post=16323"},{"taxonomy":"product_brand","embeddable":true,"href":"https:\/\/delices.lu\/de\/wp-json\/wp\/v2\/product_brand?post=16323"},{"taxonomy":"product_cat","embeddable":true,"href":"https:\/\/delices.lu\/de\/wp-json\/wp\/v2\/product_cat?post=16323"},{"taxonomy":"product_tag","embeddable":true,"href":"https:\/\/delices.lu\/de\/wp-json\/wp\/v2\/product_tag?post=16323"}],"curies":[{"name":"wp","href":"https:\/\/api.w.org\/{rel}","templated":true}]}}