{"id":16327,"date":"2025-03-02T00:00:16","date_gmt":"2025-03-23T08:47:56","guid":{"rendered":"https:\/\/delices.lu\/produit\/mini-flower-bells-osterglocke-set-2tlg\/"},"modified":"2025-03-23T09:47:56","modified_gmt":"2025-03-23T08:47:56","slug":"mini-flower-bells-osterglocke-set-2tlg","status":"publish","type":"product","link":"https:\/\/delices.lu\/de\/produit\/mini-flower-bells-osterglocke-set-2tlg\/","title":{"rendered":"Mini Flower Bells &#8211; Osterglocke &#8211; Set 2tlg."},"content":{"rendered":"<p><strong>Handgemalte Fr\u00fchlingsblume in Form eines Porzellangl\u00f6ckchens<\/strong><br \/>\nMit den charmanten und filigranen Ornamenten der Mini Flower Bells Kollektion k\u00f6nnen Sie Ihrer Dekoration stilvoll den letzten Schliff verleihen. Diese detailreichen Blumengl\u00f6ckchen setzen farbenfrohe Akzente. Ob am Osterbaum, am Fenster, auf dem Tisch oder als H\u00e4ngedekoration, diese beiden Mini Flower Bells Osterglocken sind handbemalt und eignen sich perfekt zum Sammeln und Verschenken. Die Artikel werden in einer Ostergeschenkverpackung geliefert. Dekorieren Sie mit viel Liebe zu Ostern.    <\/p>\n","protected":false},"excerpt":{"rendered":"<p><strong>Mini Flower Bells<\/strong><br \/>\n<strong>H\u00e4ngeleuchte aus Porzellan, Osterglocke<\/strong><br \/>\n2er-Set<br \/>\nMATERIAL: Premium Porcelain<br \/>\nFARBE: gelb<br \/>\nGARANTIE SP\u00dcLMASCHINENGARANTIE: Nicht<br \/>\nMIKROWELLENKOMPATIBEL: Nicht<br \/>\nGESCHENKVERPACKUNG: Kostenlos, auf Anfrage<br \/>\nREF. ARTIKEL: 1454875522 <\/p>\n","protected":false},"featured_media":16328,"template":"","meta":[],"location":[959],"product_brand":[],"product_cat":[1311,740,2558,1310,1309],"product_tag":[743,2493],"class_list":{"0":"post-16327","1":"product","2":"type-product","3":"status-publish","4":"has-post-thumbnail","6":"location-0-shop","7":"product_cat-dekoration","8":"product_cat-fruehling","9":"product_cat-mini-flower-bells-de","10":"product_cat-ostern","11":"product_cat-villeroy-boch-de","12":"product_tag-decoration-de","13":"product_tag-handbemalt","15":"first","16":"instock","17":"shipping-taxable","18":"purchasable","19":"product-type-simple"},"supplier_id":9071,"supplier_sku":"1454875522","barcode":"4003686307315","atum_controlled":true,"out_stock_date":null,"out_stock_threshold":null,"inheritable":false,"inbound_stock":0,"stock_on_hold":0,"sold_today":0,"sales_last_days":0,"reserved_stock":0,"customer_returns":0,"warehouse_damage":null,"lost_in_post":0,"other_logs":0,"out_stock_days":0,"lost_sales":0,"has_location":false,"update_date":"2025-07-19T06:26:47","atum_locations":[{"id":960,"name":"0 SHOP","slug":"0-shop"}],"atum_stock_status":"instock","restock_status":false,"low_stock_amount":"","sales_update_date":"2025-07-19T06:26:47","calc_backorders":0,"locations":[],"_links":{"self":[{"href":"https:\/\/delices.lu\/de\/wp-json\/wp\/v2\/product\/16327","targetHints":{"allow":["GET"]}}],"collection":[{"href":"https:\/\/delices.lu\/de\/wp-json\/wp\/v2\/product"}],"about":[{"href":"https:\/\/delices.lu\/de\/wp-json\/wp\/v2\/types\/product"}],"wp:featuredmedia":[{"embeddable":true,"href":"https:\/\/delices.lu\/de\/wp-json\/wp\/v2\/media\/16328"}],"wp:attachment":[{"href":"https:\/\/delices.lu\/de\/wp-json\/wp\/v2\/media?parent=16327"}],"wp:term":[{"taxonomy":"location","embeddable":true,"href":"https:\/\/delices.lu\/de\/wp-json\/wp\/v2\/location?post=16327"},{"taxonomy":"product_brand","embeddable":true,"href":"https:\/\/delices.lu\/de\/wp-json\/wp\/v2\/product_brand?post=16327"},{"taxonomy":"product_cat","embeddable":true,"href":"https:\/\/delices.lu\/de\/wp-json\/wp\/v2\/product_cat?post=16327"},{"taxonomy":"product_tag","embeddable":true,"href":"https:\/\/delices.lu\/de\/wp-json\/wp\/v2\/product_tag?post=16327"}],"curies":[{"name":"wp","href":"https:\/\/api.w.org\/{rel}","templated":true}]}}