{"id":16385,"date":"2025-03-02T00:00:11","date_gmt":"2025-03-23T09:30:24","guid":{"rendered":"https:\/\/delices.lu\/produit\/spring-fantasy-tischset-mama-und-anna\/"},"modified":"2025-03-23T10:30:24","modified_gmt":"2025-03-23T09:30:24","slug":"spring-fantasy-tischset-mama-und-anna","status":"publish","type":"product","link":"https:\/\/delices.lu\/de\/produit\/spring-fantasy-tischset-mama-und-anna\/","title":{"rendered":"Spring Fantasy &#8211; Tischset &#8211; Mama und Anna"},"content":{"rendered":"<p><strong>Tischset mit Retro-Osterdekor<\/strong><br \/>\nErleben Sie die m\u00e4rchenhaften Geschichten unserer beliebten Hasenfamilie mit dem Geschirr und den Tischaccessoires von Spring Fantasy. Mit diesem Spring Fantasy Tischset verleihen Sie Ihrem Tisch den letzten Schliff. Verf\u00fchren Sie Ihre G\u00e4ste zum Brunch, Mittag- oder Abendessen mit einer harmonischen Dekoration. Entdecken Sie die fantasievolle Kollektion f\u00fcr Ostern. Passend zu der Porzellanserie gibt es auch das Tischset aus 70% Baumwolle und 30% Polyester.    <\/p>\n","protected":false},"excerpt":{"rendered":"<p><strong>Spring Fantasy &#8211; Tischset<br \/>\nMama und Anna<br \/>\n MATERIAL<\/strong>: 70 % Baumwolle und 30 % Polyester<br \/>\nGR\u00d6\u00dfE: ca. 32 cm x 48 cm<br \/>\nFARBE: mehrfarbig<br \/>\nGARANTIERT SP\u00dcLGERECHT: Nicht<br \/>\nMIKROWELLENKOMPATIBEL: Nicht<br \/>\nGESCHENKVERPACKUNG: Kostenlos, auf Anfrage<br \/>\nREF. ARTIKEL: 1486446124 <\/p>\n<p>&nbsp;<\/p>\n","protected":false},"featured_media":15799,"template":"","meta":[],"location":[959,1209],"product_brand":[],"product_cat":[1311,740,1310,2488,2556,1309],"product_tag":[2358],"class_list":{"0":"post-16385","1":"product","2":"type-product","3":"status-publish","4":"has-post-thumbnail","6":"location-0-shop","7":"location-0-sous-sol","8":"product_cat-dekoration","9":"product_cat-fruehling","10":"product_cat-ostern","11":"product_cat-spring-fantasy-de","12":"product_cat-tischset","13":"product_cat-villeroy-boch-de","14":"product_tag-tischset","16":"first","17":"instock","18":"shipping-taxable","19":"purchasable","20":"product-type-simple"},"supplier_id":9071,"supplier_sku":"1486446124","barcode":"4003686410510","atum_controlled":true,"out_stock_date":null,"out_stock_threshold":null,"inheritable":false,"inbound_stock":0,"stock_on_hold":0,"sold_today":0,"sales_last_days":0,"reserved_stock":0,"customer_returns":0,"warehouse_damage":0,"lost_in_post":0,"other_logs":0,"out_stock_days":0,"lost_sales":0,"has_location":true,"update_date":"2025-07-19T06:26:47","atum_locations":[{"id":960,"name":"0 SHOP","slug":"0-shop"},{"id":1208,"name":"0 SOUS SOL","slug":"sous-sol"}],"atum_stock_status":"instock","restock_status":false,"low_stock_amount":"","sales_update_date":"2025-07-19T06:26:47","calc_backorders":0,"locations":[],"_links":{"self":[{"href":"https:\/\/delices.lu\/de\/wp-json\/wp\/v2\/product\/16385","targetHints":{"allow":["GET"]}}],"collection":[{"href":"https:\/\/delices.lu\/de\/wp-json\/wp\/v2\/product"}],"about":[{"href":"https:\/\/delices.lu\/de\/wp-json\/wp\/v2\/types\/product"}],"wp:featuredmedia":[{"embeddable":true,"href":"https:\/\/delices.lu\/de\/wp-json\/wp\/v2\/media\/15799"}],"wp:attachment":[{"href":"https:\/\/delices.lu\/de\/wp-json\/wp\/v2\/media?parent=16385"}],"wp:term":[{"taxonomy":"location","embeddable":true,"href":"https:\/\/delices.lu\/de\/wp-json\/wp\/v2\/location?post=16385"},{"taxonomy":"product_brand","embeddable":true,"href":"https:\/\/delices.lu\/de\/wp-json\/wp\/v2\/product_brand?post=16385"},{"taxonomy":"product_cat","embeddable":true,"href":"https:\/\/delices.lu\/de\/wp-json\/wp\/v2\/product_cat?post=16385"},{"taxonomy":"product_tag","embeddable":true,"href":"https:\/\/delices.lu\/de\/wp-json\/wp\/v2\/product_tag?post=16385"}],"curies":[{"name":"wp","href":"https:\/\/api.w.org\/{rel}","templated":true}]}}