{"id":16395,"date":"2025-04-29T00:00:01","date_gmt":"2025-03-23T09:36:47","guid":{"rendered":"https:\/\/delices.lu\/produit\/spring-awakening-platzteller\/"},"modified":"2025-03-23T10:36:47","modified_gmt":"2025-03-23T09:36:47","slug":"spring-awakening-platzteller","status":"publish","type":"product","link":"https:\/\/delices.lu\/de\/produit\/spring-awakening-platzteller\/","title":{"rendered":"Spring Awakening &#8211; Platzteller"},"content":{"rendered":"<p><strong>Teller mit einem sch\u00f6nen Fr\u00fchlingsmotiv<\/strong><br \/>\nMit Narzissen, Schneegl\u00f6ckchen und Glockenblumen bringt die Spring Awakening Kollektion den Fr\u00fchling in Ihr Zuhause. Das detailreiche Dekor ist besonders sch\u00f6n zum Sammeln und Verschenken. Dieser flache Teller Spring Awakening ist perfekt f\u00fcr ein Mittag- oder Abendessen mit Familie oder Freunden w\u00e4hrend des Osterfestes. Der Artikel wird in einer Ostergeschenkverpackung geliefert. Genie\u00dfen Sie das Osterfest mit Ihren Lieben.    <\/p>\n","protected":false},"excerpt":{"rendered":"<p><strong>Spring Awakening &#8211; Platzteller<\/strong><br \/>\nMATERIAL: Premium Porcelain<br \/>\nDURCHMESSER: ca. 270 mm<br \/>\nFARBE: gelb gr\u00fcn<br \/>\nSP\u00dcLGER\u00c4TEGARANTIE: Nein<br \/>\nMIKROWELLENKOMPATIBEL: Ja<br \/>\nREF. ARTIKEL: 1486382620 <\/p>\n<p>&nbsp;<\/p>\n","protected":false},"featured_media":16396,"template":"","meta":[],"location":[976],"product_brand":[],"product_cat":[1354,740,1310,1357,2231,1309],"product_tag":[1360,2423,2248],"class_list":{"0":"post-16395","1":"product","2":"type-product","3":"status-publish","4":"has-post-thumbnail","6":"location-0-en-cde","7":"product_cat-art-de-la-table-de","8":"product_cat-fruehling","9":"product_cat-ostern","10":"product_cat-spring-awakening-de","11":"product_cat-teller","12":"product_cat-villeroy-boch-de","13":"product_tag-decors-de-paques-de","14":"product_tag-plate-de","15":"product_tag-teller","17":"first","18":"instock","19":"sold-individually","20":"shipping-taxable","21":"purchasable","22":"product-type-simple"},"supplier_id":9071,"supplier_sku":"1486382620","barcode":"4003686","atum_controlled":true,"out_stock_date":null,"out_stock_threshold":0,"inheritable":false,"inbound_stock":0,"stock_on_hold":0,"sold_today":0,"sales_last_days":0,"reserved_stock":0,"customer_returns":0,"warehouse_damage":null,"lost_in_post":0,"other_logs":0,"out_stock_days":0,"lost_sales":0,"has_location":false,"update_date":"2025-07-19T06:26:48","atum_locations":[{"id":977,"name":"0 EN CDE","slug":"0-en-cde"}],"atum_stock_status":"instock","restock_status":false,"low_stock_amount":"","sales_update_date":"2025-07-19T06:26:48","calc_backorders":0,"locations":[],"_links":{"self":[{"href":"https:\/\/delices.lu\/de\/wp-json\/wp\/v2\/product\/16395","targetHints":{"allow":["GET"]}}],"collection":[{"href":"https:\/\/delices.lu\/de\/wp-json\/wp\/v2\/product"}],"about":[{"href":"https:\/\/delices.lu\/de\/wp-json\/wp\/v2\/types\/product"}],"wp:featuredmedia":[{"embeddable":true,"href":"https:\/\/delices.lu\/de\/wp-json\/wp\/v2\/media\/16396"}],"wp:attachment":[{"href":"https:\/\/delices.lu\/de\/wp-json\/wp\/v2\/media?parent=16395"}],"wp:term":[{"taxonomy":"location","embeddable":true,"href":"https:\/\/delices.lu\/de\/wp-json\/wp\/v2\/location?post=16395"},{"taxonomy":"product_brand","embeddable":true,"href":"https:\/\/delices.lu\/de\/wp-json\/wp\/v2\/product_brand?post=16395"},{"taxonomy":"product_cat","embeddable":true,"href":"https:\/\/delices.lu\/de\/wp-json\/wp\/v2\/product_cat?post=16395"},{"taxonomy":"product_tag","embeddable":true,"href":"https:\/\/delices.lu\/de\/wp-json\/wp\/v2\/product_tag?post=16395"}],"curies":[{"name":"wp","href":"https:\/\/api.w.org\/{rel}","templated":true}]}}