{"id":16435,"date":"2025-02-27T12:05:13","date_gmt":"2025-03-23T11:38:22","guid":{"rendered":"https:\/\/delices.lu\/produit\/toys-delight-haushalt-30-teile\/"},"modified":"2025-03-23T12:38:22","modified_gmt":"2025-03-23T11:38:22","slug":"toys-delight-haushalt-30-teile","status":"publish","type":"product","link":"https:\/\/delices.lu\/de\/produit\/toys-delight-haushalt-30-teile\/","title":{"rendered":"Toy&#8217;s Delight &#8211; Haushalt &#8211; 30 Teile"},"content":{"rendered":"<p><strong>Toy&#8217;s Delight &#8211; Menage &#8211; Besteck &#8211; 30 tlg. &#8211; aus Edelstahl<\/strong><br \/>\nDie Toy&#8217;s Delight Kollektion bringt eine Retro-Weihnachtsstimmung in Ihr Zuhause. Diese Kollektion ist mit zarten und fantasievollen Spielzeugmotiven dekoriert, die Kindheitserinnerungen wecken. Zum Kombinieren, Sammeln und Verschenken. Dieses 30-teilige Besteckset mit liebevoll gravierten Spielzeugmotiven erg\u00e4nzt die Toy&#8217;s Delight Geschirrkollektion auf elegante Weise und l\u00e4sst die gedeckte Kaffeetafel festlich erstrahlen. Holen Sie sich jetzt diese fr\u00f6hliche Weihnachtskollektion!    <\/p>\n","protected":false},"excerpt":{"rendered":"<p><strong>Toy&#8217;s Delight &#8211; Menage &#8211; 30 Teile<br \/>\n<\/strong>Material: Edelstahl<br \/>\nFarbe: Silber\/Platin<br \/>\nF\u00fcr 6 Personen<br \/>\nGewicht: 1659 gr<br \/>\nsp\u00fclmaschinenfest: Ja<br \/>\nmikrowellengeeignet: Nein<br \/>\nArtikelreferenz: 1265649050 <\/p>\n","protected":false},"featured_media":16436,"template":"","meta":[],"location":[976,1338],"product_brand":[],"product_cat":[1354,2324,2451,2450,1309,2230,2448],"product_tag":[2560,2233],"class_list":{"0":"post-16435","1":"product","2":"type-product","3":"status-publish","4":"has-post-thumbnail","6":"location-0-en-cde","7":"location-s38","8":"product_cat-art-de-la-table-de","9":"product_cat-gedeckt","10":"product_cat-neuheiten","11":"product_cat-toys-delight-de","12":"product_cat-villeroy-boch-de","13":"product_cat-weihnachten","14":"product_cat-winter","15":"product_tag-30-teilige-menage","16":"product_tag-weihnachtsdekorationen","18":"first","19":"instock","20":"shipping-taxable","21":"purchasable","22":"product-type-simple"},"supplier_id":9071,"supplier_sku":"1265649050","barcode":"4003686439412","atum_controlled":true,"out_stock_date":null,"out_stock_threshold":null,"inheritable":false,"inbound_stock":null,"stock_on_hold":0,"sold_today":0,"sales_last_days":0,"reserved_stock":null,"customer_returns":null,"warehouse_damage":null,"lost_in_post":null,"other_logs":null,"out_stock_days":0,"lost_sales":0,"has_location":true,"update_date":"2025-07-19T06:26:46","atum_locations":[{"id":977,"name":"0 EN CDE","slug":"0-en-cde"},{"id":1339,"name":"S38","slug":"s38"}],"atum_stock_status":"instock","restock_status":false,"low_stock_amount":"","sales_update_date":"2025-07-19T06:26:46","calc_backorders":0,"locations":[],"_links":{"self":[{"href":"https:\/\/delices.lu\/de\/wp-json\/wp\/v2\/product\/16435","targetHints":{"allow":["GET"]}}],"collection":[{"href":"https:\/\/delices.lu\/de\/wp-json\/wp\/v2\/product"}],"about":[{"href":"https:\/\/delices.lu\/de\/wp-json\/wp\/v2\/types\/product"}],"wp:featuredmedia":[{"embeddable":true,"href":"https:\/\/delices.lu\/de\/wp-json\/wp\/v2\/media\/16436"}],"wp:attachment":[{"href":"https:\/\/delices.lu\/de\/wp-json\/wp\/v2\/media?parent=16435"}],"wp:term":[{"taxonomy":"location","embeddable":true,"href":"https:\/\/delices.lu\/de\/wp-json\/wp\/v2\/location?post=16435"},{"taxonomy":"product_brand","embeddable":true,"href":"https:\/\/delices.lu\/de\/wp-json\/wp\/v2\/product_brand?post=16435"},{"taxonomy":"product_cat","embeddable":true,"href":"https:\/\/delices.lu\/de\/wp-json\/wp\/v2\/product_cat?post=16435"},{"taxonomy":"product_tag","embeddable":true,"href":"https:\/\/delices.lu\/de\/wp-json\/wp\/v2\/product_tag?post=16435"}],"curies":[{"name":"wp","href":"https:\/\/api.w.org\/{rel}","templated":true}]}}