{"id":16445,"date":"2025-02-27T11:01:52","date_gmt":"2025-03-24T07:19:23","guid":{"rendered":"https:\/\/delices.lu\/produit\/annual-ornaments-nussknacker-2025\/"},"modified":"2025-03-24T08:19:23","modified_gmt":"2025-03-24T07:19:23","slug":"annual-ornaments-nussknacker-2025","status":"publish","type":"product","link":"https:\/\/delices.lu\/de\/produit\/annual-ornaments-nussknacker-2025\/","title":{"rendered":"Annual Ornaments &#8211; Nussknacker &#8211; 2025"},"content":{"rendered":"<p>Liebevoll <strong>gestalteter Baumschmuck<\/strong><br \/>\nDieser Baumschmuck besticht durch sein weihnachtliches Retro-Design und eignet sich hervorragend als poetische Dekoration f\u00fcr den Baum. Dieser dekorative H\u00e4nger ist ideal als Geschenk f\u00fcr Freunde, Familie und Liebhaber klassischer St\u00fccke. Dieses detailverliebte Deko-Objekt ist aus Premium Porcelain gefertigt und l\u00e4sst sich leicht von Hand reinigen. Holen Sie sich jetzt Ihr Lieblingsst\u00fcck.   <\/p>\n","protected":false},"excerpt":{"rendered":"<p><strong>Annual Ornaments &#8211; Baumschmuck  <\/strong><br \/>\n<strong>Nussknacker &#8211; 7 cm &#8211; 2025<br \/>\n<\/strong>Material: Premium Porcelain &#8211; Kunststoff &#8211; Metall<br \/>\nFarbe: mehrfarbig<br \/>\nsp\u00fclmaschinenfest: Nein<br \/>\nmikrowellengeeignet: Nein<br \/>\nArtikelreferenz: 1486754356 <\/p>\n","protected":false},"featured_media":16452,"template":"","meta":[],"location":[976,1338],"product_brand":[],"product_cat":[2561,1311,2451,1309,2230,2448],"product_tag":[2563,2562,2564],"class_list":{"0":"post-16445","1":"product","2":"type-product","3":"status-publish","4":"has-post-thumbnail","6":"location-0-en-cde","7":"location-s38","8":"product_cat-christmas-classics-de","9":"product_cat-dekoration","10":"product_cat-neuheiten","11":"product_cat-villeroy-boch-de","12":"product_cat-weihnachten","13":"product_cat-winter","14":"product_tag-2025-de","15":"product_tag-baumschmuck","16":"product_tag-pick-up-de","18":"first","19":"instock","20":"shipping-taxable","21":"purchasable","22":"product-type-simple"},"supplier_id":9071,"supplier_sku":"1486754356","barcode":"4003686455078","atum_controlled":true,"out_stock_date":null,"out_stock_threshold":null,"inheritable":false,"inbound_stock":null,"stock_on_hold":0,"sold_today":0,"sales_last_days":0,"reserved_stock":null,"customer_returns":null,"warehouse_damage":null,"lost_in_post":null,"other_logs":null,"out_stock_days":0,"lost_sales":0,"has_location":true,"update_date":"2025-07-19T06:26:46","atum_locations":[{"id":977,"name":"0 EN CDE","slug":"0-en-cde"},{"id":1339,"name":"S38","slug":"s38"}],"atum_stock_status":"instock","restock_status":false,"low_stock_amount":"","sales_update_date":"2025-07-19T06:26:46","calc_backorders":0,"locations":[],"_links":{"self":[{"href":"https:\/\/delices.lu\/de\/wp-json\/wp\/v2\/product\/16445","targetHints":{"allow":["GET"]}}],"collection":[{"href":"https:\/\/delices.lu\/de\/wp-json\/wp\/v2\/product"}],"about":[{"href":"https:\/\/delices.lu\/de\/wp-json\/wp\/v2\/types\/product"}],"wp:featuredmedia":[{"embeddable":true,"href":"https:\/\/delices.lu\/de\/wp-json\/wp\/v2\/media\/16452"}],"wp:attachment":[{"href":"https:\/\/delices.lu\/de\/wp-json\/wp\/v2\/media?parent=16445"}],"wp:term":[{"taxonomy":"location","embeddable":true,"href":"https:\/\/delices.lu\/de\/wp-json\/wp\/v2\/location?post=16445"},{"taxonomy":"product_brand","embeddable":true,"href":"https:\/\/delices.lu\/de\/wp-json\/wp\/v2\/product_brand?post=16445"},{"taxonomy":"product_cat","embeddable":true,"href":"https:\/\/delices.lu\/de\/wp-json\/wp\/v2\/product_cat?post=16445"},{"taxonomy":"product_tag","embeddable":true,"href":"https:\/\/delices.lu\/de\/wp-json\/wp\/v2\/product_tag?post=16445"}],"curies":[{"name":"wp","href":"https:\/\/api.w.org\/{rel}","templated":true}]}}