{"id":16554,"date":"2025-02-25T12:41:43","date_gmt":"2025-03-24T07:20:18","guid":{"rendered":"https:\/\/delices.lu\/produit\/toys-delight-tellerset\/"},"modified":"2025-03-24T08:20:18","modified_gmt":"2025-03-24T07:20:18","slug":"toys-delight-tellerset","status":"publish","type":"product","link":"https:\/\/delices.lu\/de\/produit\/toys-delight-tellerset\/","title":{"rendered":"Toy&#8217;s Delight &#8211; Tellerset"},"content":{"rendered":"<p><strong>Toy&#8217;s Delight &#8211; Tellerset<\/strong><br \/>\nMehrfarbig, aus Premium Porcelain<br \/>\nF\u00fcr die Ewigkeit gemacht: Das verwendete Premium Porcelain zeichnet sich durch eine hohe Robustheit aus und bietet daher eine besonders lange Lebensdauer<br \/>\nWinterlich s\u00fc\u00df: Mit ihrem m\u00e4rchenhaften Dekor und der klassischen Form strahlt die Kollektion eine besondere Weihnachtsatmosph\u00e4re aus.<\/p>\n","protected":false},"excerpt":{"rendered":"<p>Toy&#8217;s Delight &#8211; Tellerset<\/p>\n<p>Material: Hochwertiges Porzellan<\/p>\n<p>Form: rund<\/p>\n<p>Pflegehinweis: Handw\u00e4sche empfohlen<\/p>\n<p>Mikrowellengeeignet: Nein<\/p>\n<p>L\u00e4nge: 305 mm<\/p>\n<p>Breite: 305 mm<\/p>\n<p>H\u00f6he: 170 mm<\/p>\n<p>Gewicht: 4524 g<\/p>\n<p>REF. ARTIKEL: 1485858815 <\/p>\n","protected":false},"featured_media":16555,"template":"","meta":[],"location":[976,1338],"product_brand":[],"product_cat":[2451,2450,1309,2230,2448],"product_tag":[2383,2233],"class_list":{"0":"post-16554","1":"product","2":"type-product","3":"status-publish","4":"has-post-thumbnail","6":"location-0-en-cde","7":"location-s38","8":"product_cat-neuheiten","9":"product_cat-toys-delight-de","10":"product_cat-villeroy-boch-de","11":"product_cat-weihnachten","12":"product_cat-winter","13":"product_tag-set-mit-4-tellern","14":"product_tag-weihnachtsdekorationen","16":"first","17":"instock","18":"shipping-taxable","19":"purchasable","20":"product-type-simple"},"supplier_id":9071,"supplier_sku":"1485858815","barcode":"4003686450172","atum_controlled":true,"out_stock_date":"2025-02-25 13:52:45","out_stock_threshold":null,"inheritable":false,"inbound_stock":null,"stock_on_hold":0,"sold_today":0,"sales_last_days":0,"reserved_stock":null,"customer_returns":null,"warehouse_damage":null,"lost_in_post":null,"other_logs":null,"out_stock_days":143,"lost_sales":0,"has_location":true,"update_date":"2025-07-19T06:26:45","atum_locations":[{"id":977,"name":"0 EN CDE","slug":"0-en-cde"},{"id":1339,"name":"S38","slug":"s38"}],"atum_stock_status":"onbackorder","restock_status":false,"low_stock_amount":"","sales_update_date":"2025-07-19T06:26:45","calc_backorders":0,"locations":[],"_links":{"self":[{"href":"https:\/\/delices.lu\/de\/wp-json\/wp\/v2\/product\/16554","targetHints":{"allow":["GET"]}}],"collection":[{"href":"https:\/\/delices.lu\/de\/wp-json\/wp\/v2\/product"}],"about":[{"href":"https:\/\/delices.lu\/de\/wp-json\/wp\/v2\/types\/product"}],"wp:featuredmedia":[{"embeddable":true,"href":"https:\/\/delices.lu\/de\/wp-json\/wp\/v2\/media\/16555"}],"wp:attachment":[{"href":"https:\/\/delices.lu\/de\/wp-json\/wp\/v2\/media?parent=16554"}],"wp:term":[{"taxonomy":"location","embeddable":true,"href":"https:\/\/delices.lu\/de\/wp-json\/wp\/v2\/location?post=16554"},{"taxonomy":"product_brand","embeddable":true,"href":"https:\/\/delices.lu\/de\/wp-json\/wp\/v2\/product_brand?post=16554"},{"taxonomy":"product_cat","embeddable":true,"href":"https:\/\/delices.lu\/de\/wp-json\/wp\/v2\/product_cat?post=16554"},{"taxonomy":"product_tag","embeddable":true,"href":"https:\/\/delices.lu\/de\/wp-json\/wp\/v2\/product_tag?post=16554"}],"curies":[{"name":"wp","href":"https:\/\/api.w.org\/{rel}","templated":true}]}}