{"id":16556,"date":"2025-09-08T00:00:49","date_gmt":"2025-09-07T22:00:49","guid":{"rendered":"https:\/\/delices.lu\/produit\/la-boule-miami\/"},"modified":"2025-03-24T08:20:19","modified_gmt":"2025-03-24T07:20:19","slug":"la-boule-miami","status":"publish","type":"product","link":"https:\/\/delices.lu\/de\/produit\/la-boule-miami\/","title":{"rendered":"La Boule Miami"},"content":{"rendered":"<p><strong>Innovatives siebenteiliges Geschirrset f\u00fcr zwei Personen<\/strong><br \/>\nLa Boule Miami ist viel mehr als nur ein au\u00dfergew\u00f6hnliches Designerst\u00fcck. Mit ihrer einzigartigen 2-in-1-Funktion ist sie das ideale Geschenk: ein ikonisches Designobjekt auf der einen Seite und ein praktisches Set f\u00fcr zwei Personen auf der anderen Seite. Dieser Ball besteht aus sieben Artikeln und bietet somit ein perfektes Set f\u00fcr zwei Personen. Sie besteht aus folgenden Teilen:<br \/>\n2 Sch\u00fcsseln<br \/>\n2 Suppenteller<br \/>\n2 Universalteller<br \/>\n1 Servierteller<br \/>\nHolen Sie sich jetzt die exklusive Miami-Kugel.   <\/p>\n","protected":false},"excerpt":{"rendered":"<p>MATERIAL: Hochwertiges Porzellan<br \/>\nDURCHMESSER: ca. 239 mm<br \/>\nFARBE: mehrfarbig<br \/>\nGARANTIERT SP\u00dcLMASCHINENGARANTIE: Ja<br \/>\nMIKROWELLENKOMPATIBEL: Ja<br \/>\nREF. ARTIKEL: 1016659100 <\/p>\n","protected":false},"featured_media":16557,"template":"","meta":[],"location":[959],"product_brand":[],"product_cat":[1354,1311,2429,1309],"product_tag":[2430,2575,2431],"class_list":{"0":"post-16556","1":"product","2":"type-product","3":"status-publish","4":"has-post-thumbnail","6":"location-0-shop","7":"product_cat-art-de-la-table-de","8":"product_cat-dekoration","9":"product_cat-die-kugel","10":"product_cat-villeroy-boch-de","11":"product_tag-die-kugel","12":"product_tag-miami-de","13":"product_tag-tischservice","15":"first","16":"instock","17":"shipping-taxable","18":"purchasable","19":"product-type-simple"},"supplier_id":9071,"supplier_sku":"1016659100","barcode":"4003686440401","atum_controlled":true,"out_stock_date":"2025-09-08 07:17:54","out_stock_threshold":null,"inheritable":false,"inbound_stock":0,"stock_on_hold":0,"sold_today":0,"sales_last_days":0,"reserved_stock":null,"customer_returns":null,"warehouse_damage":null,"lost_in_post":null,"other_logs":null,"out_stock_days":36,"lost_sales":4104,"has_location":true,"update_date":"2025-10-14T08:52:02","atum_locations":[{"id":960,"name":"0 SHOP","slug":"0-shop"}],"atum_stock_status":"onbackorder","restock_status":false,"low_stock_amount":"","sales_update_date":"2025-10-14T08:52:02","calc_backorders":0,"locations":[],"_links":{"self":[{"href":"https:\/\/delices.lu\/de\/wp-json\/wp\/v2\/product\/16556","targetHints":{"allow":["GET"]}}],"collection":[{"href":"https:\/\/delices.lu\/de\/wp-json\/wp\/v2\/product"}],"about":[{"href":"https:\/\/delices.lu\/de\/wp-json\/wp\/v2\/types\/product"}],"wp:featuredmedia":[{"embeddable":true,"href":"https:\/\/delices.lu\/de\/wp-json\/wp\/v2\/media\/16557"}],"wp:attachment":[{"href":"https:\/\/delices.lu\/de\/wp-json\/wp\/v2\/media?parent=16556"}],"wp:term":[{"taxonomy":"location","embeddable":true,"href":"https:\/\/delices.lu\/de\/wp-json\/wp\/v2\/location?post=16556"},{"taxonomy":"product_brand","embeddable":true,"href":"https:\/\/delices.lu\/de\/wp-json\/wp\/v2\/product_brand?post=16556"},{"taxonomy":"product_cat","embeddable":true,"href":"https:\/\/delices.lu\/de\/wp-json\/wp\/v2\/product_cat?post=16556"},{"taxonomy":"product_tag","embeddable":true,"href":"https:\/\/delices.lu\/de\/wp-json\/wp\/v2\/product_tag?post=16556"}],"curies":[{"name":"wp","href":"https:\/\/api.w.org\/{rel}","templated":true}]}}