{"id":16579,"date":"2025-02-27T00:00:14","date_gmt":"2025-03-24T07:21:01","guid":{"rendered":"https:\/\/delices.lu\/produit\/annual-christmas-edition-tinkerbell-2025\/"},"modified":"2025-03-24T08:21:01","modified_gmt":"2025-03-24T07:21:01","slug":"annual-christmas-edition-tinkerbell-2025","status":"publish","type":"product","link":"https:\/\/delices.lu\/de\/produit\/annual-christmas-edition-tinkerbell-2025\/","title":{"rendered":"Annual Christmas Edition &#8211; Tinkerbell &#8211; 2025"},"content":{"rendered":"<p><strong>Ein Sammlerst\u00fcck in streng limitierter Auflage<\/strong><br \/>\nDie Formen und Farben der detailreichen M\u00fcnzen der Annual Christmas Edition erinnern an die fr\u00f6hlichen Weihnachtsfeste unserer Kindheit. Diese Kollektion ist limitiert, jedes St\u00fcck ist mit einem goldenen Stempel versehen. Villeroy &amp; Boch, Porzellan von h\u00f6chster Qualit\u00e4t seit 1748. Auch in diesem Jahr wird die Glocke des Jahres in limitierter Auflage Sammler begeistern. Das detailreiche und liebevoll gestaltete Design in weihnachtlichen Farben f\u00fcgt sich optisch wunderbar in bestehende Dekorationen ein. So lassen sich alle St\u00fccke der Kollektion leicht miteinander kombinieren und verschenken. Finden Sie das fehlende St\u00fcck in Ihrer Weihnachtskollektion.      <\/p>\n<p>&nbsp;<\/p>\n","protected":false},"excerpt":{"rendered":"<p><strong>Annual Christmas Edition<br \/>\n<\/strong>Glocke <strong>&#8211; 2025<br \/>\n<\/strong>6 <strong>x 6 x 7 cm<br \/>\n<\/strong>MATERIAL: Premium Porcelain<br \/>\nFARBE: mehrfarbig<br \/>\nGARANTIERT SP\u00dcLMASCHINENGARANTIE: Nicht<br \/>\nMIKROWELLENKOMPATIBEL: Nicht<br \/>\nREF. ARTIKEL: 1486266875 <\/p>\n","protected":false},"featured_media":16580,"template":"","meta":[],"location":[976,1338],"product_brand":[],"product_cat":[2568,1311,2451,1309,2230,2448],"product_tag":[2563,742,743],"class_list":{"0":"post-16579","1":"product","2":"type-product","3":"status-publish","4":"has-post-thumbnail","6":"location-0-en-cde","7":"location-s38","8":"product_cat-annual-christmas-edition-de","9":"product_cat-dekoration","10":"product_cat-neuheiten","11":"product_cat-villeroy-boch-de","12":"product_cat-weihnachten","13":"product_cat-winter","14":"product_tag-2025-de","15":"product_tag-clochette-de","16":"product_tag-decoration-de","18":"first","19":"instock","20":"shipping-taxable","21":"purchasable","22":"product-type-simple"},"supplier_id":null,"supplier_sku":"1486266875","barcode":"4003686446878","atum_controlled":true,"out_stock_date":"2024-08-24 10:26:32","out_stock_threshold":null,"inheritable":false,"inbound_stock":0,"stock_on_hold":0,"sold_today":0,"sales_last_days":0,"reserved_stock":null,"customer_returns":null,"warehouse_damage":null,"lost_in_post":null,"other_logs":null,"out_stock_days":328,"lost_sales":0,"has_location":true,"update_date":"2025-07-19T06:26:45","atum_locations":[{"id":977,"name":"0 EN CDE","slug":"0-en-cde"},{"id":1339,"name":"S38","slug":"s38"}],"atum_stock_status":"onbackorder","restock_status":false,"low_stock_amount":"","sales_update_date":"2025-07-19T06:26:45","calc_backorders":0,"locations":[],"_links":{"self":[{"href":"https:\/\/delices.lu\/de\/wp-json\/wp\/v2\/product\/16579","targetHints":{"allow":["GET"]}}],"collection":[{"href":"https:\/\/delices.lu\/de\/wp-json\/wp\/v2\/product"}],"about":[{"href":"https:\/\/delices.lu\/de\/wp-json\/wp\/v2\/types\/product"}],"wp:featuredmedia":[{"embeddable":true,"href":"https:\/\/delices.lu\/de\/wp-json\/wp\/v2\/media\/16580"}],"wp:attachment":[{"href":"https:\/\/delices.lu\/de\/wp-json\/wp\/v2\/media?parent=16579"}],"wp:term":[{"taxonomy":"location","embeddable":true,"href":"https:\/\/delices.lu\/de\/wp-json\/wp\/v2\/location?post=16579"},{"taxonomy":"product_brand","embeddable":true,"href":"https:\/\/delices.lu\/de\/wp-json\/wp\/v2\/product_brand?post=16579"},{"taxonomy":"product_cat","embeddable":true,"href":"https:\/\/delices.lu\/de\/wp-json\/wp\/v2\/product_cat?post=16579"},{"taxonomy":"product_tag","embeddable":true,"href":"https:\/\/delices.lu\/de\/wp-json\/wp\/v2\/product_tag?post=16579"}],"curies":[{"name":"wp","href":"https:\/\/api.w.org\/{rel}","templated":true}]}}