{"id":16619,"date":"2025-02-25T00:00:26","date_gmt":"2025-03-24T07:35:58","guid":{"rendered":"https:\/\/delices.lu\/produit\/der-black-white-ball\/"},"modified":"2025-03-24T08:35:58","modified_gmt":"2025-03-24T07:35:58","slug":"der-black-white-ball","status":"publish","type":"product","link":"https:\/\/delices.lu\/de\/produit\/der-black-white-ball\/","title":{"rendered":"Der Black &amp; White Ball"},"content":{"rendered":"<p><strong>Ein modernes und ikonisches Tafelservice aus schwarz-wei\u00dfem Porzellan, das alle Blicke auf sich zieht<\/strong><br \/>\nLa Boule ist mehr als nur ein Tafelservice, es verwandelt sich in ein wundersch\u00f6nes Dekorationselement. Dieses moderne Geschirrset, das Zweckm\u00e4\u00dfigkeit und \u00c4sthetik verbindet, ist Teil der Iconic Kollektion, die tief in der DNA von Villeroy &amp; Boch verwurzelt ist. La Boule enth\u00e4lt ein Tafelservice aus hochwertigem Porzellan: zwei Schalen, zwei tiefe und zwei flache Teller sowie eine Servierplatte. Design-Teller, die nur darauf warten, bei einem gem\u00fctlichen oder festlichen Abendessen zu Hause zum Vorschein zu kommen. In diesem kompletten Geschirrset werden wei\u00dfe und schwarze Farbt\u00f6ne sowie matte und gl\u00e4nzende Texturen miteinander kombiniert. Eine Kombination, die mit Gegens\u00e4tzen spielt, um die Sinne anzuregen: Sehen und F\u00fchlen. Dann sind Sie an der Reihe. Stimulieren Sie den Geschmacks- und Geruchssinn Ihrer G\u00e4ste, indem Sie ein k\u00f6stliches, duftendes Essen auf diesem Porzellan-Service zubereiten. Stellen Sie dann Ihr Geschirrset in einer eleganten Kugel zusammen und verleihen Sie Ihrer Innendekoration einen Hauch von Einzigartigkeit. Versch\u00f6nern Sie Ihren Tisch und Ihr Zuhause mit einem subtilen Design.         <\/p>\n<p>Das Set besteht aus :<\/p>\n<p>1x Schale, 620ml, wei\u00df<br \/>\n1x Schale, 620ml, schwarz<br \/>\n1x Sch\u00e4lchen, 500ml, wei\u00df<br \/>\n1x Sch\u00e4lchen, 500ml, schwarz<br \/>\n1x Universalteller, 24cm, wei\u00df<br \/>\n1x Universalteller, 24cm, schwarz<br \/>\n1x Servierteller, 23.9cm, schwarz<\/p>\n","protected":false},"excerpt":{"rendered":"<p><strong>La Boule Black &amp; White &#8211; 7-teiliges Tafelservice<\/strong><br \/>\nMaterial: Premium Porcelain<br \/>\nGewicht: ca. 4,14 kg<br \/>\ngarantiert sp\u00fclmaschinenfest<br \/>\nmikrowellengeeignet<br \/>\nGeschenkverpackung: kostenlos, auf Anfrage<br \/>\nArtikelnummer 1016659095 <\/p>\n","protected":false},"featured_media":16623,"template":"","meta":[],"location":[959],"product_brand":[],"product_cat":[1354,1311,2429,1309],"product_tag":[743,2430,2588,2431],"class_list":{"0":"post-16619","1":"product","2":"type-product","3":"status-publish","4":"has-post-thumbnail","6":"location-0-shop","7":"product_cat-art-de-la-table-de","8":"product_cat-dekoration","9":"product_cat-die-kugel","10":"product_cat-villeroy-boch-de","11":"product_tag-decoration-de","12":"product_tag-die-kugel","13":"product_tag-schwarz-weis","14":"product_tag-tischservice","16":"first","17":"instock","18":"shipping-taxable","19":"purchasable","20":"product-type-simple"},"supplier_id":9071,"supplier_sku":"1016659095","barcode":"4003686389489","atum_controlled":true,"out_stock_date":null,"out_stock_threshold":0,"inheritable":false,"inbound_stock":0,"stock_on_hold":0,"sold_today":0,"sales_last_days":0,"reserved_stock":0,"customer_returns":0,"warehouse_damage":0,"lost_in_post":0,"other_logs":0,"out_stock_days":0,"lost_sales":0,"has_location":true,"update_date":"2025-07-19T06:26:44","atum_locations":[{"id":960,"name":"0 SHOP","slug":"0-shop"}],"atum_stock_status":"instock","restock_status":false,"low_stock_amount":"","sales_update_date":"2025-07-19T06:26:44","calc_backorders":0,"locations":[],"_links":{"self":[{"href":"https:\/\/delices.lu\/de\/wp-json\/wp\/v2\/product\/16619","targetHints":{"allow":["GET"]}}],"collection":[{"href":"https:\/\/delices.lu\/de\/wp-json\/wp\/v2\/product"}],"about":[{"href":"https:\/\/delices.lu\/de\/wp-json\/wp\/v2\/types\/product"}],"wp:featuredmedia":[{"embeddable":true,"href":"https:\/\/delices.lu\/de\/wp-json\/wp\/v2\/media\/16623"}],"wp:attachment":[{"href":"https:\/\/delices.lu\/de\/wp-json\/wp\/v2\/media?parent=16619"}],"wp:term":[{"taxonomy":"location","embeddable":true,"href":"https:\/\/delices.lu\/de\/wp-json\/wp\/v2\/location?post=16619"},{"taxonomy":"product_brand","embeddable":true,"href":"https:\/\/delices.lu\/de\/wp-json\/wp\/v2\/product_brand?post=16619"},{"taxonomy":"product_cat","embeddable":true,"href":"https:\/\/delices.lu\/de\/wp-json\/wp\/v2\/product_cat?post=16619"},{"taxonomy":"product_tag","embeddable":true,"href":"https:\/\/delices.lu\/de\/wp-json\/wp\/v2\/product_tag?post=16619"}],"curies":[{"name":"wp","href":"https:\/\/api.w.org\/{rel}","templated":true}]}}