{"id":16629,"date":"2025-02-25T00:00:26","date_gmt":"2025-03-24T07:35:59","guid":{"rendered":"https:\/\/delices.lu\/produit\/boho-kids-walk-like-an-elephant-7-teiliges-set-fuer-kinder\/"},"modified":"2025-03-24T08:35:59","modified_gmt":"2025-03-24T07:35:59","slug":"boho-kids-walk-like-an-elephant-7-teiliges-set-fuer-kinder","status":"publish","type":"product","link":"https:\/\/delices.lu\/de\/produit\/boho-kids-walk-like-an-elephant-7-teiliges-set-fuer-kinder\/","title":{"rendered":"Boho kids Walk like an elephant &#8211; 7-teiliges Set f\u00fcr Kinder"},"content":{"rendered":"<p><strong>Gesundes Essen wird zum Vergn\u00fcgen &#8211; im angesagten Boho-Look<\/strong><br \/>\nWillkommen in der Boho-Kinderwelt aus dem Hause Villeroy &amp; Boch! Die gesamte Produktpalette ist gezielt auf die Bed\u00fcrfnisse junger Menschen abgestimmt &#8211; in einer optimalen Gr\u00f6\u00dfe, einfach zu benutzen. Das Geschirr mit Tellern, Tassen und Sch\u00fcsseln besticht durch sein kindgerechtes Design und macht jede Mahlzeit zu einem lustigen Erlebnis. Die Boho Kids Kollektion ist ein perfektes Geschenk f\u00fcr verschiedene Anl\u00e4sse wie Geburtstage, Taufen oder Feiertage wie Weihnachten und Ostern. Die Serie &#8220;Walk like an elephant&#8221; ist mit einem niedlichen Elefanten und seinem Freund, dem Faultier, in den Farben Blau und Gr\u00fcn verziert. Das Kinderset besteht aus: einem flachen Teller, einer Sch\u00fcssel, einem Becher, einem Suppenl\u00f6ffel, einem Messer, einer Gabel und einem kleinen L\u00f6ffel. Es zeichnet sich durch verspielte dekorative Elemente aus und wurde besonders ergonomisch f\u00fcr Kinder gestaltet, um ihnen Komfort und Sicherheit zu bieten. Es enth\u00e4lt keine sch\u00e4dlichen Substanzen, ist mikrowellengeeignet und kann bedenkenlos in der Sp\u00fclmaschine gereinigt werden. Das Set wird sorgf\u00e4ltig in einer h\u00fcbschen Geschenkbox aus Papier geliefert. Entdecken Sie jetzt die spielerische Welt der Kinder aus dem Hause Villeroy &amp; Boch im trendigen &#8220;Boho&#8221;-Design!         <\/p>\n","protected":false},"excerpt":{"rendered":"<p><strong>Boho-Kinder Walk like an elephant  <\/strong><br \/>\n<strong>7-teiliges Kinderbesteck<br \/>\n<\/strong>MATERIAL: Premium Porcelain und Edelstahl<br \/>\nFARBE: blau<br \/>\nGARANTIERT SP\u00dcLMASCHINENGARANTIE: Ja<br \/>\nMIKROWELLENKOMPATIBEL: Ja (nicht f\u00fcr das Besteck)<br \/>\nREF. ARTIKEL: 1486748435 <\/p>\n<p>&nbsp;<\/p>\n","protected":false},"featured_media":16632,"template":"","meta":[],"location":[976],"product_brand":[],"product_cat":[1354,2324,1309],"product_tag":[2590,2594,2592,2589],"class_list":{"0":"post-16629","1":"product","2":"type-product","3":"status-publish","4":"has-post-thumbnail","6":"location-0-en-cde","7":"product_cat-art-de-la-table-de","8":"product_cat-gedeckt","9":"product_cat-villeroy-boch-de","10":"product_tag-besteck-de","11":"product_tag-geschirr","12":"product_tag-kind","13":"product_tag-set-fur-kinder","15":"first","16":"instock","17":"shipping-taxable","18":"purchasable","19":"product-type-simple"},"supplier_id":9071,"supplier_sku":"1486748435","barcode":"4003686440593","atum_controlled":true,"out_stock_date":null,"out_stock_threshold":0,"inheritable":false,"inbound_stock":0,"stock_on_hold":0,"sold_today":0,"sales_last_days":0,"reserved_stock":null,"customer_returns":null,"warehouse_damage":null,"lost_in_post":null,"other_logs":null,"out_stock_days":0,"lost_sales":0,"has_location":true,"update_date":"2025-10-14T08:52:02","atum_locations":[{"id":977,"name":"0 EN CDE","slug":"0-en-cde"}],"atum_stock_status":"instock","restock_status":false,"low_stock_amount":"","sales_update_date":"2025-10-14T08:52:02","calc_backorders":0,"locations":[],"_links":{"self":[{"href":"https:\/\/delices.lu\/de\/wp-json\/wp\/v2\/product\/16629","targetHints":{"allow":["GET"]}}],"collection":[{"href":"https:\/\/delices.lu\/de\/wp-json\/wp\/v2\/product"}],"about":[{"href":"https:\/\/delices.lu\/de\/wp-json\/wp\/v2\/types\/product"}],"wp:featuredmedia":[{"embeddable":true,"href":"https:\/\/delices.lu\/de\/wp-json\/wp\/v2\/media\/16632"}],"wp:attachment":[{"href":"https:\/\/delices.lu\/de\/wp-json\/wp\/v2\/media?parent=16629"}],"wp:term":[{"taxonomy":"location","embeddable":true,"href":"https:\/\/delices.lu\/de\/wp-json\/wp\/v2\/location?post=16629"},{"taxonomy":"product_brand","embeddable":true,"href":"https:\/\/delices.lu\/de\/wp-json\/wp\/v2\/product_brand?post=16629"},{"taxonomy":"product_cat","embeddable":true,"href":"https:\/\/delices.lu\/de\/wp-json\/wp\/v2\/product_cat?post=16629"},{"taxonomy":"product_tag","embeddable":true,"href":"https:\/\/delices.lu\/de\/wp-json\/wp\/v2\/product_tag?post=16629"}],"curies":[{"name":"wp","href":"https:\/\/api.w.org\/{rel}","templated":true}]}}