{"id":16630,"date":"2025-02-25T00:00:15","date_gmt":"2025-03-24T07:35:59","guid":{"rendered":"https:\/\/delices.lu\/produit\/jubilee-birthday-cake-paradiso\/"},"modified":"2025-03-24T08:35:59","modified_gmt":"2025-03-24T07:35:59","slug":"jubilee-birthday-cake-paradiso","status":"publish","type":"product","link":"https:\/\/delices.lu\/de\/produit\/jubilee-birthday-cake-paradiso\/","title":{"rendered":"Jubilee Birthday Cake Paradiso"},"content":{"rendered":"<p><strong>Die originelle Geburtstagstorte f\u00fcr alle Generationen<\/strong><br \/>\nKlassik und Moderne in einem Design vereint: Anl\u00e4sslich des 275-j\u00e4hrigen Firmenjubil\u00e4ums greift Paradiso die Traditionen des 275-j\u00e4hrigen Bestehens von Villeroy &amp; Boch auf und l\u00e4sst sie wieder aufleben. Historische Dekore, die mit einem Kupferstich hergestellt wurden, werden in Kombination mit modernen grafischen Elementen und einem kr\u00e4ftigen Orange in Szene gesetzt und schaffen so ein neues, zeitgem\u00e4\u00dfes Design. Mit seinem Birthday Cake griff Villeroy &amp; Boch die Idee eines klassischen Geburtstagskuchens auf und gestaltete sie v\u00f6llig neu. Vier \u00fcbereinander gestapelte Geschirrteile bilden eine Torte, die mit einer Kerze auf der Spitze zum festlichen H\u00f6hepunkt jeder Geburtstagstafel wird. Diese Geburtstagstorte besteht aus einem Teller, zwei unterschiedlich gro\u00dfen Schalen und einem Kerzenhalter und verbindet Funktionalit\u00e4t und Objektdesign auf originelle Art und Weise. Schaffen Sie unvergessliche Geburtstagstraditionen, mit der Geburtstagstorte von Villeroy &amp; Boch.     <\/p>\n","protected":false},"excerpt":{"rendered":"<p><strong>Birthday Cake Paradiso  <\/strong><br \/>\n<strong>Fr\u00fchst\u00fccksset<\/strong><br \/>\nHochwertiges Porzellan<br \/>\nDurchmesser: ca. 216 mm<br \/>\nFarbe: wei\u00df<br \/>\nGeschirrsp\u00fclmaschine: Ja<br \/>\nMikrowelle: Ja<br \/>\nArtikelnummer: 1016884500 <\/p>\n","protected":false},"featured_media":16631,"template":"","meta":[],"location":[],"product_brand":[],"product_cat":[1311,2399,1309],"product_tag":[2578,2591,2577,2593],"class_list":{"0":"post-16630","1":"product","2":"type-product","3":"status-publish","4":"has-post-thumbnail","6":"product_cat-dekoration","7":"product_cat-kerze","8":"product_cat-villeroy-boch-de","9":"product_tag-275-de","10":"product_tag-birthday-cake-de","11":"product_tag-jubilee-de","12":"product_tag-paradisio-de","14":"first","15":"instock","16":"shipping-taxable","17":"purchasable","18":"product-type-simple"},"supplier_id":null,"supplier_sku":"1016884500","barcode":"4003686429932","atum_controlled":true,"out_stock_date":"2025-02-25 07:55:37","out_stock_threshold":null,"inheritable":false,"inbound_stock":0,"stock_on_hold":0,"sold_today":0,"sales_last_days":0,"reserved_stock":0,"customer_returns":0,"warehouse_damage":0,"lost_in_post":0,"other_logs":0,"out_stock_days":143,"lost_sales":0,"has_location":false,"update_date":"2025-07-19T06:26:44","atum_locations":[],"atum_stock_status":"onbackorder","restock_status":false,"low_stock_amount":"","sales_update_date":"2025-07-19T06:26:44","calc_backorders":0,"locations":[],"_links":{"self":[{"href":"https:\/\/delices.lu\/de\/wp-json\/wp\/v2\/product\/16630","targetHints":{"allow":["GET"]}}],"collection":[{"href":"https:\/\/delices.lu\/de\/wp-json\/wp\/v2\/product"}],"about":[{"href":"https:\/\/delices.lu\/de\/wp-json\/wp\/v2\/types\/product"}],"wp:featuredmedia":[{"embeddable":true,"href":"https:\/\/delices.lu\/de\/wp-json\/wp\/v2\/media\/16631"}],"wp:attachment":[{"href":"https:\/\/delices.lu\/de\/wp-json\/wp\/v2\/media?parent=16630"}],"wp:term":[{"taxonomy":"location","embeddable":true,"href":"https:\/\/delices.lu\/de\/wp-json\/wp\/v2\/location?post=16630"},{"taxonomy":"product_brand","embeddable":true,"href":"https:\/\/delices.lu\/de\/wp-json\/wp\/v2\/product_brand?post=16630"},{"taxonomy":"product_cat","embeddable":true,"href":"https:\/\/delices.lu\/de\/wp-json\/wp\/v2\/product_cat?post=16630"},{"taxonomy":"product_tag","embeddable":true,"href":"https:\/\/delices.lu\/de\/wp-json\/wp\/v2\/product_tag?post=16630"}],"curies":[{"name":"wp","href":"https:\/\/api.w.org\/{rel}","templated":true}]}}