{"id":16638,"date":"2025-09-25T00:00:35","date_gmt":"2025-09-24T22:00:35","guid":{"rendered":"https:\/\/delices.lu\/produit\/jubilee-mug-paradiso\/"},"modified":"2025-03-24T08:36:08","modified_gmt":"2025-03-24T07:36:08","slug":"jubilee-mug-paradiso","status":"publish","type":"product","link":"https:\/\/delices.lu\/de\/produit\/jubilee-mug-paradiso\/","title":{"rendered":"Jubilee Mug Paradiso"},"content":{"rendered":"<p><strong>Eine Jubil\u00e4umstasse mit Herz<\/strong><br \/>\nKlassik und Moderne in einem Design vereint: Anl\u00e4sslich des 275-j\u00e4hrigen Firmenjubil\u00e4ums greift Paradiso die Traditionen des 275-j\u00e4hrigen Bestehens von Villeroy &amp; Boch auf und l\u00e4sst sie wieder aufleben. Historische Dekore, die mit einem Kupferstich hergestellt wurden, werden in Kombination mit modernen grafischen Elementen und einem kr\u00e4ftigen Orange in Szene gesetzt und schaffen so ein neues, zeitgem\u00e4\u00dfes Design. Unser Geburtstag ist ein Anlass, unsere Lieblingsmotive zu feiern: Unsere Jubil\u00e4umstassenkollektion spielt mit den erfolgreichen Dekoren von Villeroy &amp; Boch und interpretiert sie auf neue und raffinierte Weise in einem Herzen neu. Ein origineller Trumpf: vier exklusive Dekore, die von Mitgliedern der Villeroy &amp; Boch Familien entworfen wurden. Diese Tassen sind perfekt f\u00fcr jede Gelegenheit: vom gem\u00fctlichen Kaffeegenuss im Bett bis zur Kaffeepause im B\u00fcro. Dank der verschiedenen Dekore k\u00f6nnen diese Kaffeetassen kreativ miteinander kombiniert werden und eignen sich hervorragend zum Sammeln. Lassen Sie sich von den beliebten Dekoren von Villeroy &amp; Boch verzaubern und entdecken Sie die Kollektion der Jubil\u00e4umstassen.      <\/p>\n","protected":false},"excerpt":{"rendered":"<p><strong>Jubilee Mug Paradiso<\/strong><br \/>\nPremium Porcelain<br \/>\nDurchmesser: ca. 85 mm<br \/>\nGr\u00f6\u00dfe: ca. 290 ml<br \/>\nFarbe: wei\u00df<br \/>\nGeschirrsp\u00fclmaschine: Ja<br \/>\nMikrowelle: Ja<br \/>\nArtikelreferenz: 1016889651 <\/p>\n","protected":false},"featured_media":16640,"template":"","meta":[],"location":[959],"product_brand":[],"product_cat":[2163,1309],"product_tag":[2578,2577,1154,2593],"class_list":{"0":"post-16638","1":"product","2":"type-product","3":"status-publish","4":"has-post-thumbnail","6":"location-0-shop","7":"product_cat-tasse-krug","8":"product_cat-villeroy-boch-de","9":"product_tag-275-de","10":"product_tag-jubilee-de","11":"product_tag-mug-becher","12":"product_tag-paradisio-de","14":"first","15":"instock","16":"shipping-taxable","17":"purchasable","18":"product-type-simple"},"supplier_id":9071,"supplier_sku":"1016889651","barcode":"4003686430228","atum_controlled":true,"out_stock_date":null,"out_stock_threshold":null,"inheritable":false,"inbound_stock":0,"stock_on_hold":0,"sold_today":0,"sales_last_days":0,"reserved_stock":0,"customer_returns":0,"warehouse_damage":0,"lost_in_post":0,"other_logs":0,"out_stock_days":0,"lost_sales":0,"has_location":false,"update_date":"2025-09-28T04:54:23","atum_locations":[{"id":960,"name":"0 SHOP","slug":"0-shop"}],"atum_stock_status":"instock","restock_status":false,"low_stock_amount":"","sales_update_date":"2025-07-19T06:26:44","calc_backorders":0,"locations":[],"_links":{"self":[{"href":"https:\/\/delices.lu\/de\/wp-json\/wp\/v2\/product\/16638","targetHints":{"allow":["GET"]}}],"collection":[{"href":"https:\/\/delices.lu\/de\/wp-json\/wp\/v2\/product"}],"about":[{"href":"https:\/\/delices.lu\/de\/wp-json\/wp\/v2\/types\/product"}],"wp:featuredmedia":[{"embeddable":true,"href":"https:\/\/delices.lu\/de\/wp-json\/wp\/v2\/media\/16640"}],"wp:attachment":[{"href":"https:\/\/delices.lu\/de\/wp-json\/wp\/v2\/media?parent=16638"}],"wp:term":[{"taxonomy":"location","embeddable":true,"href":"https:\/\/delices.lu\/de\/wp-json\/wp\/v2\/location?post=16638"},{"taxonomy":"product_brand","embeddable":true,"href":"https:\/\/delices.lu\/de\/wp-json\/wp\/v2\/product_brand?post=16638"},{"taxonomy":"product_cat","embeddable":true,"href":"https:\/\/delices.lu\/de\/wp-json\/wp\/v2\/product_cat?post=16638"},{"taxonomy":"product_tag","embeddable":true,"href":"https:\/\/delices.lu\/de\/wp-json\/wp\/v2\/product_tag?post=16638"}],"curies":[{"name":"wp","href":"https:\/\/api.w.org\/{rel}","templated":true}]}}