{"id":16653,"date":"2025-02-25T00:00:31","date_gmt":"2025-03-24T07:36:10","guid":{"rendered":"https:\/\/delices.lu\/produit\/to-go-kaffeebecher-m-green\/"},"modified":"2025-03-24T08:36:10","modified_gmt":"2025-03-24T07:36:10","slug":"to-go-kaffeebecher-m-green","status":"publish","type":"product","link":"https:\/\/delices.lu\/de\/produit\/to-go-kaffeebecher-m-green\/","title":{"rendered":"To Go, Kaffeebecher, M, green"},"content":{"rendered":"<p>To Go ist <strong>nachhaltig<\/strong><br \/>\nTo Go ist die Kollektion f\u00fcr alle, die viel unterwegs sind und auch au\u00dferhalb ihres Zuhauses gesunde Mahlzeiten genie\u00dfen m\u00f6chten und dabei bewusst auf Plastik verzichten. In den Porzellanbechern und den luftdichten Schalen bleiben Ihre Mahlzeiten von morgens bis abends frisch, ohne dass der Geschmack beeintr\u00e4chtigt wird. Mit diesem praktischen Coffee-to-go-Becher haben Sie Ihr Lieblingsgetr\u00e4nk immer griffbereit, egal ob hei\u00df oder kalt. Dank der Silikondichtung tropft Ihr Getr\u00e4nk nicht und die H\u00fclse sch\u00fctzt vor Hitze w\u00e4hrend des Transports. Die Artikel sind aus hochwertigem Premium Porcelain hergestellt. Nat\u00fcrlich sp\u00fclmaschinen- und mikrowellengeeignet. Genie\u00dfen Sie Ihren Kaffee dauerhaft und plastikfrei, auch wenn Sie unterwegs sind.      <\/p>\n","protected":false},"excerpt":{"rendered":"<p>MATERIAL: Premium Porcelain Silikon Textil<br \/>\nGR\u00d6\u00dfE: ca. 350 ml<br \/>\nFARBE: wei\u00df gr\u00fcn<br \/>\nGARANTIERT SP\u00dcLMASCHINENGARANTIE: Ja<br \/>\nMIKROWELLENKOMPATIBEL: Ja<br \/>\nGESCHENKVERPACKUNG: kostenlos, auf Anfrage<br \/>\nREF. ARTIKEL: 1048689352 <\/p>\n","protected":false},"featured_media":16656,"template":"","meta":[],"location":[959],"product_brand":[],"product_cat":[2235,2163,1309],"product_tag":[1154,2571,2596],"class_list":{"0":"post-16653","1":"product","2":"type-product","3":"status-publish","4":"has-post-thumbnail","6":"location-0-shop","7":"product_cat-tasse-de","8":"product_cat-tasse-krug","9":"product_cat-villeroy-boch-de","10":"product_tag-mug-becher","11":"product_tag-to-go-de","12":"product_tag-zum-mitnehmen","14":"first","15":"instock","16":"shipping-taxable","17":"purchasable","18":"product-type-simple"},"supplier_id":9071,"supplier_sku":"1048689352","barcode":"4003686414105","atum_controlled":true,"out_stock_date":null,"out_stock_threshold":0,"inheritable":false,"inbound_stock":0,"stock_on_hold":0,"sold_today":0,"sales_last_days":0,"reserved_stock":0,"customer_returns":0,"warehouse_damage":null,"lost_in_post":0,"other_logs":0,"out_stock_days":0,"lost_sales":0,"has_location":true,"update_date":"2025-07-19T06:26:44","atum_locations":[{"id":960,"name":"0 SHOP","slug":"0-shop"}],"atum_stock_status":"instock","restock_status":false,"low_stock_amount":"","sales_update_date":"2025-07-19T06:26:44","calc_backorders":0,"locations":[],"_links":{"self":[{"href":"https:\/\/delices.lu\/de\/wp-json\/wp\/v2\/product\/16653","targetHints":{"allow":["GET"]}}],"collection":[{"href":"https:\/\/delices.lu\/de\/wp-json\/wp\/v2\/product"}],"about":[{"href":"https:\/\/delices.lu\/de\/wp-json\/wp\/v2\/types\/product"}],"wp:featuredmedia":[{"embeddable":true,"href":"https:\/\/delices.lu\/de\/wp-json\/wp\/v2\/media\/16656"}],"wp:attachment":[{"href":"https:\/\/delices.lu\/de\/wp-json\/wp\/v2\/media?parent=16653"}],"wp:term":[{"taxonomy":"location","embeddable":true,"href":"https:\/\/delices.lu\/de\/wp-json\/wp\/v2\/location?post=16653"},{"taxonomy":"product_brand","embeddable":true,"href":"https:\/\/delices.lu\/de\/wp-json\/wp\/v2\/product_brand?post=16653"},{"taxonomy":"product_cat","embeddable":true,"href":"https:\/\/delices.lu\/de\/wp-json\/wp\/v2\/product_cat?post=16653"},{"taxonomy":"product_tag","embeddable":true,"href":"https:\/\/delices.lu\/de\/wp-json\/wp\/v2\/product_tag?post=16653"}],"curies":[{"name":"wp","href":"https:\/\/api.w.org\/{rel}","templated":true}]}}