{"id":16670,"date":"2025-07-07T00:00:39","date_gmt":"2025-07-06T22:00:39","guid":{"rendered":"https:\/\/delices.lu\/produit\/jubilee-mug-kleine-blume\/"},"modified":"2025-03-24T08:36:10","modified_gmt":"2025-03-24T07:36:10","slug":"jubilee-mug-kleine-blume","status":"publish","type":"product","link":"https:\/\/delices.lu\/de\/produit\/jubilee-mug-kleine-blume\/","title":{"rendered":"Jubilee Mug Kleine Blume"},"content":{"rendered":"<div class=\"col-12 value content\">\n<h3>Eine Geburtstagstasse mit Herz<\/h3>\n<\/div>\n<div class=\"col-12 value content\">\n<p>Die zarten Blumen strahlen eine feurige Freude aus und schaffen ein Gef\u00fchl von Phantasie und Harmonie. Das beliebte Dekor Petite Fleur vermittelt durch sein romantisches Blumendesign auf wei\u00dfem Porzellan ein Gef\u00fchl von Nostalgie und macht Ihren Tisch zu einem Meer aus Blumen. Unser Geburtstag ist ein Anlass, unsere Lieblingsmotive zu feiern: Unsere Kollektion von Geburtstagstassen spielt mit den erfolgreichen Dekoren von Villeroy &amp; Boch und interpretiert sie auf neue und raffinierte Weise in einem Herzen. Ein origineller Trumpf: vier exklusive Dekore, die von Mitgliedern der Villeroy &amp; Boch Familien entworfen wurden. Diese Tassen sind perfekt f\u00fcr jede Gelegenheit: vom gem\u00fctlichen Kaffeegenuss im Bett bis zur Kaffeepause im B\u00fcro. Dank der verschiedenen Dekore k\u00f6nnen diese Kaffeetassen kreativ miteinander kombiniert werden und eignen sich hervorragend zum Sammeln. Lassen Sie sich von den beliebten Dekoren von Villeroy &amp; Boch verzaubern und entdecken Sie die Kollektion der Jubil\u00e4umstassen.      <\/p>\n<\/div>\n","protected":false},"excerpt":{"rendered":"<p><strong>Jubilee Mug Petite Fleur<\/strong><br \/>\nPremium Porcelain<br \/>\nDurchmesser: ca. 85 mm<br \/>\nGr\u00f6\u00dfe: ca. 290 ml<br \/>\nFarbe: wei\u00df<br \/>\nSp\u00fclmaschinenfest: Ja<br \/>\nMikrowelle: Ja<br \/>\nArtikelreferenz: 1016889654 <\/p>\n","protected":false},"featured_media":16672,"template":"","meta":[],"location":[959],"product_brand":[],"product_cat":[2163,1309],"product_tag":[2578,2577,1154],"class_list":{"0":"post-16670","1":"product","2":"type-product","3":"status-publish","4":"has-post-thumbnail","6":"location-0-shop","7":"product_cat-tasse-krug","8":"product_cat-villeroy-boch-de","9":"product_tag-275-de","10":"product_tag-jubilee-de","11":"product_tag-mug-becher","13":"first","14":"instock","15":"shipping-taxable","16":"purchasable","17":"product-type-simple"},"supplier_id":9071,"supplier_sku":"1016889654","barcode":"4003686430259","atum_controlled":true,"out_stock_date":null,"out_stock_threshold":null,"inheritable":false,"inbound_stock":0,"stock_on_hold":0,"sold_today":0,"sales_last_days":0,"reserved_stock":0,"customer_returns":0,"warehouse_damage":0,"lost_in_post":0,"other_logs":0,"out_stock_days":0,"lost_sales":0,"has_location":false,"update_date":"2025-07-19T06:26:49","atum_locations":[{"id":960,"name":"0 SHOP","slug":"0-shop"}],"atum_stock_status":"instock","restock_status":false,"low_stock_amount":"","sales_update_date":"2025-07-19T06:26:49","calc_backorders":0,"locations":[],"_links":{"self":[{"href":"https:\/\/delices.lu\/de\/wp-json\/wp\/v2\/product\/16670","targetHints":{"allow":["GET"]}}],"collection":[{"href":"https:\/\/delices.lu\/de\/wp-json\/wp\/v2\/product"}],"about":[{"href":"https:\/\/delices.lu\/de\/wp-json\/wp\/v2\/types\/product"}],"wp:featuredmedia":[{"embeddable":true,"href":"https:\/\/delices.lu\/de\/wp-json\/wp\/v2\/media\/16672"}],"wp:attachment":[{"href":"https:\/\/delices.lu\/de\/wp-json\/wp\/v2\/media?parent=16670"}],"wp:term":[{"taxonomy":"location","embeddable":true,"href":"https:\/\/delices.lu\/de\/wp-json\/wp\/v2\/location?post=16670"},{"taxonomy":"product_brand","embeddable":true,"href":"https:\/\/delices.lu\/de\/wp-json\/wp\/v2\/product_brand?post=16670"},{"taxonomy":"product_cat","embeddable":true,"href":"https:\/\/delices.lu\/de\/wp-json\/wp\/v2\/product_cat?post=16670"},{"taxonomy":"product_tag","embeddable":true,"href":"https:\/\/delices.lu\/de\/wp-json\/wp\/v2\/product_tag?post=16670"}],"curies":[{"name":"wp","href":"https:\/\/api.w.org\/{rel}","templated":true}]}}