{"id":16688,"date":"2025-09-07T00:00:42","date_gmt":"2025-09-06T22:00:42","guid":{"rendered":"https:\/\/delices.lu\/produit\/jubilee-mug-old-luxembourg\/"},"modified":"2025-03-24T08:36:21","modified_gmt":"2025-03-24T07:36:21","slug":"jubilee-mug-old-luxembourg","status":"publish","type":"product","link":"https:\/\/delices.lu\/de\/produit\/jubilee-mug-old-luxembourg\/","title":{"rendered":"Jubilee Mug Old Luxembourg"},"content":{"rendered":"<p><strong>Eine Jubil\u00e4umstasse mit Herz<\/strong><br \/>\nVieux Luxembourg ist eines der ersten Dekore von Villeroy &amp; Boch und besticht durch seine Eleganz und Zeitlosigkeit. Seit fast 250 Jahren zieren die kleinen blauen Bl\u00fctenzweige und die filigranen, handgearbeiteten Reliefs dieses organisch geformte Service. Dieses exquisite Rokoko-Muster ist eines der bekanntesten und beliebtesten Geschirrdekorationen. Unser Geburtstag ist ein Anlass, unsere Lieblingsmotive zu feiern: Unsere Jubil\u00e4umstassenkollektion spielt mit den erfolgreichen Dekoren von Villeroy &amp; Boch und interpretiert sie auf neue und raffinierte Weise in einem Herzen neu. Ein origineller Trumpf: vier exklusive Dekore, die von Mitgliedern der Villeroy &amp; Boch Familien entworfen wurden. Diese Tassen sind perfekt f\u00fcr jede Gelegenheit: vom gem\u00fctlichen Kaffeegenuss im Bett bis zur Kaffeepause im B\u00fcro. Dank der verschiedenen Dekore k\u00f6nnen diese Kaffeetassen kreativ miteinander kombiniert werden und eignen sich hervorragend zum Sammeln. Lassen Sie sich von den beliebten Dekoren von Villeroy &amp; Boch verzaubern und entdecken Sie die Kollektion der Jubil\u00e4umstassen.       <\/p>\n","protected":false},"excerpt":{"rendered":"<p><strong>Jubilee Mug Old Luxembourg<\/strong><br \/>\nPremium Porcelain<br \/>\nDurchmesser: ca. 85 mm<br \/>\nGr\u00f6\u00dfe: ca. 290 ml<br \/>\nFarbe: wei\u00df<br \/>\nSp\u00fclmaschinenfest: Ja<br \/>\nMikrowelle: Ja<br \/>\nArtikelreferenz: 1016889652 <\/p>\n","protected":false},"featured_media":16689,"template":"","meta":[],"location":[959],"product_brand":[],"product_cat":[2163,1309],"product_tag":[2578,2577,1154],"class_list":{"0":"post-16688","1":"product","2":"type-product","3":"status-publish","4":"has-post-thumbnail","6":"location-0-shop","7":"product_cat-tasse-krug","8":"product_cat-villeroy-boch-de","9":"product_tag-275-de","10":"product_tag-jubilee-de","11":"product_tag-mug-becher","13":"first","14":"instock","15":"shipping-taxable","16":"purchasable","17":"product-type-simple"},"supplier_id":9071,"supplier_sku":"1016889652","barcode":"4003686430235","atum_controlled":true,"out_stock_date":null,"out_stock_threshold":null,"inheritable":false,"inbound_stock":0,"stock_on_hold":0,"sold_today":0,"sales_last_days":0,"reserved_stock":0,"customer_returns":0,"warehouse_damage":0,"lost_in_post":0,"other_logs":0,"out_stock_days":0,"lost_sales":0,"has_location":false,"update_date":"2025-09-28T04:53:49","atum_locations":[{"id":960,"name":"0 SHOP","slug":"0-shop"}],"atum_stock_status":"instock","restock_status":false,"low_stock_amount":"","sales_update_date":"2025-07-19T06:26:49","calc_backorders":0,"locations":[],"_links":{"self":[{"href":"https:\/\/delices.lu\/de\/wp-json\/wp\/v2\/product\/16688","targetHints":{"allow":["GET"]}}],"collection":[{"href":"https:\/\/delices.lu\/de\/wp-json\/wp\/v2\/product"}],"about":[{"href":"https:\/\/delices.lu\/de\/wp-json\/wp\/v2\/types\/product"}],"wp:featuredmedia":[{"embeddable":true,"href":"https:\/\/delices.lu\/de\/wp-json\/wp\/v2\/media\/16689"}],"wp:attachment":[{"href":"https:\/\/delices.lu\/de\/wp-json\/wp\/v2\/media?parent=16688"}],"wp:term":[{"taxonomy":"location","embeddable":true,"href":"https:\/\/delices.lu\/de\/wp-json\/wp\/v2\/location?post=16688"},{"taxonomy":"product_brand","embeddable":true,"href":"https:\/\/delices.lu\/de\/wp-json\/wp\/v2\/product_brand?post=16688"},{"taxonomy":"product_cat","embeddable":true,"href":"https:\/\/delices.lu\/de\/wp-json\/wp\/v2\/product_cat?post=16688"},{"taxonomy":"product_tag","embeddable":true,"href":"https:\/\/delices.lu\/de\/wp-json\/wp\/v2\/product_tag?post=16688"}],"curies":[{"name":"wp","href":"https:\/\/api.w.org\/{rel}","templated":true}]}}