{"id":16692,"date":"2025-07-07T00:00:43","date_gmt":"2025-07-06T22:00:43","guid":{"rendered":"https:\/\/delices.lu\/produit\/newwave-caffe-lilac-breasted-roller-tasse\/"},"modified":"2025-03-24T08:36:22","modified_gmt":"2025-03-24T07:36:22","slug":"newwave-caffe-lilac-breasted-roller-tasse","status":"publish","type":"product","link":"https:\/\/delices.lu\/de\/produit\/newwave-caffe-lilac-breasted-roller-tasse\/","title":{"rendered":"NewWave Caff\u00e8 Lilac Breasted Roller Tasse"},"content":{"rendered":"<p><strong>Sammeltasse mit exotischem<\/strong> Dekor<br \/>\nDas Dekor Animals of the World entf\u00fchrt Sie in die Savanne und Steppe: Es wird Sie mit seinen farbenfrohen Motiven exotischer Tiere begeistern, die das besonders splitterfeste Premium Porcelain zieren, das die Formen der beliebten NewWave-Kollektion aufgreift. Ob Kaffee, Schokolade oder Tee, in diesem sch\u00f6nen Kaffeebecher wird Ihr Lieblingsgetr\u00e4nk besonders gut schmecken. Er wird in einer Geschenkverpackung aus Karton geliefert. Lassen Sie sich von dem sch\u00f6nen Porzellan inspirieren.   <\/p>\n","protected":false},"excerpt":{"rendered":"<p>MATERIAL: Premium Porcelain<br \/>\nGR\u00d6\u00dfE: ca. 300 ml<br \/>\nFARBE: mehrfarbig<br \/>\nGARANTIERT SP\u00dcLMASCHINENGARANTIE: Ja<br \/>\nMIKROWELLENKOMPATIBEL: Ja<br \/>\nREF. ARTIKEL: 1042009100 <\/p>\n","protected":false},"featured_media":16693,"template":"","meta":[],"location":[976],"product_brand":[],"product_cat":[2235,2163,1309],"product_tag":[2240,2346,2165,2584],"class_list":{"0":"post-16692","1":"product","2":"type-product","3":"status-publish","4":"has-post-thumbnail","6":"location-0-en-cde","7":"product_cat-tasse-de","8":"product_cat-tasse-krug","9":"product_cat-villeroy-boch-de","10":"product_tag-blau","11":"product_tag-newwave-caffe-de","12":"product_tag-tasse-de","13":"product_tag-vogel","15":"first","16":"instock","17":"shipping-taxable","18":"purchasable","19":"product-type-simple"},"supplier_id":9071,"supplier_sku":"1042009100","barcode":"4003686325913","atum_controlled":true,"out_stock_date":null,"out_stock_threshold":0,"inheritable":false,"inbound_stock":0,"stock_on_hold":0,"sold_today":0,"sales_last_days":0,"reserved_stock":0,"customer_returns":0,"warehouse_damage":null,"lost_in_post":0,"other_logs":0,"out_stock_days":0,"lost_sales":0,"has_location":false,"update_date":"2025-07-19T06:26:50","atum_locations":[{"id":977,"name":"0 EN CDE","slug":"0-en-cde"}],"atum_stock_status":"instock","restock_status":false,"low_stock_amount":"","sales_update_date":"2025-07-19T06:26:50","calc_backorders":0,"locations":[],"_links":{"self":[{"href":"https:\/\/delices.lu\/de\/wp-json\/wp\/v2\/product\/16692","targetHints":{"allow":["GET"]}}],"collection":[{"href":"https:\/\/delices.lu\/de\/wp-json\/wp\/v2\/product"}],"about":[{"href":"https:\/\/delices.lu\/de\/wp-json\/wp\/v2\/types\/product"}],"wp:featuredmedia":[{"embeddable":true,"href":"https:\/\/delices.lu\/de\/wp-json\/wp\/v2\/media\/16693"}],"wp:attachment":[{"href":"https:\/\/delices.lu\/de\/wp-json\/wp\/v2\/media?parent=16692"}],"wp:term":[{"taxonomy":"location","embeddable":true,"href":"https:\/\/delices.lu\/de\/wp-json\/wp\/v2\/location?post=16692"},{"taxonomy":"product_brand","embeddable":true,"href":"https:\/\/delices.lu\/de\/wp-json\/wp\/v2\/product_brand?post=16692"},{"taxonomy":"product_cat","embeddable":true,"href":"https:\/\/delices.lu\/de\/wp-json\/wp\/v2\/product_cat?post=16692"},{"taxonomy":"product_tag","embeddable":true,"href":"https:\/\/delices.lu\/de\/wp-json\/wp\/v2\/product_tag?post=16692"}],"curies":[{"name":"wp","href":"https:\/\/api.w.org\/{rel}","templated":true}]}}