{"id":16698,"date":"2025-02-25T00:00:47","date_gmt":"2025-03-24T07:36:23","guid":{"rendered":"https:\/\/delices.lu\/produit\/manufacture-rock-coffee-to-go-becher-290-ml-schwarz-matt\/"},"modified":"2025-03-24T08:36:23","modified_gmt":"2025-03-24T07:36:23","slug":"manufacture-rock-coffee-to-go-becher-290-ml-schwarz-matt","status":"publish","type":"product","link":"https:\/\/delices.lu\/de\/produit\/manufacture-rock-coffee-to-go-becher-290-ml-schwarz-matt\/","title":{"rendered":"Manufacture Rock Coffee To Go Becher, 290 ml, schwarz matt"},"content":{"rendered":"<p><strong>porcelainnotplastic &#8211; Kaffeegenuss \u00fcberall<\/strong><br \/>\nDer neue Coffee ToGo Becher im Manufacture Rock Design fasziniert durch sein mattschwarzes Aussehen und seine edle Haptik. Ob im Auto, auf Reisen, im B\u00fcro oder bei der Arbeit, das Geschmackserlebnis kann Ihnen auch \u00fcberall auf exklusive Weise folgen. Mit diesem Coffee-to-go-Becher im trendigen mattschwarzen Look haben Sie Ihr Lieblingsgetr\u00e4nk immer griffbereit. Dank der Silikondichtung tropft das Getr\u00e4nk nicht und die hochwertige H\u00fclse sch\u00fctzt vor Hitze w\u00e4hrend des Transports. To Go bedeutet Nachhaltigkeit: Mit diesem wiederverwendbaren Becher aus durchgef\u00e4rbtem Premium Porcelain k\u00f6nnen Sie Ihren Kaffee auch unterwegs ohne schlechtes Gewissen genie\u00dfen. Genie\u00dfen Sie Ihre Lieblingsgetr\u00e4nke unterwegs auf elegante und nachhaltige Weise.     <\/p>\n","protected":false},"excerpt":{"rendered":"<p>MATERIAL: Hochwertiges Porzellan<br \/>\nSilikon Kunstleder<br \/>\nGR\u00d6\u00dfE: ca. 290 ml<br \/>\nFARBE: schwarz<br \/>\nGARANTIERT SP\u00dcLMASCHINENGARANTIE: Ja<br \/>\nMIKROWELLENKOMPATIBEL: Ja<br \/>\nREF. ARTIKEL: 1048689359 <\/p>\n","protected":false},"featured_media":16699,"template":"","meta":[],"location":[976],"product_brand":[],"product_cat":[2163,2338,1309],"product_tag":[2585,2339,2586,1154,2571],"class_list":{"0":"post-16698","1":"product","2":"type-product","3":"status-publish","4":"has-post-thumbnail","6":"location-0-en-cde","7":"product_cat-tasse-krug","8":"product_cat-to-go-de","9":"product_cat-villeroy-boch-de","10":"product_tag-coffee-to-go-de","11":"product_tag-kaffee-zum-mitnehmen","12":"product_tag-kaffeetur","13":"product_tag-mug-becher","14":"product_tag-to-go-de","16":"first","17":"instock","18":"shipping-taxable","19":"purchasable","20":"product-type-simple"},"supplier_id":9071,"supplier_sku":"1048689359","barcode":"4003686414174","atum_controlled":true,"out_stock_date":null,"out_stock_threshold":0,"inheritable":false,"inbound_stock":0,"stock_on_hold":0,"sold_today":0,"sales_last_days":0,"reserved_stock":0,"customer_returns":0,"warehouse_damage":null,"lost_in_post":0,"other_logs":0,"out_stock_days":0,"lost_sales":0,"has_location":true,"update_date":"2025-07-19T06:26:44","atum_locations":[{"id":977,"name":"0 EN CDE","slug":"0-en-cde"}],"atum_stock_status":"instock","restock_status":false,"low_stock_amount":"","sales_update_date":"2025-07-19T06:26:44","calc_backorders":0,"locations":[],"_links":{"self":[{"href":"https:\/\/delices.lu\/de\/wp-json\/wp\/v2\/product\/16698","targetHints":{"allow":["GET"]}}],"collection":[{"href":"https:\/\/delices.lu\/de\/wp-json\/wp\/v2\/product"}],"about":[{"href":"https:\/\/delices.lu\/de\/wp-json\/wp\/v2\/types\/product"}],"wp:featuredmedia":[{"embeddable":true,"href":"https:\/\/delices.lu\/de\/wp-json\/wp\/v2\/media\/16699"}],"wp:attachment":[{"href":"https:\/\/delices.lu\/de\/wp-json\/wp\/v2\/media?parent=16698"}],"wp:term":[{"taxonomy":"location","embeddable":true,"href":"https:\/\/delices.lu\/de\/wp-json\/wp\/v2\/location?post=16698"},{"taxonomy":"product_brand","embeddable":true,"href":"https:\/\/delices.lu\/de\/wp-json\/wp\/v2\/product_brand?post=16698"},{"taxonomy":"product_cat","embeddable":true,"href":"https:\/\/delices.lu\/de\/wp-json\/wp\/v2\/product_cat?post=16698"},{"taxonomy":"product_tag","embeddable":true,"href":"https:\/\/delices.lu\/de\/wp-json\/wp\/v2\/product_tag?post=16698"}],"curies":[{"name":"wp","href":"https:\/\/api.w.org\/{rel}","templated":true}]}}