{"id":16709,"date":"2025-09-25T00:00:02","date_gmt":"2025-09-24T22:00:02","guid":{"rendered":"https:\/\/delices.lu\/produit\/la-boule-paradiso\/"},"modified":"2025-03-24T08:37:24","modified_gmt":"2025-03-24T07:37:24","slug":"la-boule-paradiso","status":"publish","type":"product","link":"https:\/\/delices.lu\/de\/produit\/la-boule-paradiso\/","title":{"rendered":"La Boule Paradiso"},"content":{"rendered":"<p><strong>Ein ikonisches Design, das auf zeitlose Weise alle Blicke auf sich zieht<\/strong><br \/>\nKlassik und Moderne in einem Design vereint: Anl\u00e4sslich des 275-j\u00e4hrigen Firmenjubil\u00e4ums greift Paradiso die Traditionen der 275 Jahre Villeroy &amp; Boch auf und l\u00e4sst sie wieder aufleben. Historische Dekore aus einem Kupferstich werden in Kombination mit modernen grafischen Elementen und einem kr\u00e4ftigen Orange in Szene gesetzt, um ein neues, zeitgen\u00f6ssisches Design zu schaffen. Diese vielseitig kombinierbaren St\u00fccke beeindrucken durch ihre modernen Farben. Durch die Kombination von Funktionalit\u00e4t und ikonischem Design ist La Boule nicht nur ein Blickfang auf dem Tisch, sondern wird auch zu einem au\u00dfergew\u00f6hnlichen Element der Inneneinrichtung. La Boule besteht aus zwei tiefen Sch\u00fcsseln, zwei flachen Schalen und zwei Universaltellern sowie einem Servierteller. Dieses Set besteht aus:<br \/>\n&#8211; 2 Schalen, 620 ml<br \/>\n&#8211; 2 Schalen, 500 ml<br \/>\n&#8211; 2 flache Teller, 24 cm<br \/>\n&#8211; 1 Servierteller, 23,9 cm<br \/>\nVersch\u00f6nern Sie Ihren Tisch und Ihr Zuhause mit einem subtilen Design &#8211; mit La Boule Paradiso von Villeroy &amp; Boch.     <\/p>\n","protected":false},"excerpt":{"rendered":"<p><strong>La Boule Paradiso<\/strong><br \/>\nMaterial: Premium Porcelain<br \/>\nDurchmesser: ca. 240 mm, Gewicht ca. 4.15 kg<br \/>\nSp\u00fclmaschinenfest<br \/>\nMikrowellengeeignet<br \/>\nPreis inkl. MwSt., zzgl. Versandkosten je nach Empf\u00e4nger<br \/>\nArtikelreferenz: 1016659099 <\/p>\n","protected":false},"featured_media":16710,"template":"","meta":[],"location":[959],"product_brand":[],"product_cat":[1311,2429,1309],"product_tag":[2578,2462,2577,2599,2593],"class_list":{"0":"post-16709","1":"product","2":"type-product","3":"status-publish","4":"has-post-thumbnail","6":"location-0-shop","7":"product_cat-dekoration","8":"product_cat-die-kugel","9":"product_cat-villeroy-boch-de","10":"product_tag-275-de","11":"product_tag-ball","12":"product_tag-jubilee-de","13":"product_tag-la-boule-paradisio-de","14":"product_tag-paradisio-de","16":"first","17":"instock","18":"shipping-taxable","19":"purchasable","20":"product-type-simple"},"supplier_id":9071,"supplier_sku":"1016659099","barcode":"4003686429291","atum_controlled":true,"out_stock_date":null,"out_stock_threshold":0,"inheritable":false,"inbound_stock":0,"stock_on_hold":0,"sold_today":0,"sales_last_days":0,"reserved_stock":0,"customer_returns":0,"warehouse_damage":0,"lost_in_post":0,"other_logs":0,"out_stock_days":0,"lost_sales":0,"has_location":false,"update_date":"2025-09-28T04:50:09","atum_locations":[{"id":960,"name":"0 SHOP","slug":"0-shop"}],"atum_stock_status":"instock","restock_status":false,"low_stock_amount":"","sales_update_date":"2025-07-19T06:26:44","calc_backorders":0,"locations":[],"_links":{"self":[{"href":"https:\/\/delices.lu\/de\/wp-json\/wp\/v2\/product\/16709","targetHints":{"allow":["GET"]}}],"collection":[{"href":"https:\/\/delices.lu\/de\/wp-json\/wp\/v2\/product"}],"about":[{"href":"https:\/\/delices.lu\/de\/wp-json\/wp\/v2\/types\/product"}],"wp:featuredmedia":[{"embeddable":true,"href":"https:\/\/delices.lu\/de\/wp-json\/wp\/v2\/media\/16710"}],"wp:attachment":[{"href":"https:\/\/delices.lu\/de\/wp-json\/wp\/v2\/media?parent=16709"}],"wp:term":[{"taxonomy":"location","embeddable":true,"href":"https:\/\/delices.lu\/de\/wp-json\/wp\/v2\/location?post=16709"},{"taxonomy":"product_brand","embeddable":true,"href":"https:\/\/delices.lu\/de\/wp-json\/wp\/v2\/product_brand?post=16709"},{"taxonomy":"product_cat","embeddable":true,"href":"https:\/\/delices.lu\/de\/wp-json\/wp\/v2\/product_cat?post=16709"},{"taxonomy":"product_tag","embeddable":true,"href":"https:\/\/delices.lu\/de\/wp-json\/wp\/v2\/product_tag?post=16709"}],"curies":[{"name":"wp","href":"https:\/\/api.w.org\/{rel}","templated":true}]}}