{"id":16720,"date":"2025-02-24T00:00:53","date_gmt":"2025-03-24T07:39:14","guid":{"rendered":"https:\/\/delices.lu\/produit\/la-petite-boule-black\/"},"modified":"2025-03-24T08:39:14","modified_gmt":"2025-03-24T07:39:14","slug":"la-petite-boule-black","status":"publish","type":"product","link":"https:\/\/delices.lu\/de\/produit\/la-petite-boule-black\/","title":{"rendered":"La Petite Boule Black"},"content":{"rendered":"<p>Die <strong>elegante Verbindung von Snacks und Inneneinrichtung<\/strong><br \/>\nLa Boule ist ein Designobjekt, das bereits tief in der DNA von Villeroy &amp; Boch verankert ist und die St\u00e4rke der Marke V&amp;B mit dem Know-how der Keramikindustrie und einem ikonischen Design verbindet. Wir schreiben eine neue Seite in der Geschichte dieses Erfolgs mit einer &#8220;Iconic Family&#8221;: La petite Boule ist die kleinere Version unserer Bestseller La Boule memphis, black&amp;white, white and black sowie Toy&#8217;s Delight. \u00c4hnlich wie La Boule, die ein Dinner-Set mit einer Inneneinrichtung kombiniert, verbindet diese kleine Variante Snacks mit einer Inneneinrichtung. La petite Boule black ist nicht nur ein exquisites Sammlerst\u00fcck, sondern auch die perfekte Wahl f\u00fcr Kenner erlesener Aromen, die nach einem idealen Geschenk f\u00fcr verschiedene Anl\u00e4sse suchen. Diese raffinierte Kreation verbindet erstklassige Funktionalit\u00e4t mit ikonischem Design und ist nicht nur ein Blickfang auf dem Esstisch, sondern auch ein absolutes Highlight in jeder eleganten Dekoration. Das Besondere an diesem Geschirrset ist, dass es sich m\u00fchelos in eine kunstvolle Kugel verwandeln l\u00e4sst. Es besteht aus f\u00fcnf Teilen, darunter vier Schalen und ein Teller in der Mitte, und wird in Deutschland aus hochwertigem Porzellan hergestellt. Die kleine schwarze Kugel verk\u00f6rpert zeitlose Eleganz und erstklassige Qualit\u00e4t. Holen Sie sich jetzt dieses innovative Snackset!        <\/p>\n<p>Das Set besteht aus :<\/p>\n<p>2 x Sch\u00fcssel<br \/>\n2 x Universalteller, tief, ca. 14 cm<br \/>\n1 x Servierteller, ca. 14 cm<\/p>\n","protected":false},"excerpt":{"rendered":"<p><strong>La Petite Boule Black &#8211; 5-teiliges Tafelservice<\/strong><br \/>\nMaterial: Premium Porcelain<br \/>\nGr\u00f6\u00dfe: ca. 140 mm Durchmesser<br \/>\ngarantiert sp\u00fclmaschinenfest<br \/>\nmikrowellengeeignet<br \/>\nGeschenkverpackung: kostenlos, auf Anfrage<br \/>\nArtikelreferenz: 1016669051 <\/p>\n","protected":false},"featured_media":16722,"template":"","meta":[],"location":[959],"product_brand":[],"product_cat":[1354,1311,2429,1309],"product_tag":[743,2573,2602,2431],"class_list":{"0":"post-16720","1":"product","2":"type-product","3":"status-publish","4":"has-post-thumbnail","6":"location-0-shop","7":"product_cat-art-de-la-table-de","8":"product_cat-dekoration","9":"product_cat-die-kugel","10":"product_cat-villeroy-boch-de","11":"product_tag-decoration-de","12":"product_tag-die-kleine-kugel","13":"product_tag-schwarz-de-2","14":"product_tag-tischservice","16":"first","17":"instock","18":"sold-individually","19":"shipping-taxable","20":"purchasable","21":"product-type-simple"},"supplier_id":9071,"supplier_sku":"1016669051","barcode":"4003686440197","atum_controlled":true,"out_stock_date":null,"out_stock_threshold":null,"inheritable":false,"inbound_stock":0,"stock_on_hold":0,"sold_today":0,"sales_last_days":0,"reserved_stock":null,"customer_returns":null,"warehouse_damage":null,"lost_in_post":null,"other_logs":null,"out_stock_days":0,"lost_sales":0,"has_location":true,"update_date":"2025-07-19T06:26:44","atum_locations":[{"id":960,"name":"0 SHOP","slug":"0-shop"}],"atum_stock_status":"instock","restock_status":false,"low_stock_amount":"","sales_update_date":"2025-07-19T06:26:44","calc_backorders":0,"locations":[],"_links":{"self":[{"href":"https:\/\/delices.lu\/de\/wp-json\/wp\/v2\/product\/16720","targetHints":{"allow":["GET"]}}],"collection":[{"href":"https:\/\/delices.lu\/de\/wp-json\/wp\/v2\/product"}],"about":[{"href":"https:\/\/delices.lu\/de\/wp-json\/wp\/v2\/types\/product"}],"wp:featuredmedia":[{"embeddable":true,"href":"https:\/\/delices.lu\/de\/wp-json\/wp\/v2\/media\/16722"}],"wp:attachment":[{"href":"https:\/\/delices.lu\/de\/wp-json\/wp\/v2\/media?parent=16720"}],"wp:term":[{"taxonomy":"location","embeddable":true,"href":"https:\/\/delices.lu\/de\/wp-json\/wp\/v2\/location?post=16720"},{"taxonomy":"product_brand","embeddable":true,"href":"https:\/\/delices.lu\/de\/wp-json\/wp\/v2\/product_brand?post=16720"},{"taxonomy":"product_cat","embeddable":true,"href":"https:\/\/delices.lu\/de\/wp-json\/wp\/v2\/product_cat?post=16720"},{"taxonomy":"product_tag","embeddable":true,"href":"https:\/\/delices.lu\/de\/wp-json\/wp\/v2\/product_tag?post=16720"}],"curies":[{"name":"wp","href":"https:\/\/api.w.org\/{rel}","templated":true}]}}