{"id":16728,"date":"2025-02-24T00:00:26","date_gmt":"2025-03-24T07:39:14","guid":{"rendered":"https:\/\/delices.lu\/produit\/schwarzer-ball\/"},"modified":"2025-03-24T08:39:14","modified_gmt":"2025-03-24T07:39:14","slug":"schwarzer-ball","status":"publish","type":"product","link":"https:\/\/delices.lu\/de\/produit\/schwarzer-ball\/","title":{"rendered":"Schwarzer Ball"},"content":{"rendered":"<p><strong>Ein modernes und ikonisches schwarzes Porzellan-Tischset, das alle Blicke auf sich zieht<\/strong><br \/>\nDieses mattschwarze Geschirrset aus der Iconic-Kollektion ist ein modernes Tischset aus hochwertigem Porzellan. Es besteht aus zwei tiefen Design-Tellern, einer Servierplatte, zwei schwarzen Schalen, zwei gro\u00dfen tiefen Tellern, die als Salatteller oder Suppenteller verwendet werden k\u00f6nnen, perfekt um den Tisch bei Ihren Abendessen zu versch\u00f6nern. Die Kombination aus mattem Schwarz und den klaren Kurven dieses Geschirrsets sind die Markenzeichen der einzigartigen visuellen Identit\u00e4t von La Boule, die tief in der DNA von Villeroy &amp; Boch verwurzelt ist. Die einzigartige Kugelform von La Boule l\u00e4dt Sie dazu ein, Momente zu zweit zu verbringen, um k\u00f6stliche Gerichte zu genie\u00dfen, die durch das moderne Design hervorgehoben werden. Lassen Sie Ihrer Phantasie und Kreativit\u00e4t freien Lauf und entdecken Sie neue kulinarische Horizonte.<br \/>\nLa Boule ist mehr als nur ein Tafelservice, es ist ein inspirierendes und raffiniertes Objekt zur Innendekoration, was es zu einem idealen Hochzeitsgeschenk macht. Versch\u00f6nern Sie Ihren Tisch und Ihr Zuhause mit einem subtilen Design.     <\/p>\n<p>Das Set besteht aus :<\/p>\n<p>2x Sch\u00fcssel, 620ml<br \/>\n2x Sch\u00e4lchen, 500ml<br \/>\n2x Universalteller, 24cm<br \/>\n1x Servierteller, 23.9cm<\/p>\n","protected":false},"excerpt":{"rendered":"<p><strong>La Boule Black &#8211; 7-teiliges Tafelservice<\/strong><br \/>\nMaterial: Premium Porcelain<br \/>\nGewicht: ca. 4.14 kg<br \/>\ngarantiert sp\u00fclmaschinenfest<br \/>\nmikrowellengeeignet<br \/>\nGeschenkverpackung: kostenlos, auf Anfrage<br \/>\nArtikelreferenz: 1016659094 <\/p>\n","protected":false},"featured_media":16729,"template":"","meta":[],"location":[959],"product_brand":[],"product_cat":[1354,1311,2429,1309],"product_tag":[743,2430,2602,2431],"class_list":{"0":"post-16728","1":"product","2":"type-product","3":"status-publish","4":"has-post-thumbnail","6":"location-0-shop","7":"product_cat-art-de-la-table-de","8":"product_cat-dekoration","9":"product_cat-die-kugel","10":"product_cat-villeroy-boch-de","11":"product_tag-decoration-de","12":"product_tag-die-kugel","13":"product_tag-schwarz-de-2","14":"product_tag-tischservice","16":"first","17":"instock","18":"sold-individually","19":"shipping-taxable","20":"purchasable","21":"product-type-simple"},"supplier_id":9071,"supplier_sku":"1016659094","barcode":"4003686389281","atum_controlled":true,"out_stock_date":null,"out_stock_threshold":null,"inheritable":false,"inbound_stock":0,"stock_on_hold":0,"sold_today":0,"sales_last_days":0,"reserved_stock":0,"customer_returns":0,"warehouse_damage":0,"lost_in_post":0,"other_logs":0,"out_stock_days":0,"lost_sales":0,"has_location":true,"update_date":"2025-07-19T06:26:44","atum_locations":[{"id":960,"name":"0 SHOP","slug":"0-shop"}],"atum_stock_status":"instock","restock_status":false,"low_stock_amount":"","sales_update_date":"2025-07-19T06:26:44","calc_backorders":0,"locations":[],"_links":{"self":[{"href":"https:\/\/delices.lu\/de\/wp-json\/wp\/v2\/product\/16728","targetHints":{"allow":["GET"]}}],"collection":[{"href":"https:\/\/delices.lu\/de\/wp-json\/wp\/v2\/product"}],"about":[{"href":"https:\/\/delices.lu\/de\/wp-json\/wp\/v2\/types\/product"}],"wp:featuredmedia":[{"embeddable":true,"href":"https:\/\/delices.lu\/de\/wp-json\/wp\/v2\/media\/16729"}],"wp:attachment":[{"href":"https:\/\/delices.lu\/de\/wp-json\/wp\/v2\/media?parent=16728"}],"wp:term":[{"taxonomy":"location","embeddable":true,"href":"https:\/\/delices.lu\/de\/wp-json\/wp\/v2\/location?post=16728"},{"taxonomy":"product_brand","embeddable":true,"href":"https:\/\/delices.lu\/de\/wp-json\/wp\/v2\/product_brand?post=16728"},{"taxonomy":"product_cat","embeddable":true,"href":"https:\/\/delices.lu\/de\/wp-json\/wp\/v2\/product_cat?post=16728"},{"taxonomy":"product_tag","embeddable":true,"href":"https:\/\/delices.lu\/de\/wp-json\/wp\/v2\/product_tag?post=16728"}],"curies":[{"name":"wp","href":"https:\/\/api.w.org\/{rel}","templated":true}]}}