{"id":16736,"date":"2025-02-24T06:30:47","date_gmt":"2025-03-24T07:39:15","guid":{"rendered":"https:\/\/delices.lu\/produit\/toys-delight-fruehstuecksset-6-stueck\/"},"modified":"2025-03-24T08:39:15","modified_gmt":"2025-03-24T07:39:15","slug":"toys-delight-fruehstuecksset-6-stueck","status":"publish","type":"product","link":"https:\/\/delices.lu\/de\/produit\/toys-delight-fruehstuecksset-6-stueck\/","title":{"rendered":"Toy&#8217;s Delight &#8211; Fr\u00fchst\u00fccksset &#8211; 6 St\u00fcck"},"content":{"rendered":"<p><strong>Weihnachtsfr\u00fchst\u00fccksgeschirr f\u00fcr zwei<\/strong> Personen<br \/>\nMit der Toy&#8217;s Delight Kollektion schaffen Sie zu Hause eine Retro-Weihnachtsatmosph\u00e4re. Das Geschirr ist mit fantasievollen Motiven in Rot, Gr\u00fcn und Wei\u00df verziert und weckt Kindheitserinnerungen. Zum Kombinieren, Sammeln und Verschenken. Mit diesem m\u00e4rchenhaften Fr\u00fchst\u00fccksset k\u00f6nnen Sie den Tag zu zweit in einer harmonischen und ruhigen Atmosph\u00e4re beginnen. Beginnen Sie den Tag mit einem gem\u00fctlichen Fr\u00fchst\u00fcck. Das Set besteht aus:     <\/p>\n<p>2 x Dessertteller, 24cm<br \/>\n2 x M\u00fcslischale, 750ml<br \/>\n2 x Tasse, 340ml<\/p>\n","protected":false},"excerpt":{"rendered":"<p>MATERIAL: Hochwertiges Porzellan<br \/>\nFARBE: rot wei\u00df<br \/>\nGARANTIERT SP\u00dcLMASCHINENGARANTIE: Nicht<br \/>\nMIKROWELLENKOMPATIBEL: Nicht<br \/>\nREF. ARTIKEL: 1485857280 <\/p>\n","protected":false},"featured_media":16737,"template":"","meta":[],"location":[976,1338],"product_brand":[],"product_cat":[1354,1355,2451,2163,2231,2450,1309,2230,2448],"product_tag":[2234,2232,2233,2454],"class_list":{"0":"post-16736","1":"product","2":"type-product","3":"status-publish","4":"has-post-thumbnail","6":"location-0-en-cde","7":"location-s38","8":"product_cat-art-de-la-table-de","9":"product_cat-bol-de","10":"product_cat-neuheiten","11":"product_cat-tasse-krug","12":"product_cat-teller","13":"product_cat-toys-delight-de","14":"product_cat-villeroy-boch-de","15":"product_cat-weihnachten","16":"product_cat-winter","17":"product_tag-fruhstucksset","18":"product_tag-set-mit-6-stuck","19":"product_tag-weihnachtsdekorationen","20":"product_tag-weihnachtsmann","22":"first","23":"instock","24":"shipping-taxable","25":"purchasable","26":"product-type-simple"},"supplier_id":9071,"supplier_sku":"1485857280","barcode":"4003686456402","atum_controlled":true,"out_stock_date":"2025-02-24 06:39:58","out_stock_threshold":null,"inheritable":false,"inbound_stock":null,"stock_on_hold":0,"sold_today":0,"sales_last_days":0,"reserved_stock":null,"customer_returns":null,"warehouse_damage":null,"lost_in_post":null,"other_logs":null,"out_stock_days":144,"lost_sales":0,"has_location":true,"update_date":"2025-07-19T06:26:45","atum_locations":[{"id":977,"name":"0 EN CDE","slug":"0-en-cde"},{"id":1339,"name":"S38","slug":"s38"}],"atum_stock_status":"onbackorder","restock_status":false,"low_stock_amount":"","sales_update_date":"2025-07-19T06:26:45","calc_backorders":0,"locations":[],"_links":{"self":[{"href":"https:\/\/delices.lu\/de\/wp-json\/wp\/v2\/product\/16736","targetHints":{"allow":["GET"]}}],"collection":[{"href":"https:\/\/delices.lu\/de\/wp-json\/wp\/v2\/product"}],"about":[{"href":"https:\/\/delices.lu\/de\/wp-json\/wp\/v2\/types\/product"}],"wp:featuredmedia":[{"embeddable":true,"href":"https:\/\/delices.lu\/de\/wp-json\/wp\/v2\/media\/16737"}],"wp:attachment":[{"href":"https:\/\/delices.lu\/de\/wp-json\/wp\/v2\/media?parent=16736"}],"wp:term":[{"taxonomy":"location","embeddable":true,"href":"https:\/\/delices.lu\/de\/wp-json\/wp\/v2\/location?post=16736"},{"taxonomy":"product_brand","embeddable":true,"href":"https:\/\/delices.lu\/de\/wp-json\/wp\/v2\/product_brand?post=16736"},{"taxonomy":"product_cat","embeddable":true,"href":"https:\/\/delices.lu\/de\/wp-json\/wp\/v2\/product_cat?post=16736"},{"taxonomy":"product_tag","embeddable":true,"href":"https:\/\/delices.lu\/de\/wp-json\/wp\/v2\/product_tag?post=16736"}],"curies":[{"name":"wp","href":"https:\/\/api.w.org\/{rel}","templated":true}]}}