{"id":16752,"date":"2025-02-24T00:00:32","date_gmt":"2025-03-24T07:39:17","guid":{"rendered":"https:\/\/delices.lu\/produit\/toys-delight-tellerwaermer\/"},"modified":"2025-03-24T08:39:17","modified_gmt":"2025-03-24T07:39:17","slug":"toys-delight-tellerwaermer","status":"publish","type":"product","link":"https:\/\/delices.lu\/de\/produit\/toys-delight-tellerwaermer\/","title":{"rendered":"Toy&#8217;s Delight &#8211; Tellerw\u00e4rmer"},"content":{"rendered":"<p><strong>Toy&#8217;s Delight &#8211; Kocher<\/strong><br \/>\nFarbe: Mehrfarbig<\/p>\n<p><strong>Warnhinweise:<\/strong><br \/>\nLassen Sie eine brennende Kerze niemals unbeaufsichtigt.<br \/>\nHalten Sie Kerzen von Kindern und Haustieren fern.<br \/>\nHalten Sie Kerzen mindestens 10 cm voneinander entfernt.<br \/>\nStellen Sie die Kerze senkrecht auf.<br \/>\nBewegen Sie eine brennende Kerze nicht.<br \/>\nVermeiden Sie das direkte Einatmen von Rauch.<br \/>\nLassen Sie Kerzen nicht in einem Luftzug brennen.<br \/>\nHalten Sie Kerzen von Gegenst\u00e4nden fern, die sich entz\u00fcnden k\u00f6nnen.<br \/>\nVerwenden Sie einen hitzebest\u00e4ndigen Kerzenhalter.<br \/>\nSchneiden Sie den Rand ab, wenn er mehr als 1 cm betr\u00e4gt.<br \/>\nStellen Sie Kerzen nicht in die N\u00e4he einer W\u00e4rmequelle.<br \/>\nSchneiden Sie den Docht auf 1 cm zur\u00fcck.<\/p>\n","protected":false},"excerpt":{"rendered":"<p><strong>Toy&#8217;s Delight &#8211; Rechaud<\/strong><br \/>\nFarbe: Mehrfarbig<br \/>\nMaterial: Premium Porcelain<br \/>\nForm: rund<br \/>\nPflegehinweis: Handw\u00e4sche empfohlen<br \/>\nMikrowellengeeignet: Nein<br \/>\nGewicht: 642 g<br \/>\nArtikelreferenz: 1485857899 <\/p>\n","protected":false},"featured_media":16753,"template":"","meta":[],"location":[976,1338],"product_brand":[],"product_cat":[1354,2451,2604,2450,1309,2230,2448],"product_tag":[2605,2366,2518,2233],"class_list":{"0":"post-16752","1":"product","2":"type-product","3":"status-publish","4":"has-post-thumbnail","6":"location-0-en-cde","7":"location-s38","8":"product_cat-art-de-la-table-de","9":"product_cat-neuheiten","10":"product_cat-tellerwarmer","11":"product_cat-toys-delight-de","12":"product_cat-villeroy-boch-de","13":"product_cat-weihnachten","14":"product_cat-winter","15":"product_tag-kocher","16":"product_tag-rot","17":"product_tag-tellerwarmer","18":"product_tag-weihnachtsdekorationen","20":"first","21":"instock","22":"shipping-taxable","23":"purchasable","24":"product-type-simple"},"supplier_id":9071,"supplier_sku":"1485857899","barcode":"4003686449442","atum_controlled":true,"out_stock_date":"2025-02-24 07:19:55","out_stock_threshold":null,"inheritable":false,"inbound_stock":null,"stock_on_hold":0,"sold_today":0,"sales_last_days":0,"reserved_stock":null,"customer_returns":null,"warehouse_damage":null,"lost_in_post":null,"other_logs":null,"out_stock_days":144,"lost_sales":0,"has_location":true,"update_date":"2025-07-19T06:26:45","atum_locations":[{"id":977,"name":"0 EN CDE","slug":"0-en-cde"},{"id":1339,"name":"S38","slug":"s38"}],"atum_stock_status":"onbackorder","restock_status":false,"low_stock_amount":"","sales_update_date":"2025-07-19T06:26:45","calc_backorders":0,"locations":[],"_links":{"self":[{"href":"https:\/\/delices.lu\/de\/wp-json\/wp\/v2\/product\/16752","targetHints":{"allow":["GET"]}}],"collection":[{"href":"https:\/\/delices.lu\/de\/wp-json\/wp\/v2\/product"}],"about":[{"href":"https:\/\/delices.lu\/de\/wp-json\/wp\/v2\/types\/product"}],"wp:featuredmedia":[{"embeddable":true,"href":"https:\/\/delices.lu\/de\/wp-json\/wp\/v2\/media\/16753"}],"wp:attachment":[{"href":"https:\/\/delices.lu\/de\/wp-json\/wp\/v2\/media?parent=16752"}],"wp:term":[{"taxonomy":"location","embeddable":true,"href":"https:\/\/delices.lu\/de\/wp-json\/wp\/v2\/location?post=16752"},{"taxonomy":"product_brand","embeddable":true,"href":"https:\/\/delices.lu\/de\/wp-json\/wp\/v2\/product_brand?post=16752"},{"taxonomy":"product_cat","embeddable":true,"href":"https:\/\/delices.lu\/de\/wp-json\/wp\/v2\/product_cat?post=16752"},{"taxonomy":"product_tag","embeddable":true,"href":"https:\/\/delices.lu\/de\/wp-json\/wp\/v2\/product_tag?post=16752"}],"curies":[{"name":"wp","href":"https:\/\/api.w.org\/{rel}","templated":true}]}}