{"id":16759,"date":"2025-02-24T11:32:03","date_gmt":"2025-03-24T07:39:26","guid":{"rendered":"https:\/\/delices.lu\/produit\/toys-delight-tortenheber\/"},"modified":"2025-03-24T08:39:26","modified_gmt":"2025-03-24T07:39:26","slug":"toys-delight-tortenheber","status":"publish","type":"product","link":"https:\/\/delices.lu\/de\/produit\/toys-delight-tortenheber\/","title":{"rendered":"Toy&#8217;s Delight &#8211; Tortenheber"},"content":{"rendered":"<p><strong>Tortenheber mit zarten weihnachtlichen Spielzeugmotiven<\/strong><br \/>\nDie Toy&#8217;s Delight Kollektion bringt eine Retro-Weihnachtsstimmung in Ihr Zuhause. Diese Kollektion ist mit zarten und fantasievollen Spielzeugmotiven dekoriert, die Kindheitserinnerungen wecken. Zum Kombinieren, Sammeln und Verschenken. Dieses 6-teilige Besteckset mit liebevoll gravierten Spielzeugmotiven erg\u00e4nzt die Toy&#8217;s Delight Geschirrkollektion auf elegante Weise und l\u00e4sst die gedeckte Kaffeetafel festlich erstrahlen. Holen Sie sich jetzt diese fr\u00f6hliche Weihnachtskollektion!    <\/p>\n","protected":false},"excerpt":{"rendered":"<p>Material: Edelstahl<br \/>\nFarbe: Silber\/Platin<br \/>\nGr\u00f6\u00dfe: 235 mm<br \/>\nGewicht: 67 gr<br \/>\nSp\u00fclmaschinenfest: Ja<br \/>\nMikrowellenfest: Nein<br \/>\nArtikel-Nr.: 1265641870 <\/p>\n","protected":false},"featured_media":16760,"template":"","meta":[],"location":[976,1338],"product_brand":[],"product_cat":[1354,2324,2451,2450,1309,2230,2448],"product_tag":[2606,2233],"class_list":{"0":"post-16759","1":"product","2":"type-product","3":"status-publish","4":"has-post-thumbnail","6":"location-0-en-cde","7":"location-s38","8":"product_cat-art-de-la-table-de","9":"product_cat-gedeckt","10":"product_cat-neuheiten","11":"product_cat-toys-delight-de","12":"product_cat-villeroy-boch-de","13":"product_cat-weihnachten","14":"product_cat-winter","15":"product_tag-tortenheber","16":"product_tag-weihnachtsdekorationen","18":"first","19":"instock","20":"shipping-taxable","21":"purchasable","22":"product-type-simple"},"supplier_id":9071,"supplier_sku":"1265641870","barcode":"4003686450158","atum_controlled":true,"out_stock_date":"2025-02-24 11:32:04","out_stock_threshold":null,"inheritable":false,"inbound_stock":null,"stock_on_hold":0,"sold_today":0,"sales_last_days":0,"reserved_stock":null,"customer_returns":null,"warehouse_damage":null,"lost_in_post":null,"other_logs":null,"out_stock_days":144,"lost_sales":0,"has_location":true,"update_date":"2025-07-19T06:26:45","atum_locations":[{"id":977,"name":"0 EN CDE","slug":"0-en-cde"},{"id":1339,"name":"S38","slug":"s38"}],"atum_stock_status":"onbackorder","restock_status":false,"low_stock_amount":"","sales_update_date":"2025-07-19T06:26:45","calc_backorders":0,"locations":[],"_links":{"self":[{"href":"https:\/\/delices.lu\/de\/wp-json\/wp\/v2\/product\/16759","targetHints":{"allow":["GET"]}}],"collection":[{"href":"https:\/\/delices.lu\/de\/wp-json\/wp\/v2\/product"}],"about":[{"href":"https:\/\/delices.lu\/de\/wp-json\/wp\/v2\/types\/product"}],"wp:featuredmedia":[{"embeddable":true,"href":"https:\/\/delices.lu\/de\/wp-json\/wp\/v2\/media\/16760"}],"wp:attachment":[{"href":"https:\/\/delices.lu\/de\/wp-json\/wp\/v2\/media?parent=16759"}],"wp:term":[{"taxonomy":"location","embeddable":true,"href":"https:\/\/delices.lu\/de\/wp-json\/wp\/v2\/location?post=16759"},{"taxonomy":"product_brand","embeddable":true,"href":"https:\/\/delices.lu\/de\/wp-json\/wp\/v2\/product_brand?post=16759"},{"taxonomy":"product_cat","embeddable":true,"href":"https:\/\/delices.lu\/de\/wp-json\/wp\/v2\/product_cat?post=16759"},{"taxonomy":"product_tag","embeddable":true,"href":"https:\/\/delices.lu\/de\/wp-json\/wp\/v2\/product_tag?post=16759"}],"curies":[{"name":"wp","href":"https:\/\/api.w.org\/{rel}","templated":true}]}}