{"id":16761,"date":"2025-02-24T10:17:31","date_gmt":"2025-03-24T07:39:27","guid":{"rendered":"https:\/\/delices.lu\/produit\/toys-delight-suppenschuessel\/"},"modified":"2025-03-24T08:39:27","modified_gmt":"2025-03-24T07:39:27","slug":"toys-delight-suppenschuessel","status":"publish","type":"product","link":"https:\/\/delices.lu\/de\/produit\/toys-delight-suppenschuessel\/","title":{"rendered":"Toy&#8217;s Delight &#8211; Suppensch\u00fcssel"},"content":{"rendered":"<p><strong>Toy&#8217;s Delight &#8211; Suppentasse<\/strong><\/p>\n<p>Gro\u00dfe Schale mit zwei Henkeln f\u00fcr Partys, hei\u00dfe Schokolade und Wintersuppen.<\/p>\n","protected":false},"excerpt":{"rendered":"<p><strong>Toy&#8217;s Delight &#8211; Gro\u00dfe Suppentasse<\/strong><br \/>\nMaterial: Premium Porcelain<br \/>\nGewicht: ca. 284 gr<br \/>\nFarbe: wei\u00df\/rot<br \/>\nPflegehinweis: Handw\u00e4sche empfohlen<br \/>\nMikrowellengeeignet: ja<br \/>\nArtikelreferenz: 1485852511 <\/p>\n","protected":false},"featured_media":16763,"template":"","meta":[],"location":[976,1338],"product_brand":[],"product_cat":[1354,2451,2235,2450,1309,2230,2448],"product_tag":[2385,2607,2260,2608],"class_list":{"0":"post-16761","1":"product","2":"type-product","3":"status-publish","4":"has-post-thumbnail","6":"location-0-en-cde","7":"location-s38","8":"product_cat-art-de-la-table-de","9":"product_cat-neuheiten","10":"product_cat-tasse-de","11":"product_cat-toys-delight-de","12":"product_cat-villeroy-boch-de","13":"product_cat-weihnachten","14":"product_cat-winter","15":"product_tag-grose-tasse","16":"product_tag-suppentasse","17":"product_tag-tasse-ohne-untertasse","18":"product_tag-zwei-henkel","20":"first","21":"instock","22":"shipping-taxable","23":"purchasable","24":"product-type-simple"},"supplier_id":9071,"supplier_sku":"1485852511","barcode":"4003686449459","atum_controlled":true,"out_stock_date":"2025-02-24 10:33:02","out_stock_threshold":null,"inheritable":false,"inbound_stock":null,"stock_on_hold":0,"sold_today":0,"sales_last_days":0,"reserved_stock":null,"customer_returns":null,"warehouse_damage":null,"lost_in_post":null,"other_logs":null,"out_stock_days":144,"lost_sales":0,"has_location":true,"update_date":"2025-07-19T06:26:45","atum_locations":[{"id":977,"name":"0 EN CDE","slug":"0-en-cde"},{"id":1339,"name":"S38","slug":"s38"}],"atum_stock_status":"onbackorder","restock_status":false,"low_stock_amount":"","sales_update_date":"2025-07-19T06:26:45","calc_backorders":0,"locations":[],"_links":{"self":[{"href":"https:\/\/delices.lu\/de\/wp-json\/wp\/v2\/product\/16761","targetHints":{"allow":["GET"]}}],"collection":[{"href":"https:\/\/delices.lu\/de\/wp-json\/wp\/v2\/product"}],"about":[{"href":"https:\/\/delices.lu\/de\/wp-json\/wp\/v2\/types\/product"}],"wp:featuredmedia":[{"embeddable":true,"href":"https:\/\/delices.lu\/de\/wp-json\/wp\/v2\/media\/16763"}],"wp:attachment":[{"href":"https:\/\/delices.lu\/de\/wp-json\/wp\/v2\/media?parent=16761"}],"wp:term":[{"taxonomy":"location","embeddable":true,"href":"https:\/\/delices.lu\/de\/wp-json\/wp\/v2\/location?post=16761"},{"taxonomy":"product_brand","embeddable":true,"href":"https:\/\/delices.lu\/de\/wp-json\/wp\/v2\/product_brand?post=16761"},{"taxonomy":"product_cat","embeddable":true,"href":"https:\/\/delices.lu\/de\/wp-json\/wp\/v2\/product_cat?post=16761"},{"taxonomy":"product_tag","embeddable":true,"href":"https:\/\/delices.lu\/de\/wp-json\/wp\/v2\/product_tag?post=16761"}],"curies":[{"name":"wp","href":"https:\/\/api.w.org\/{rel}","templated":true}]}}