{"id":16766,"date":"2025-02-24T10:37:40","date_gmt":"2025-03-24T07:39:28","guid":{"rendered":"https:\/\/delices.lu\/produit\/toys-delight-royal-classic-keksdose\/"},"modified":"2025-03-24T08:39:28","modified_gmt":"2025-03-24T07:39:28","slug":"toys-delight-royal-classic-keksdose","status":"publish","type":"product","link":"https:\/\/delices.lu\/de\/produit\/toys-delight-royal-classic-keksdose\/","title":{"rendered":"Toy&#8217;s Delight &#8211; Royal Classic &#8211; Keksdose"},"content":{"rendered":"<p><strong>Toy&#8217;s Delight &#8211; Royal Classic &#8211; Keksdose<\/strong><br \/>\nToy&#8217;s Delight Royal Classic verzaubert mit seinen sch\u00f6nen Accessoires und einer Serie von klassischem, makellos wei\u00dfem Geschirr mit einem Relief aus hochwertigem Porzellan. Dieses Relief zeichnet poetische Weihnachtsmotive wie Stechpalmenbl\u00e4tter und typische Figuren aus dem Erzgebirge. Diese Kollektion passt perfekt zu den weihnachtlich gestalteten Toy&#8217;s Delight St\u00fccken. Ob Sie nun Beilagen zu Ihrem Festtagsessen oder Ihre Lieblingsgeb\u00e4cke darauf servieren, diese vielseitige Schale ist elegant und praktisch zugleich. Feiern Sie Weihnachten mit sch\u00f6nen St\u00fccken im klassischen, klaren Stil.    <\/p>\n","protected":false},"excerpt":{"rendered":"<p><strong>Toy&#8217;s Delight &#8211; Royal Classic &#8211; Keksdose<br \/>\n<\/strong>Material: Premium Porcelain<br \/>\nH\u00f6he: ca. 153 mm<br \/>\nVolumen: ca. 2270 ml<br \/>\nWei\u00df und Reliefs<br \/>\nMikrowellen- und sp\u00fclmaschinenfest<br \/>\nArtikelreferenz 1486584501 <\/p>\n","protected":false},"featured_media":16767,"template":"","meta":[],"location":[976],"product_brand":[],"product_cat":[2491,2451,2450,1309,2230,2448],"product_tag":[2500,2461,2166],"class_list":{"0":"post-16766","1":"product","2":"type-product","3":"status-publish","4":"has-post-thumbnail","6":"location-0-en-cde","7":"product_cat-box","8":"product_cat-neuheiten","9":"product_cat-toys-delight-de","10":"product_cat-villeroy-boch-de","11":"product_cat-weihnachten","12":"product_cat-winter","13":"product_tag-keksdose","14":"product_tag-weihnachtsrelief","15":"product_tag-weis","17":"first","18":"instock","19":"shipping-taxable","20":"purchasable","21":"product-type-simple"},"supplier_id":9071,"supplier_sku":"1486584501","barcode":"4003686393080","atum_controlled":true,"out_stock_date":"2025-02-24 10:47:44","out_stock_threshold":0,"inheritable":false,"inbound_stock":null,"stock_on_hold":0,"sold_today":0,"sales_last_days":0,"reserved_stock":null,"customer_returns":null,"warehouse_damage":null,"lost_in_post":null,"other_logs":null,"out_stock_days":296,"lost_sales":0,"has_location":true,"update_date":"2025-12-17T15:19:26","atum_locations":[{"id":977,"name":"0 EN CDE","slug":"0-en-cde"}],"atum_stock_status":"instock","restock_status":false,"low_stock_amount":"","sales_update_date":"2025-12-17T15:19:26","calc_backorders":0,"locations":[],"_links":{"self":[{"href":"https:\/\/delices.lu\/de\/wp-json\/wp\/v2\/product\/16766","targetHints":{"allow":["GET"]}}],"collection":[{"href":"https:\/\/delices.lu\/de\/wp-json\/wp\/v2\/product"}],"about":[{"href":"https:\/\/delices.lu\/de\/wp-json\/wp\/v2\/types\/product"}],"wp:featuredmedia":[{"embeddable":true,"href":"https:\/\/delices.lu\/de\/wp-json\/wp\/v2\/media\/16767"}],"wp:attachment":[{"href":"https:\/\/delices.lu\/de\/wp-json\/wp\/v2\/media?parent=16766"}],"wp:term":[{"taxonomy":"location","embeddable":true,"href":"https:\/\/delices.lu\/de\/wp-json\/wp\/v2\/location?post=16766"},{"taxonomy":"product_brand","embeddable":true,"href":"https:\/\/delices.lu\/de\/wp-json\/wp\/v2\/product_brand?post=16766"},{"taxonomy":"product_cat","embeddable":true,"href":"https:\/\/delices.lu\/de\/wp-json\/wp\/v2\/product_cat?post=16766"},{"taxonomy":"product_tag","embeddable":true,"href":"https:\/\/delices.lu\/de\/wp-json\/wp\/v2\/product_tag?post=16766"}],"curies":[{"name":"wp","href":"https:\/\/api.w.org\/{rel}","templated":true}]}}