{"id":16772,"date":"2025-02-24T11:05:04","date_gmt":"2025-03-24T07:39:29","guid":{"rendered":"https:\/\/delices.lu\/produit\/toys-delight-karaffe\/"},"modified":"2025-03-24T08:39:29","modified_gmt":"2025-03-24T07:39:29","slug":"toys-delight-karaffe","status":"publish","type":"product","link":"https:\/\/delices.lu\/de\/produit\/toys-delight-karaffe\/","title":{"rendered":"Toy&#8217;s Delight &#8211; Karaffe"},"content":{"rendered":"<p><strong>Toy&#8217;s Delight &#8211; Wasserkaraffe &#8211; Fruchtsaftkrug<\/strong><br \/>\nDiese Kristallkaraffe aus der Toy&#8217;s Delight Kollektion von Villeroy &amp; Boch ist mit bezaubernden Spielzeugmotiven aus dem Erzgebirge verziert und eignet sich sowohl zum Sammeln als auch als Geschenk f\u00fcr Ihre Lieben. Dank seiner originellen Form und der hochwertigen Dekoration eignet sich dieser Wasserkrug perfekt zum Servieren von Weihnachtscocktails, Mocktails und anderen erfrischenden Getr\u00e4nken. Besorgen Sie sich ein originelles St\u00fcck und genie\u00dfen Sie es auf festliche Weise.  <\/p>\n","protected":false},"excerpt":{"rendered":"<p><strong>Toy&#8217;s Delight &#8211; Wasserkrug<\/strong><br \/>\nMATERIAL: kristallklar<br \/>\nDURCHMESSER: ca. 85 mm<br \/>\nGR\u00d6\u00dfE: ca. 270 mm<br \/>\nVOLUMEN: ca. 1000 ml<br \/>\nFARBE: transparent<br \/>\nGARANTIERT GESCHIRRSP\u00dcLERFREUNDLICH :Ja<br \/>\nMIKROWELLENKOMPATIBEL: Nein<br \/>\nREF. ARTIKEL: 1137760420 <\/p>\n","protected":false},"featured_media":16774,"template":"","meta":[],"location":[976,1338],"product_brand":[],"product_cat":[1354,2612,2451,2450,1309,2230,2448],"product_tag":[2614,2613,2233],"class_list":{"0":"post-16772","1":"product","2":"type-product","3":"status-publish","4":"has-post-thumbnail","6":"location-0-en-cde","7":"location-s38","8":"product_cat-art-de-la-table-de","9":"product_cat-karaffe","10":"product_cat-neuheiten","11":"product_cat-toys-delight-de","12":"product_cat-villeroy-boch-de","13":"product_cat-weihnachten","14":"product_cat-winter","15":"product_tag-karaffe","16":"product_tag-krug-de-2","17":"product_tag-weihnachtsdekorationen","19":"first","20":"instock","21":"shipping-taxable","22":"purchasable","23":"product-type-simple"},"supplier_id":9071,"supplier_sku":"1137760420","barcode":"4003686449145","atum_controlled":true,"out_stock_date":"2025-02-24 11:17:52","out_stock_threshold":null,"inheritable":false,"inbound_stock":null,"stock_on_hold":0,"sold_today":0,"sales_last_days":0,"reserved_stock":null,"customer_returns":null,"warehouse_damage":null,"lost_in_post":null,"other_logs":null,"out_stock_days":144,"lost_sales":0,"has_location":true,"update_date":"2025-07-19T06:26:45","atum_locations":[{"id":977,"name":"0 EN CDE","slug":"0-en-cde"},{"id":1339,"name":"S38","slug":"s38"}],"atum_stock_status":"onbackorder","restock_status":false,"low_stock_amount":"","sales_update_date":"2025-07-19T06:26:45","calc_backorders":0,"locations":[],"_links":{"self":[{"href":"https:\/\/delices.lu\/de\/wp-json\/wp\/v2\/product\/16772","targetHints":{"allow":["GET"]}}],"collection":[{"href":"https:\/\/delices.lu\/de\/wp-json\/wp\/v2\/product"}],"about":[{"href":"https:\/\/delices.lu\/de\/wp-json\/wp\/v2\/types\/product"}],"wp:featuredmedia":[{"embeddable":true,"href":"https:\/\/delices.lu\/de\/wp-json\/wp\/v2\/media\/16774"}],"wp:attachment":[{"href":"https:\/\/delices.lu\/de\/wp-json\/wp\/v2\/media?parent=16772"}],"wp:term":[{"taxonomy":"location","embeddable":true,"href":"https:\/\/delices.lu\/de\/wp-json\/wp\/v2\/location?post=16772"},{"taxonomy":"product_brand","embeddable":true,"href":"https:\/\/delices.lu\/de\/wp-json\/wp\/v2\/product_brand?post=16772"},{"taxonomy":"product_cat","embeddable":true,"href":"https:\/\/delices.lu\/de\/wp-json\/wp\/v2\/product_cat?post=16772"},{"taxonomy":"product_tag","embeddable":true,"href":"https:\/\/delices.lu\/de\/wp-json\/wp\/v2\/product_tag?post=16772"}],"curies":[{"name":"wp","href":"https:\/\/api.w.org\/{rel}","templated":true}]}}