{"id":16779,"date":"2024-12-28T00:00:21","date_gmt":"2025-03-24T07:47:21","guid":{"rendered":"https:\/\/delices.lu\/produit\/la-boule-beige\/"},"modified":"2025-03-24T08:47:21","modified_gmt":"2025-03-24T07:47:21","slug":"la-boule-beige","status":"publish","type":"product","link":"https:\/\/delices.lu\/de\/produit\/la-boule-beige\/","title":{"rendered":"La Boule Beige"},"content":{"rendered":"<p><strong>Ein modernes und symboltr\u00e4chtiges Porzellanservice in Beige<\/strong>, das <strong>alle Blicke auf sich zieht<\/strong><br \/>\nDieses elegante Porzellanservice wird durch seine einzigartige Form hervorgehoben. Das Design des Boule Beige beinhaltet ein wirklich modernes Tafelservice f\u00fcr zwei Personen. Die sch\u00f6ne Kombination von Beige und Grau verleiht diesem hochwertigen Geschirrset eine zeitlose Note. Die doppelte Farbgebung erm\u00f6glicht eine subtile Kombination von matt und gl\u00e4nzend, was dieses Porzellan-Geschirrset noch einzigartiger macht. Dieses Geschirrset f\u00fcr 2 Personen l\u00e4sst sich zu einem au\u00dfergew\u00f6hnlichen Dekorationsst\u00fcck zusammenf\u00fcgen, das Sie leicht zu Hause ausstellen oder an Ihre Lieben verschenken k\u00f6nnen. Die inspirierende &#8220;Boule Beige&#8221; wird Ihre Gerichte hervorheben und Ihren Gaumen erfreuen. Die Kurven und Farben des beige-grauen Tafelservice spielen auf zwei Ebenen: Dekoration und Zweckm\u00e4\u00dfigkeit! Die Teile dieses Porzellanservices sind rund und machen das Essen zu einem gemeinsamen Erlebnis f\u00fcr zwei. Versch\u00f6nern Sie Ihren Tisch und Ihr Zuhause mit einem subtilen Design.        <\/p>\n","protected":false},"excerpt":{"rendered":"<p><strong>La Boule Beige<br \/>\n7-teiliges Tafelservice<\/strong><br \/>\nMaterial: Premium Porcelain<br \/>\nGewicht: ca. 4,14 kg<br \/>\nsp\u00fclmaschinenfest<br \/>\nmikrowellengeeignet<br \/>\nGeschenkverpackung: kostenlos, auf Anfrage<br \/>\nArtikel-Nr.: 1016659097 <\/p>\n","protected":false},"featured_media":16783,"template":"","meta":[],"location":[959],"product_brand":[],"product_cat":[1354,1311,2429,1309],"product_tag":[2615,2343,743,2430,2431],"class_list":{"0":"post-16779","1":"product","2":"type-product","3":"status-publish","4":"has-post-thumbnail","6":"location-0-shop","7":"product_cat-art-de-la-table-de","8":"product_cat-dekoration","9":"product_cat-die-kugel","10":"product_cat-villeroy-boch-de","11":"product_tag-7-stuck","12":"product_tag-beige-de","13":"product_tag-decoration-de","14":"product_tag-die-kugel","15":"product_tag-tischservice","17":"first","18":"instock","19":"sold-individually","20":"shipping-taxable","21":"purchasable","22":"product-type-simple"},"supplier_id":9071,"supplier_sku":"1016659097","barcode":"4003686413894","atum_controlled":true,"out_stock_date":null,"out_stock_threshold":0,"inheritable":false,"inbound_stock":0,"stock_on_hold":0,"sold_today":0,"sales_last_days":0,"reserved_stock":0,"customer_returns":0,"warehouse_damage":0,"lost_in_post":0,"other_logs":0,"out_stock_days":0,"lost_sales":0,"has_location":true,"update_date":"2025-07-19T06:26:43","atum_locations":[{"id":960,"name":"0 SHOP","slug":"0-shop"}],"atum_stock_status":"instock","restock_status":false,"low_stock_amount":"","sales_update_date":"2025-07-19T06:26:43","calc_backorders":0,"locations":[],"_links":{"self":[{"href":"https:\/\/delices.lu\/de\/wp-json\/wp\/v2\/product\/16779","targetHints":{"allow":["GET"]}}],"collection":[{"href":"https:\/\/delices.lu\/de\/wp-json\/wp\/v2\/product"}],"about":[{"href":"https:\/\/delices.lu\/de\/wp-json\/wp\/v2\/types\/product"}],"wp:featuredmedia":[{"embeddable":true,"href":"https:\/\/delices.lu\/de\/wp-json\/wp\/v2\/media\/16783"}],"wp:attachment":[{"href":"https:\/\/delices.lu\/de\/wp-json\/wp\/v2\/media?parent=16779"}],"wp:term":[{"taxonomy":"location","embeddable":true,"href":"https:\/\/delices.lu\/de\/wp-json\/wp\/v2\/location?post=16779"},{"taxonomy":"product_brand","embeddable":true,"href":"https:\/\/delices.lu\/de\/wp-json\/wp\/v2\/product_brand?post=16779"},{"taxonomy":"product_cat","embeddable":true,"href":"https:\/\/delices.lu\/de\/wp-json\/wp\/v2\/product_cat?post=16779"},{"taxonomy":"product_tag","embeddable":true,"href":"https:\/\/delices.lu\/de\/wp-json\/wp\/v2\/product_tag?post=16779"}],"curies":[{"name":"wp","href":"https:\/\/api.w.org\/{rel}","templated":true}]}}