{"id":16790,"date":"2024-12-29T00:00:07","date_gmt":"2025-03-24T07:47:22","guid":{"rendered":"https:\/\/delices.lu\/produit\/ovale-servierplatte\/"},"modified":"2025-03-24T08:47:22","modified_gmt":"2025-03-24T07:47:22","slug":"ovale-servierplatte","status":"publish","type":"product","link":"https:\/\/delices.lu\/de\/produit\/ovale-servierplatte\/","title":{"rendered":"Ovale Servierplatte"},"content":{"rendered":"<p><strong>Servierplatte f\u00fcr Hauptgerichte und Beilagen<\/strong><br \/>\nMit der Toy&#8217;s Delight Kollektion schaffen Sie zu Hause eine Retro-Weihnachtsatmosph\u00e4re. Das Geschirr ist mit fantasievollen Mustern in Rot, Gr\u00fcn und Wei\u00df verziert und weckt Kindheitserinnerungen. Zum Kombinieren, Sammeln und Verschenken. Auf diesem Teller k\u00f6nnen Sie Fleisch oder Beilagen bei einem festlichen Weihnachtsessen optimal zur Geltung bringen. \u00dcberraschen Sie mit stilvoll servierten Leckereien.    <\/p>\n","protected":false},"excerpt":{"rendered":"<p><strong>Toy&#8217;s Delight Servierplatte, oval<\/strong><br \/>\nMaterial: Premium Porcelain<br \/>\nMa\u00dfe: ca. 38 x 23,5 cm<br \/>\nGewicht: ca. 1,06 kg<br \/>\nmehrfarbig\/rot\/wei\u00df<br \/>\nmikrowellengeeignet<br \/>\nArtikelreferenz 1485852920 <\/p>\n","protected":false},"featured_media":16794,"template":"","meta":[],"location":[959,901],"product_brand":[],"product_cat":[1354,2231,2287,1309,2230],"product_tag":[2316,2350,2366,2313,2233,2166],"class_list":{"0":"post-16790","1":"product","2":"type-product","3":"status-publish","4":"has-post-thumbnail","6":"location-0-shop","7":"location-15-2","8":"product_cat-art-de-la-table-de","9":"product_cat-teller","10":"product_cat-teller-de","11":"product_cat-villeroy-boch-de","12":"product_cat-weihnachten","13":"product_tag-groser-teller","14":"product_tag-oval","15":"product_tag-rot","16":"product_tag-servierplatte","17":"product_tag-weihnachtsdekorationen","18":"product_tag-weis","20":"first","21":"instock","22":"shipping-taxable","23":"purchasable","24":"product-type-simple"},"supplier_id":9071,"supplier_sku":"1485852920","barcode":"4003686288294","atum_controlled":true,"out_stock_date":null,"out_stock_threshold":null,"inheritable":false,"inbound_stock":0,"stock_on_hold":0,"sold_today":0,"sales_last_days":0,"reserved_stock":null,"customer_returns":null,"warehouse_damage":null,"lost_in_post":null,"other_logs":null,"out_stock_days":0,"lost_sales":0,"has_location":false,"update_date":"2025-07-19T06:26:43","atum_locations":[{"id":960,"name":"0 SHOP","slug":"0-shop"},{"id":810,"name":"152","slug":"152"}],"atum_stock_status":"instock","restock_status":false,"low_stock_amount":"","sales_update_date":"2025-07-19T06:26:43","calc_backorders":0,"locations":[],"_links":{"self":[{"href":"https:\/\/delices.lu\/de\/wp-json\/wp\/v2\/product\/16790","targetHints":{"allow":["GET"]}}],"collection":[{"href":"https:\/\/delices.lu\/de\/wp-json\/wp\/v2\/product"}],"about":[{"href":"https:\/\/delices.lu\/de\/wp-json\/wp\/v2\/types\/product"}],"wp:featuredmedia":[{"embeddable":true,"href":"https:\/\/delices.lu\/de\/wp-json\/wp\/v2\/media\/16794"}],"wp:attachment":[{"href":"https:\/\/delices.lu\/de\/wp-json\/wp\/v2\/media?parent=16790"}],"wp:term":[{"taxonomy":"location","embeddable":true,"href":"https:\/\/delices.lu\/de\/wp-json\/wp\/v2\/location?post=16790"},{"taxonomy":"product_brand","embeddable":true,"href":"https:\/\/delices.lu\/de\/wp-json\/wp\/v2\/product_brand?post=16790"},{"taxonomy":"product_cat","embeddable":true,"href":"https:\/\/delices.lu\/de\/wp-json\/wp\/v2\/product_cat?post=16790"},{"taxonomy":"product_tag","embeddable":true,"href":"https:\/\/delices.lu\/de\/wp-json\/wp\/v2\/product_tag?post=16790"}],"curies":[{"name":"wp","href":"https:\/\/api.w.org\/{rel}","templated":true}]}}