{"id":16800,"date":"2025-02-12T00:00:33","date_gmt":"2025-03-24T07:47:23","guid":{"rendered":"https:\/\/delices.lu\/produit\/manufaktur-schwarze-halskette-duftkerze\/"},"modified":"2025-03-24T08:47:23","modified_gmt":"2025-03-24T07:47:23","slug":"manufaktur-schwarze-halskette-duftkerze","status":"publish","type":"product","link":"https:\/\/delices.lu\/de\/produit\/manufaktur-schwarze-halskette-duftkerze\/","title":{"rendered":"Manufaktur Schwarze Halskette Duftkerze"},"content":{"rendered":"<p><strong>Duftkerze f\u00fcr ein einladendes und stilvolles Zuhause.<\/strong><br \/>\nEine stilvolle Wohnkollektion, die die Manufaktur-Kollektion von Villeroy &amp; Boch erg\u00e4nzt: der perfekte Look f\u00fcr ausdrucksstarke Tischkonzepte und stilvolle Interieurs.<br \/>\nDie Geschenkverpackung aus hochwertigem Karton macht das Verpacken von Geschenken einfach.<br \/>\nDuft Passion: Dieser zarte Blumenduft wird in der Kopfnote durch einen frisch gepfl\u00fcckten Apfel bereichert, der auf einem Herz aus zarten Pfingstrosen- und Jasminbl\u00fcten liegt. Die Basis besteht aus dunklen H\u00f6lzern, goldenem Amber und raffinierten Ledernoten. Eine dekorative Duftkerze, um warme Noten in Ihrem Zuhause zu schaffen. Sie ist auch eine perfekte Geschenkidee. Nach dem Abbrennen kann diese Duftkerze als multifunktionales Objekt (Bleistiftbecher, Vase) verwendet werden. Brenndauer: 40 Stunden Als Geschenk oder f\u00fcr sich selbst! Villeroy &amp; Boch      <\/p>\n","protected":false},"excerpt":{"rendered":"<p><strong>Manufaktur Schwarze Halskette Duftkerze Carre<\/strong><br \/>\nMATERIAL: Hochwertiges Porzellan Wachs<br \/>\nDURCHMESSER: ca. 85 mm<br \/>\nGR\u00d6SSE: ca. 280 ml<br \/>\nFARBE: schwarz<br \/>\nGARANTIE SP\u00dcLMASCHINENGARANTIE: Nicht<br \/>\nMIKROWELLENGER\u00c4TEKOMPATIBEL: Nicht<br \/>\nREF. ARTIKEL: 1016827891 <\/p>\n","protected":false},"featured_media":16802,"template":"","meta":[],"location":[959],"product_brand":[],"product_cat":[1311,2399,1309],"product_tag":[743,2400,2401,2285],"class_list":{"0":"post-16800","1":"product","2":"type-product","3":"status-publish","4":"has-post-thumbnail","6":"location-0-shop","7":"product_cat-dekoration","8":"product_cat-kerze","9":"product_cat-villeroy-boch-de","10":"product_tag-decoration-de","11":"product_tag-kerze","12":"product_tag-kerzenhalter","13":"product_tag-schwarz","15":"first","16":"instock","17":"shipping-taxable","18":"purchasable","19":"product-type-simple"},"supplier_id":9071,"supplier_sku":"1016827891","barcode":"4003686420779","atum_controlled":true,"out_stock_date":null,"out_stock_threshold":0,"inheritable":false,"inbound_stock":0,"stock_on_hold":0,"sold_today":0,"sales_last_days":0,"reserved_stock":0,"customer_returns":0,"warehouse_damage":null,"lost_in_post":0,"other_logs":0,"out_stock_days":0,"lost_sales":0,"has_location":false,"update_date":"2025-07-19T06:26:43","atum_locations":[{"id":960,"name":"0 SHOP","slug":"0-shop"}],"atum_stock_status":"instock","restock_status":false,"low_stock_amount":"","sales_update_date":"2025-07-19T06:26:43","calc_backorders":null,"locations":[],"_links":{"self":[{"href":"https:\/\/delices.lu\/de\/wp-json\/wp\/v2\/product\/16800","targetHints":{"allow":["GET"]}}],"collection":[{"href":"https:\/\/delices.lu\/de\/wp-json\/wp\/v2\/product"}],"about":[{"href":"https:\/\/delices.lu\/de\/wp-json\/wp\/v2\/types\/product"}],"wp:featuredmedia":[{"embeddable":true,"href":"https:\/\/delices.lu\/de\/wp-json\/wp\/v2\/media\/16802"}],"wp:attachment":[{"href":"https:\/\/delices.lu\/de\/wp-json\/wp\/v2\/media?parent=16800"}],"wp:term":[{"taxonomy":"location","embeddable":true,"href":"https:\/\/delices.lu\/de\/wp-json\/wp\/v2\/location?post=16800"},{"taxonomy":"product_brand","embeddable":true,"href":"https:\/\/delices.lu\/de\/wp-json\/wp\/v2\/product_brand?post=16800"},{"taxonomy":"product_cat","embeddable":true,"href":"https:\/\/delices.lu\/de\/wp-json\/wp\/v2\/product_cat?post=16800"},{"taxonomy":"product_tag","embeddable":true,"href":"https:\/\/delices.lu\/de\/wp-json\/wp\/v2\/product_tag?post=16800"}],"curies":[{"name":"wp","href":"https:\/\/api.w.org\/{rel}","templated":true}]}}