{"id":16801,"date":"2025-01-08T00:00:45","date_gmt":"2025-03-24T07:47:23","guid":{"rendered":"https:\/\/delices.lu\/produit\/christmas-toys-memory-schneemann\/"},"modified":"2025-03-24T08:47:23","modified_gmt":"2025-03-24T07:47:23","slug":"christmas-toys-memory-schneemann","status":"publish","type":"product","link":"https:\/\/delices.lu\/de\/produit\/christmas-toys-memory-schneemann\/","title":{"rendered":"Christmas Toys Memory &#8211; Schneemann"},"content":{"rendered":"<p><strong>Handbemalte Retro-Weihnachtsdekoration<\/strong><br \/>\nDie dekorativen Details der Christmas Toys Memory Kollektion in traditionellen Weihnachtsfarben und mit nostalgisch sch\u00f6nen Motiven lassen die Augen von Gro\u00df und Klein leuchten. Diese Figur wurde mit viel Liebe zum Detail in weihnachtlichen Farben bemalt und wird Ihren R\u00e4umen einen festlichen Glanz verleihen. Holen Sie sich jetzt diese Christmas Toys Figur und dekorieren Sie Ihr Zuhause festlich.  <\/p>\n","protected":false},"excerpt":{"rendered":"<p><strong>Christmas Toys Memory<br \/>\nSchneemann<\/strong><br \/>\nMaterial: Hochwertiges Porzellan<br \/>\nGr\u00f6\u00dfe: 14 x 12 x 37 cm<br \/>\nGewicht: ca. 4 kg<br \/>\nMehrfarbig<br \/>\nArtikelnummer: 1486026545 <\/p>\n","protected":false},"featured_media":16804,"template":"","meta":[],"location":[959,922],"product_brand":[],"product_cat":[1311,2480,1309,2230],"product_tag":[2493,2611,2565],"class_list":{"0":"post-16801","1":"product","2":"type-product","3":"status-publish","4":"has-post-thumbnail","6":"location-0-shop","7":"location-19-3","8":"product_cat-dekoration","9":"product_cat-musikbox","10":"product_cat-villeroy-boch-de","11":"product_cat-weihnachten","12":"product_tag-handbemalt","13":"product_tag-mehrfarbig","14":"product_tag-schneemann","16":"first","17":"instock","18":"sold-individually","19":"shipping-taxable","20":"purchasable","21":"product-type-simple"},"supplier_id":9071,"supplier_sku":"1486026545","barcode":"4003686441279","atum_controlled":true,"out_stock_date":"2025-01-09 14:47:22","out_stock_threshold":null,"inheritable":false,"inbound_stock":0,"stock_on_hold":0,"sold_today":0,"sales_last_days":0,"reserved_stock":null,"customer_returns":null,"warehouse_damage":null,"lost_in_post":null,"other_logs":null,"out_stock_days":190,"lost_sales":0,"has_location":true,"update_date":"2025-07-19T06:26:43","atum_locations":[{"id":960,"name":"0 SHOP","slug":"0-shop"},{"id":791,"name":"193","slug":"193"}],"atum_stock_status":"onbackorder","restock_status":false,"low_stock_amount":"","sales_update_date":"2025-07-19T06:26:43","calc_backorders":0,"locations":[],"_links":{"self":[{"href":"https:\/\/delices.lu\/de\/wp-json\/wp\/v2\/product\/16801","targetHints":{"allow":["GET"]}}],"collection":[{"href":"https:\/\/delices.lu\/de\/wp-json\/wp\/v2\/product"}],"about":[{"href":"https:\/\/delices.lu\/de\/wp-json\/wp\/v2\/types\/product"}],"wp:featuredmedia":[{"embeddable":true,"href":"https:\/\/delices.lu\/de\/wp-json\/wp\/v2\/media\/16804"}],"wp:attachment":[{"href":"https:\/\/delices.lu\/de\/wp-json\/wp\/v2\/media?parent=16801"}],"wp:term":[{"taxonomy":"location","embeddable":true,"href":"https:\/\/delices.lu\/de\/wp-json\/wp\/v2\/location?post=16801"},{"taxonomy":"product_brand","embeddable":true,"href":"https:\/\/delices.lu\/de\/wp-json\/wp\/v2\/product_brand?post=16801"},{"taxonomy":"product_cat","embeddable":true,"href":"https:\/\/delices.lu\/de\/wp-json\/wp\/v2\/product_cat?post=16801"},{"taxonomy":"product_tag","embeddable":true,"href":"https:\/\/delices.lu\/de\/wp-json\/wp\/v2\/product_tag?post=16801"}],"curies":[{"name":"wp","href":"https:\/\/api.w.org\/{rel}","templated":true}]}}